{"id":332,"date":"2015-02-14T01:23:21","date_gmt":"2015-02-13T16:23:21","guid":{"rendered":"http:\/\/www.iwb.co.jp\/demo\/?page_id=332"},"modified":"2025-08-29T16:39:23","modified_gmt":"2025-08-29T07:39:23","slug":"downloads","status":"publish","type":"page","link":"https:\/\/jtis.tokyo\/fr\/downloads\/","title":{"rendered":"T\u00e9l\u00e9chargements"},"content":{"rendered":"\n<div class=\"container\">\n<div class=\"row\">\n<div class=\"col-md-9\">\n<div class=\"row\">\n<p><!-- contents --><\/p>\n<div class=\"col-sm-12\">\n<div class=\"sab-contents-outer\">\n<div class=\"col-sm-12\">\n<div class=\"sab-contents-box basic-text\">\n<h3>Formulaire d&rsquo;admission pour les cours de longue dur\u00e9e<\/h3>\n<div class=\"downloads\">\n<ul>\n<li><a href=\"https:\/\/jtis.tokyo\/fr\/wp-content\/uploads\/sites\/8\/2025\/08\/2026Fees-and-Rules.pdf\">Tarifs et r\u00e8gles<br><\/a><\/li>\n<li><a href=\"https:\/\/jtis.tokyo\/fr\/wp-content\/uploads\/sites\/8\/2025\/08\/2026Application-Form.pdf\">demande d&rsquo;admission dans une \u00e9cole<\/a><\/li>\n<\/ul>\n<\/div>\n<\/div>\n<\/div>\n<div class=\"col-md-6\">\n<div class=\"sab-contents-box basic-text\">\n<h3>Formulaire d&rsquo;admission pour les cours de courte dur\u00e9e<\/h3>\n<div class=\"downloads\">\n<ul>\n<li><a href=\"\/wp-content\/uploads\/2015\/08\/Application-forms-short-term-course.pdf\">Formulaire de demande pour le court terme<\/a><\/li>\n<\/ul>\n<\/div>\n<\/div>\n<\/div>\n<\/div>\n<div class=\"sab-contents-box-space\">&nbsp;<\/div>\n<div class=\"sab-contents-box-space\">&nbsp;<\/div>\n<\/div>\n<p><!-- contents END --><\/p>\n<\/div>\n<\/div>\n<p><!--END 9--><\/p>\n<p><!--side 3--><\/p>\n<div class=\"col-md-3 hidden-xs\">\n<div id=\"side-container\">\n<div id=\"side-2\">\n<div id=\"side-header-basic\">\n<h4 class=\"center-text\">Pour nous contacter<\/h4>\n<\/div>\n<div class=\"side-inner-2\">HoshinoBuilding8-11-10,<br>NishiShinjuku,Shinjuku,Tokyo,<br>Japan,160-0023<br>TEL\uff1a+81-3-3363-2171<br>FAX\uff1a+81-3-3363-2175<br>E-MAIL\uff1a<a href=\"mailto:info@jtis.tokyo\">info@jtis.tokyo<\/a>\n<p>&nbsp;<\/p>\n<figure><a href=\"https:\/\/jtis.tokyo\/fr\/contact\"><img src=\"https:\/\/jtis.tokyo\/wp-content\/themes\/jtis-fr\/images\/contact-s.png\" alt=\"\"><\/a><\/figure><figure><a href=\"https:\/\/jtis.tokyo\/fr\/downloads\"><img src=\"https:\/\/jtis.tokyo\/wp-content\/themes\/jtis-fr\/images\/download-s.png\" alt=\"\"><\/a><\/figure><div class=\"download-side\"><br><\/div>\n<\/div>\n<div id=\"side-footer\">&nbsp;<\/div>\n<\/div>\n<div id=\"side\">\n<div class=\"side-inner\">\n<h4 class=\"center-text\"><i class=\"glyphicon glyphicon-list\"><\/i>&nbsp;M\u00eame cat\u00e9gorie que<\/h4>\n<ul>\n<li><a href=\"https:\/\/jtis.tokyo\/fr\/courses\/long\">Japonais D\u00e9taill\u00e9 (A partir de cours intensifs de courte dur\u00e9e jusqu\u2019\u00e0 des cours de longue dur\u00e9e)<\/a><\/li>\n<li><a href=\"https:\/\/jtis.tokyo\/fr\/achievements\/achievements\/\">Le processus d\u2019orientation professionnelle<\/a><\/li>\n<li><a href=\"https:\/\/jtis.tokyo\/fr\/achievements\/admission\/\">Carri\u00e8res apr\u00e8s l\u2019obtention du dipl\u00f4me<\/a><\/li>\n<li><a href=\"https:\/\/jtis.tokyo\/fr\/achievements\/option\/\">Cours en option<\/a><\/li>\n<li><a href=\"https:\/\/jtis.tokyo\/fr\/achievements\/texts\/\">Mat\u00e9riel p\u00e9dagogique et photos<\/a><\/li>\n<\/ul>\n<\/div>\n<\/div>\n<\/div>\n<\/div>\n<\/div>\n<\/div>\n","protected":false},"excerpt":{"rendered":"<p>Formulaire d&rsquo;admission pour les cours de longue dur\u00e9e Tarifs et r\u00e8gles demande d&rsquo;admission dans une \u00e9cole Formulaire d&rsquo;admission pour les cours de courte dur\u00e9e Formulaire de demande pour le court terme &nbsp; &nbsp; Pour nous contacter HoshinoBuilding8-11-10,NishiShinjuku,Shinjuku,Tokyo,Japan,160-0023TEL\uff1a+81-3-3363-2171FAX\uff1a+81-3-3363-2175E-MAIL\uff1ainfo@jtis.tokyo &nbsp; &nbsp; &nbsp;M\u00eame cat\u00e9gorie que Japonais D\u00e9taill\u00e9 (A partir de cours intensifs de courte dur\u00e9e jusqu\u2019\u00e0 des cours [&hellip;]<\/p>\n","protected":false},"author":1,"featured_media":1291,"parent":0,"menu_order":7,"comment_status":"open","ping_status":"closed","template":"main.php","meta":[],"_links":{"self":[{"href":"https:\/\/jtis.tokyo\/fr\/wp-json\/wp\/v2\/pages\/332"}],"collection":[{"href":"https:\/\/jtis.tokyo\/fr\/wp-json\/wp\/v2\/pages"}],"about":[{"href":"https:\/\/jtis.tokyo\/fr\/wp-json\/wp\/v2\/types\/page"}],"author":[{"embeddable":true,"href":"https:\/\/jtis.tokyo\/fr\/wp-json\/wp\/v2\/users\/1"}],"replies":[{"embeddable":true,"href":"https:\/\/jtis.tokyo\/fr\/wp-json\/wp\/v2\/comments?post=332"}],"version-history":[{"count":20,"href":"https:\/\/jtis.tokyo\/fr\/wp-json\/wp\/v2\/pages\/332\/revisions"}],"predecessor-version":[{"id":1745,"href":"https:\/\/jtis.tokyo\/fr\/wp-json\/wp\/v2\/pages\/332\/revisions\/1745"}],"wp:featuredmedia":[{"embeddable":true,"href":"https:\/\/jtis.tokyo\/fr\/wp-json\/wp\/v2\/media\/1291"}],"wp:attachment":[{"href":"https:\/\/jtis.tokyo\/fr\/wp-json\/wp\/v2\/media?parent=332"}],"curies":[{"name":"wp","href":"https:\/\/api.w.org\/{rel}","templated":true}]}}