{"id":276,"date":"2015-01-19T16:34:59","date_gmt":"2015-01-19T07:34:59","guid":{"rendered":"http:\/\/localhost\/wordpress\/?page_id=276"},"modified":"2021-05-28T14:38:37","modified_gmt":"2021-05-28T05:38:37","slug":"contact","status":"publish","type":"page","link":"https:\/\/jtis.tokyo\/fr\/contact\/","title":{"rendered":"Contactez-nous"},"content":{"rendered":"<div class=\"container\">\n<div class=\"row\">\n<div class=\"col-md-9\">\n<div class=\"row\">\n<p><!-- contents --><\/p>\n<div class=\"col-sm-12 col-md-12\">\n<div class=\"sab-contents-outer\">\n<div class=\"contact-notice red-text\">*L&rsquo;\u00e9cole est ferm\u00e9e le week-end et les jours f\u00e9ri\u00e9s.<\/div>\n<\/div>\n<p><img src=\"https:\/\/jtis.tokyo\/wp-content\/themes\/jtis-fr\/images\/contact\/tel-fr-2.png\" alt=\"\" \/><\/p>\n<div class=\"contact-notice red-text\">* Tous les \u00e9l\u00e9ments sont n\u00e9cessaires.<\/div>\n<div role=\"form\" class=\"wpcf7\" id=\"wpcf7-f1323-o1\" lang=\"fr-FR\" dir=\"ltr\">\n<div class=\"screen-reader-response\"><p role=\"status\" aria-live=\"polite\" aria-atomic=\"true\"><\/p> <ul><\/ul><\/div>\n<form action=\"\/fr\/wp-json\/wp\/v2\/pages\/276#wpcf7-f1323-o1\" method=\"post\" class=\"wpcf7-form init\" novalidate=\"novalidate\" data-status=\"init\">\n<div style=\"display: none;\">\n<input type=\"hidden\" name=\"_wpcf7\" value=\"1323\" \/>\n<input type=\"hidden\" name=\"_wpcf7_version\" value=\"5.4.1\" \/>\n<input type=\"hidden\" name=\"_wpcf7_locale\" value=\"fr_FR\" \/>\n<input type=\"hidden\" name=\"_wpcf7_unit_tag\" value=\"wpcf7-f1323-o1\" \/>\n<input type=\"hidden\" name=\"_wpcf7_container_post\" value=\"0\" \/>\n<input type=\"hidden\" name=\"_wpcf7_posted_data_hash\" value=\"\" \/>\n<\/div>\n<div class=\"contact-panel-gray-box\">\n<div class=\"contact-text\">votre nom<\/div>\n<p><span class=\"wpcf7-form-control-wrap your-name\"><input type=\"text\" name=\"your-name\" value=\"\" size=\"40\" class=\"wpcf7-form-control wpcf7-text wpcf7-validates-as-required\" aria-required=\"true\" aria-invalid=\"false\" \/><\/span><\/p>\n<div class=\"contact-text\">pays de citoyennet\u00e9<\/div>\n<p><span class=\"wpcf7-form-control-wrap country\"><input type=\"text\" name=\"country\" value=\"\" size=\"40\" class=\"wpcf7-form-control wpcf7-text wpcf7-validates-as-required\" aria-required=\"true\" aria-invalid=\"false\" \/><\/span><\/p>\n<div class=\"contact-text\">adresse e-mail<\/div>\n<p><span class=\"wpcf7-form-control-wrap your-email\"><input type=\"text\" name=\"your-email\" value=\"\" size=\"40\" class=\"wpcf7-form-control wpcf7-text wpcf7-validates-as-required\" aria-required=\"true\" aria-invalid=\"false\" \/><\/span><\/p>\n<div class=\"contact-text\">num\u00e9ro de t\u00e9l\u00e9phone<\/div>\n<p><span class=\"wpcf7-form-control-wrap tel\"><input type=\"text\" name=\"tel\" value=\"\" size=\"40\" class=\"wpcf7-form-control wpcf7-text wpcf7-validates-as-required\" aria-required=\"true\" aria-invalid=\"false\" \/><\/span><\/p>\n<div class=\"contact-text\">Contenu de l'enqu\u00eate<\/div>\n<p><span class=\"wpcf7-form-control-wrap your-message\"><input type=\"text\" name=\"your-message\" value=\"\" size=\"40\" class=\"wpcf7-form-control wpcf7-text wpcf7-validates-as-required\" aria-required=\"true\" aria-invalid=\"false\" \/><\/span><\/p>\n<p><input type=\"submit\" value=\"envoyer\" class=\"wpcf7-form-control wpcf7-submit\" \/><\/p>\n<\/div>\n<div class=\"wpcf7-response-output\" aria-hidden=\"true\"><\/div><\/form><\/div>\n<\/div>\n<p><!-- contents END --><\/p>\n<\/div>\n<\/div>\n<p><!--END 9--><\/p>\n<p><!--side 3--><\/p>\n<div class=\"col-md-3 hidden-xs\">\n<div id=\"side-container\">\n<div id=\"side-2\">\n<div id=\"side-header-basic\">\n<h4 class=\"center-text\">Pour nous contacter<\/h4>\n<\/div>\n<div class=\"side-inner-2\">HoshinoBuilding8-11-10,<br \/>\nNishiShinjuku,Shinjuku,Tokyo,<br \/>\nJapan,160-0023<br \/>\nTEL\uff1a+81-3-3363-2171<br \/>\nFAX\uff1a+81-3-3363-2175<br \/>\nE-MAIL\uff1a<a href=\"mailto:info@jtis.tokyo\">info@jtis.tokyo<\/a><\/p>\n<div class=\"download-side\"><a href=\"https:\/\/jtis.tokyo\/fr\/contact\"><img src=\"https:\/\/jtis.tokyo\/wp-content\/themes\/jtis-fr\/images\/contact-s.png\" alt=\"\" \/><\/a><br \/>\n<a href=\"https:\/\/jtis.tokyo\/fr\/downloads\"><img src=\"https:\/\/jtis.tokyo\/wp-content\/themes\/jtis-fr\/images\/download-s.png\" alt=\"\" \/><\/a><\/div>\n<\/div>\n<div id=\"side-footer\"><\/div>\n<\/div>\n<div id=\"side\">\n<div class=\"side-inner\">\n<h4 class=\"center-text\"><i class=\"glyphicon glyphicon-list\"><\/i>\u00a0M\u00eame cat\u00e9gorie que<\/h4>\n<ul>\n<li><a href=\"https:\/\/jtis.tokyo\/fr\/courses\/long\">Japonais D\u00e9taill\u00e9 (A partir de cours intensifs de courte dur\u00e9e jusqu&rsquo;\u00e0 des cours de longue dur\u00e9e)<\/a><\/li>\n<li><a href=\"https:\/\/jtis.tokyo\/fr\/achievements\/achievements\/\">Le processus d\u2019orientation professionnelle<\/a><\/li>\n<li><a href=\"https:\/\/jtis.tokyo\/fr\/achievements\/admission\/\">Carri\u00e8res apr\u00e8s l\u2019obtention du dipl\u00f4me<\/a><\/li>\n<li><a href=\"https:\/\/jtis.tokyo\/fr\/achievements\/option\/\">Cours en option<\/a><\/li>\n<li><a href=\"https:\/\/jtis.tokyo\/fr\/achievements\/texts\/\">Mat\u00e9riel p\u00e9dagogique et photos<\/a><\/li>\n<\/ul>\n<\/div>\n<\/div>\n<\/div>\n<\/div>\n<\/div>\n<\/div>\n","protected":false},"excerpt":{"rendered":"<p>*L&rsquo;\u00e9cole est ferm\u00e9e le week-end et les jours f\u00e9ri\u00e9s. * Tous les \u00e9l\u00e9ments sont n\u00e9cessaires. Pour nous contacter HoshinoBuilding8-11-10, NishiShinjuku,Shinjuku,Tokyo, Japan,160-0023 TEL\uff1a+81-3-3363-2171 FAX\uff1a+81-3-3363-2175 E-MAIL\uff1ainfo@jtis.tokyo \u00a0M\u00eame cat\u00e9gorie que Japonais D\u00e9taill\u00e9 (A partir de cours intensifs de courte dur\u00e9e jusqu&rsquo;\u00e0 des cours de longue dur\u00e9e) Le processus d\u2019orientation professionnelle Carri\u00e8res apr\u00e8s l\u2019obtention du dipl\u00f4me Cours en option [&hellip;]<\/p>\n","protected":false},"author":1,"featured_media":1292,"parent":0,"menu_order":6,"comment_status":"closed","ping_status":"closed","template":"main.php","meta":[],"_links":{"self":[{"href":"https:\/\/jtis.tokyo\/fr\/wp-json\/wp\/v2\/pages\/276"}],"collection":[{"href":"https:\/\/jtis.tokyo\/fr\/wp-json\/wp\/v2\/pages"}],"about":[{"href":"https:\/\/jtis.tokyo\/fr\/wp-json\/wp\/v2\/types\/page"}],"author":[{"embeddable":true,"href":"https:\/\/jtis.tokyo\/fr\/wp-json\/wp\/v2\/users\/1"}],"replies":[{"embeddable":true,"href":"https:\/\/jtis.tokyo\/fr\/wp-json\/wp\/v2\/comments?post=276"}],"version-history":[{"count":14,"href":"https:\/\/jtis.tokyo\/fr\/wp-json\/wp\/v2\/pages\/276\/revisions"}],"predecessor-version":[{"id":1716,"href":"https:\/\/jtis.tokyo\/fr\/wp-json\/wp\/v2\/pages\/276\/revisions\/1716"}],"wp:featuredmedia":[{"embeddable":true,"href":"https:\/\/jtis.tokyo\/fr\/wp-json\/wp\/v2\/media\/1292"}],"wp:attachment":[{"href":"https:\/\/jtis.tokyo\/fr\/wp-json\/wp\/v2\/media?parent=276"}],"curies":[{"name":"wp","href":"https:\/\/api.w.org\/{rel}","templated":true}]}}