{"id":271,"date":"2015-01-19T16:31:59","date_gmt":"2015-01-19T07:31:59","guid":{"rendered":"http:\/\/localhost\/wordpress\/?page_id=271"},"modified":"2021-05-28T14:20:06","modified_gmt":"2021-05-28T05:20:06","slug":"contact-to-graduation","status":"publish","type":"page","link":"https:\/\/jtis.tokyo\/fr\/contact-to-graduation\/","title":{"rendered":"Du premier contact jusqu&rsquo;\u00e0 l&rsquo;obtention du dipl\u00f4me"},"content":{"rendered":"<div class=\"container\">\n<div class=\"row\">\n<div class=\"col-md-9\">\n<div class=\"row\"><!-- contents --><\/p>\n<div class=\"col-md-12\">\n<div class=\"sab-contents-outer\"><!--selection0--><\/p>\n<div class=\"contact-to-graduation-solid col-md-12\">6 mois avec l&rsquo;inscription<\/div>\n<div class=\"contact-to-graduation-arrow col-md-12 col-ms-12\"><\/div>\n<p><!--selection1--><\/p>\n<div class=\"contact-to-graduation-title col-md-12\">Contactez-nous<\/div>\n<div class=\"col-md-12 content-mid-contact-to-graduation-box\">\n<div class=\"col-md-8\">N&rsquo;h\u00e9sitez pas \u00e0 nous contacter<br \/>\nEn anglais, chinois, et cor\u00e9en.<br \/>\nCourriel : info@jtis.tokyo<br \/>\nTel \uff1a+81\uff080\uff093-3363-2171<\/p>\n<\/div>\n<div class=\"col-md-4 text-right\"><img src=\"\/fr\/wp-content\/themes\/jtis\/images\/contact-to-graduation\/contact-to-graduation-1.png\" \/><\/div>\n<\/div>\n<div class=\"contact-to-graduation-arrow col-md-12 col-ms-12\"><\/div>\n<p><!--selection2--><\/p>\n<div class=\"contact-to-graduation-title col-md-12\">Collecte des documents<\/div>\n<div class=\"col-md-12 content-mid-contact-to-graduation-box\">Nous avons besoin de faire la demander pour votre visa d&rsquo;\u00e9tudiant au bureau de l&rsquo;immigration. Pour se faire, vous devez pr\u00e9parer les documents n\u00e9cessaires. Veuillez v\u00e9rifier les documents<\/p>\n<div class=\"basic-text-s\"><a href=\"\/fr\/downloads\/\">Veuillez v\u00e9rifier les documents \u00e0 produire. Apr\u00e8s les avoir recueilli, veuillez nous les faire parvenir.<\/a><\/div>\n<\/div>\n<div class=\"contact-to-graduation-arrow col-md-12 col-ms-12\"><\/div>\n<p><!--selection3--><\/p>\n<div class=\"contact-to-graduation-solid col-md-12\">3-4 mois avant l&rsquo;inscription<\/div>\n<div class=\"contact-to-graduation-arrow col-md-12 col-ms-12\"><\/div>\n<p><!--selection4--><\/p>\n<div class=\"contact-to-graduation-title col-md-12\">Demande au bureau de l&rsquo;immigration<\/div>\n<div class=\"col-md-12 content-mid-contact-to-graduation-box\">\n<div class=\"col-md-8\">\n<div class=\"basic-text-s\">Japan Tokyo International School demande le certificat d&rsquo;\u00e9ligibilit\u00e9 au bureau de l&rsquo;immigration. 25,500 Yen sont n\u00e9cessaires pour cette demande.<\/p>\n<div class=\"red-text\">Le r\u00e9sultat est d\u00e9clar\u00e9 en g\u00e9n\u00e9ral environ un mois avant l&rsquo;inscription.<\/div>\n<\/div>\n<\/div>\n<div class=\"col-md-4 text-right\"><img src=\"\/fr\/wp-content\/themes\/jtis\/images\/contact-to-graduation\/contact-to-graduation-2.png\" \/><\/div>\n<\/div>\n<div class=\"contact-to-graduation-arrow col-md-12 col-ms-12\"><\/div>\n<p><!--selection5--><\/p>\n<div class=\"contact-to-graduation-solid col-md-12\">Un mois avant l&rsquo;inscription<\/div>\n<div class=\"contact-to-graduation-arrow col-md-12 col-ms-12\"><\/div>\n<p><!--selection6--><\/p>\n<div class=\"contact-to-graduation-title col-md-12\">Paiement des droits scolaires<\/div>\n<div class=\"col-md-12 content-mid-contact-to-graduation-box\">\n<div class=\"col-md-8\">\n<div class=\"basic-text-s\">Nous vous envoyons la facture pour les droits scolaires apr\u00e8s avoir obtenu le certificat d&rsquo;\u00e9ligibilit\u00e9. Vous devez payer la totalit\u00e9 des frais de scolarit\u00e9 pour la premi\u00e8re ann\u00e9e (736,000 Yen). Apr\u00e8s confirmation de votre paiement, nous vous envoyons la copie originale du certificat. Et vous devez passer un entretien \u00e0 l&rsquo;ambassade du Japon avec ce certificat.<\/div>\n<\/div>\n<div class=\"col-md-4\"><\/div>\n<\/div>\n<div class=\"contact-to-graduation-arrow col-md-12 col-ms-12\"><\/div>\n<p><!--selection7--><\/p>\n<div class=\"contact-to-graduation-title col-md-12\">L&rsquo;ambassade du Japon<\/div>\n<div class=\"col-md-12 content-mid-contact-to-graduation-box\">\n<div class=\"col-md-8\">\n<div class=\"basic-text-s\">Vous devez aller \u00e0 l&rsquo;ambassade du Japon dans votre pays, avec le certificat, et faire la demande du visa d&rsquo;\u00e9tudiant. Apr\u00e8s l&rsquo;obtention de ce visa, vous pouvez ensuite r\u00e9server votre billet.<\/div>\n<\/div>\n<div class=\"col-md-4\"><\/div>\n<\/div>\n<div class=\"contact-to-graduation-arrow col-md-12 col-ms-12\"><\/div>\n<p><!--selection8--><\/p>\n<div class=\"contact-to-graduation-solid col-md-12\">Quelques jours avant l&rsquo;inscription<\/div>\n<div class=\"contact-to-graduation-arrow col-md-12 col-ms-12\"><\/div>\n<p><!--selection9--><\/p>\n<div class=\"contact-to-graduation-title col-md-12\">H\u00e9bergement<\/div>\n<div class=\"col-md-12 content-mid-contact-to-graduation-box\">\n<div class=\"col-md-8\">\n<div class=\"basic-text-s\">Nous pouvons organiser votre h\u00e9bergement si vous le d\u00e9sirez.<\/div>\n<\/div>\n<div class=\"col-md-4\"><img src=\"\/fr\/wp-content\/themes\/jtis\/images\/contact-to-graduation\/contact-to-graduation-6.png\" \/><\/div>\n<\/div>\n<div class=\"contact-to-graduation-arrow col-md-12 col-ms-12\"><\/div>\n<p><!--selection10--><\/p>\n<div class=\"contact-to-graduation-solid col-md-12\">Entr\u00e9e au Japon<\/div>\n<div class=\"contact-to-graduation-arrow col-md-12 col-ms-12\"><\/div>\n<p><!--selection11--><\/p>\n<div class=\"contact-to-graduation-title col-md-12\">Au Japon (a\u00e9roport international de Narita)<\/div>\n<div class=\"col-md-12 content-mid-contact-to-graduation-box\">\n<div class=\"col-md-8\">\n<div class=\"basic-text-s\">Un membre de notre personnel viendra vous chercher \u00e0 Narita.<\/div>\n<\/div>\n<div class=\"col-md-4\"><img src=\"\/fr\/wp-content\/themes\/jtis\/images\/contact-to-graduation\/contact-to-graduation-7.png\" \/><\/div>\n<\/div>\n<div class=\"contact-to-graduation-arrow col-md-12 col-ms-12\"><\/div>\n<p><!--selection12--><\/p>\n<div class=\"contact-to-graduation-solid col-md-12\">Inscription<\/div>\n<div class=\"contact-to-graduation-arrow col-md-12 col-ms-12\"><\/div>\n<p><!--selection13--><\/p>\n<div class=\"contact-to-graduation-title col-md-12\">Le premier jour \u00e0 l&rsquo;\u00e9cole<\/div>\n<div class=\"col-md-12 content-mid-contact-to-graduation-box\">\n<div class=\"col-md-8\">\n<div class=\"basic-text-s\">Auront lieu la c\u00e9r\u00e9monie d&rsquo;inscription, l&rsquo;orientation et le test d&rsquo;\u00e9valuation.<\/div>\n<\/div>\n<div class=\"col-md-4\"><img src=\"\/fr\/wp-content\/themes\/jtis\/images\/contact-to-graduation\/contact-to-graduation-9.png\" \/><\/div>\n<\/div>\n<div class=\"contact-to-graduation-arrow col-md-12 col-ms-12\"><\/div>\n<p><!--selection14--><\/p>\n<div class=\"contact-to-graduation-solid col-md-12\">Deux semaines apr\u00e8s l&rsquo;inscription<\/div>\n<div class=\"contact-to-graduation-arrow col-md-12 col-ms-12\"><\/div>\n<p><!--selection15--><\/p>\n<div class=\"contact-to-graduation-title col-md-12\">Assurance nationale de sant\u00e9<\/div>\n<div class=\"col-md-12 content-mid-contact-to-graduation-box\">\n<div class=\"basic-text-s\">Carte d&rsquo;immatriculation d&rsquo;\u00e9tranger, <a href=\"\/live-in-japan\/formalities-costs#1\">assurance nationale de sant\u00e9<\/a><br \/>\nAller au bureau du d\u00e9partement et s&rsquo;inscrire pour obtenir votre carte d&rsquo;immatriculation d&rsquo;\u00e9tranger et votre <a href=\"\/live-in-japan\/formalities-costs#1\">assurance nationale de sant\u00e9<\/a>. Cette proc\u00e9dure prendra deux semaines.<\/p>\n<div class=\"red-text\">* Notre personnel vous accompagne.<\/div>\n<\/div>\n<\/div>\n<div class=\"contact-to-graduation-arrow col-md-12 col-ms-12\"><\/div>\n<p><!--selection16--><\/p>\n<div class=\"contact-to-graduation-solid col-md-12\">Un mois apr\u00e8s l&rsquo;inscription<\/div>\n<div class=\"contact-to-graduation-arrow col-md-12 col-ms-12\"><\/div>\n<p><!--selection17--><\/p>\n<div class=\"contact-to-graduation-title col-md-12\">Permis de travail<\/div>\n<div class=\"col-md-12 content-mid-contact-to-graduation-box\">\n<div class=\"basic-text-s\">Pour faire un travail \u00e0 temps partiel, vous devez obtenir un <a href=\"\/fr\/live-in-japan\/formalities-costs#2\">Permis de travail<\/a>. Et vous devez donc d&rsquo;abord demander ce <a href=\"\/fr\/live-in-japan\/formalities-costs#2\">Permis de travail<\/a>.<br \/>\nNous vous accompagnons.<\/div>\n<\/div>\n<div class=\"contact-to-graduation-arrow col-md-12 col-ms-12\"><\/div>\n<p><!--selection18--><\/p>\n<div class=\"contact-to-graduation-title col-md-12\">Recherche d&rsquo;un emploi \u00e0 temps partiel<\/div>\n<div class=\"col-md-12 content-mid-contact-to-graduation-box\">\n<div class=\"col-md-8\">\n<div class=\"basic-text-s\">Vous cherchez un emploi \u00e0 temps partiel<br \/>\nNous vous donnons des conseils sur comment \u00e9crire les <a href=\"\/fr\/downloads\">documents \u00e0 compl\u00e9ter<\/a> et des curriculum vitae.<\/p>\n<div class=\"red-text\">* Notre personnel de l&rsquo;\u00e9cole vous soutiendra pour trouver un emploi \u00e0 temps partiel.<\/div>\n<\/div>\n<\/div>\n<div class=\"col-md-4\"><img src=\"\/fr\/wp-content\/themes\/jtis\/images\/contact-to-graduation\/contact-to-graduation-10.png\" \/><\/div>\n<\/div>\n<div class=\"contact-to-graduation-arrow col-md-12 col-ms-12\"><\/div>\n<p><!--selection19--><\/p>\n<div class=\"contact-to-graduation-title col-md-12\">Vie scolaire<\/div>\n<div class=\"col-md-12 content-mid-contact-to-graduation-box\">\n<div class=\"col-md-6\">\n<div class=\"basic-text-s\">&#8211; Cours (lundi au vendredi)<br \/>\n&#8211; Orientation pour l&rsquo;enseignement sup\u00e9rieur (tous les trois mois)<br \/>\n&#8211; Orientation pour la vie au Japon (tous les trois mois)<br \/>\n&#8211; Travail \u00e0 temps partiel<\/p>\n<p><a href=\"https:\/\/www.facebook.com\/Japan-Tokyo-International-School%E6%97%A5%E6%9C%AC%E6%9D%B1%E4%BA%AC%E5%9B%BD%E9%9A%9B%E5%AD%A6%E9%99%A2-1419365824990273\/\">\u00a0Activit\u00e9s (Facebook)<\/a><br \/>\n<a href=\"\/fr\/live-in-japan\/live-in-japan-2\">\u00a0Horaires pour un jour<\/a><\/div>\n<\/div>\n<div class=\"col-md-6\"><img src=\"\/fr\/wp-content\/themes\/jtis\/images\/contact-to-graduation\/contact-to-graduation-11.jpg\" \/><\/div>\n<\/div>\n<div class=\"contact-to-graduation-arrow col-md-12 col-ms-12\"><\/div>\n<p><!--selection20--><\/p>\n<div class=\"contact-to-graduation-solid col-md-12\">Six mois avant l&rsquo;obtention du dipl\u00f4me<\/div>\n<div class=\"contact-to-graduation-arrow col-md-12 col-ms-12\"><\/div>\n<p><!--selection21--><\/p>\n<div class=\"contact-to-graduation-title col-md-12\">Orientation pour l&rsquo;enseignement sup\u00e9rieur<\/div>\n<div class=\"col-md-12 content-mid-contact-to-graduation-box\">\n<div class=\"col-md-8\">\n<div class=\"basic-text-s\">Nous organisons r\u00e9guli\u00e8rement des orientations pour votre enseignement sup\u00e9rieur au Japon. Six mois avant l&rsquo;obtention du dipl\u00f4me, nous choisissons pour vous la meilleure possibilit\u00e9 pour votre poursuite d&rsquo;\u00e9tudes au Japon<br \/>\n<a href=\"\/fr\/achievements\/achievements\">\u00a0Plus de d\u00e9tails<\/a><\/div>\n<\/div>\n<div class=\"col-md-4\"><img src=\"\/fr\/wp-content\/themes\/jtis\/images\/contact-to-graduation\/contact-to-graduation-13.jpg\" \/><\/div>\n<\/div>\n<div class=\"contact-to-graduation-arrow col-md-12 col-ms-12\"><\/div>\n<p><!--selection22--><\/p>\n<div class=\"contact-to-graduation-solid col-md-12\">Quelques mois avant l&rsquo;obtention du dipl\u00f4me<\/div>\n<div class=\"contact-to-graduation-arrow col-md-12 col-ms-12\"><\/div>\n<p><!--selection23--><\/p>\n<div class=\"contact-to-graduation-title col-md-12\">R\u00e9ussir l&rsquo;examen<\/div>\n<div class=\"col-md-12 content-mid-contact-to-graduation-box\">\n<div class=\"basic-text-s\">Passer la proc\u00e9dure d&rsquo;extension de visa.<\/div>\n<\/div>\n<div class=\"contact-to-graduation-arrow col-md-12 col-ms-12\"><\/div>\n<p><!--selection23--><\/p>\n<div class=\"contact-to-graduation-title col-md-12\">Dipl\u00f4m\u00e9<\/div>\n<div class=\"col-md-12 content-mid-contact-to-graduation-box\">\n<div class=\"basic-text-s\">Remise des dipl\u00f4mes : F\u00e9licitations !! Les \u00e9tudiants se dirigent maintenant vers leur propres objectifs.<br \/>\n<img src=\"\/wp-content\/themes\/jtis\/images\/graduation.jpg\" \/><\/div>\n<\/div>\n<p><!--selection END--><\/p>\n<\/div>\n<\/div>\n<p><!-- contents END --><\/p>\n<\/div>\n<\/div>\n<p><!--END 9--><\/p>\n<p><!--side 3--><\/p>\n<div class=\"col-md-3 hidden-xs\">\n<div id=\"side-container\">\n<div id=\"side-2\">\n<div id=\"side-header-basic\">\n<h4 class=\"center-text\">Pour nous contacter<\/h4>\n<\/div>\n<div class=\"side-inner-2\">HoshinoBuilding8-11-10,<br \/>\nNishiShinjuku,Shinjuku,Tokyo,<br \/>\nJapan,160-0023<br \/>\nTEL\uff1a+81-3-3363-2171<br \/>\nFAX\uff1a+81-3-3363-2175<br \/>\nE-MAIL\uff1a<a href=\"mailto:info@jtis.tokyo\">info@jtis.tokyo<\/a><\/p>\n<div class=\"download-side\"><a href=\"\/fr\/contact\"><img src=\"\/wp-content\/themes\/jtis-fr\/images\/contact-s.png\" alt=\"\" \/><\/a><br \/>\n<a href=\"\/fr\/downloads\"><img src=\"\/wp-content\/themes\/jtis-fr\/images\/download-s.png\" alt=\"\" \/><\/a><\/div>\n<\/div>\n<div id=\"side-footer\"><\/div>\n<\/div>\n<div id=\"side\">\n<div class=\"side-inner\">\n<h4 class=\"center-text\"><i class=\"glyphicon glyphicon-list\"><\/i>\u00a0M\u00eame cat\u00e9gorie que<\/h4>\n<ul>\n<li><a href=\"\/fr\/courses\/\">Courses<\/a><\/li>\n<li><a href=\"\/fr\/achievements\/\">Pr\u00e9sentation<\/a><\/li>\n<li><a href=\"\/fr\/about\/\">R\u00e9alisations<\/a><\/li>\n<li><a href=\"\/fr\/achievements\/\">Cours en option<\/a><\/li>\n<li><a href=\"\/fr\/contact-to-graduation\/\">Du premier contact jusqu&rsquo;\u00e0 l&rsquo;obtention du dipl\u00f4me<\/a><\/li>\n<li><a href=\"\/fr\/live-in-japan\/\">Vie au Japon<\/a><\/li>\n<li><a href=\"\/fr\/contact\/\">Contactez-nous<\/a><\/li>\n<li><a href=\"\/fr\/downloads\/\">T\u00e9l\u00e9chargements<\/a><\/li>\n<\/ul>\n<\/div>\n<\/div>\n<\/div>\n<\/div>\n<\/div>\n<\/div>\n","protected":false},"excerpt":{"rendered":"<p>6 mois avec l&rsquo;inscription Contactez-nous N&rsquo;h\u00e9sitez pas \u00e0 nous contacter En anglais, chinois, et cor\u00e9en. Courriel : info@jtis.tokyo Tel \uff1a+81\uff080\uff093-3363-2171 Collecte des documents Nous avons besoin de faire la demander pour votre visa d&rsquo;\u00e9tudiant au bureau de l&rsquo;immigration. Pour se faire, vous devez pr\u00e9parer les documents n\u00e9cessaires. Veuillez v\u00e9rifier les documents Veuillez v\u00e9rifier les documents [&hellip;]<\/p>\n","protected":false},"author":1,"featured_media":1289,"parent":0,"menu_order":4,"comment_status":"closed","ping_status":"closed","template":"main.php","meta":[],"_links":{"self":[{"href":"https:\/\/jtis.tokyo\/fr\/wp-json\/wp\/v2\/pages\/271"}],"collection":[{"href":"https:\/\/jtis.tokyo\/fr\/wp-json\/wp\/v2\/pages"}],"about":[{"href":"https:\/\/jtis.tokyo\/fr\/wp-json\/wp\/v2\/types\/page"}],"author":[{"embeddable":true,"href":"https:\/\/jtis.tokyo\/fr\/wp-json\/wp\/v2\/users\/1"}],"replies":[{"embeddable":true,"href":"https:\/\/jtis.tokyo\/fr\/wp-json\/wp\/v2\/comments?post=271"}],"version-history":[{"count":21,"href":"https:\/\/jtis.tokyo\/fr\/wp-json\/wp\/v2\/pages\/271\/revisions"}],"predecessor-version":[{"id":1703,"href":"https:\/\/jtis.tokyo\/fr\/wp-json\/wp\/v2\/pages\/271\/revisions\/1703"}],"wp:featuredmedia":[{"embeddable":true,"href":"https:\/\/jtis.tokyo\/fr\/wp-json\/wp\/v2\/media\/1289"}],"wp:attachment":[{"href":"https:\/\/jtis.tokyo\/fr\/wp-json\/wp\/v2\/media?parent=271"}],"curies":[{"name":"wp","href":"https:\/\/api.w.org\/{rel}","templated":true}]}}