{"id":254,"date":"2015-01-19T16:11:40","date_gmt":"2015-01-19T07:11:40","guid":{"rendered":"http:\/\/localhost\/wordpress\/?page_id=254"},"modified":"2021-05-28T14:35:18","modified_gmt":"2021-05-28T05:35:18","slug":"around-school","status":"publish","type":"page","link":"https:\/\/jtis.tokyo\/fr\/live-in-japan\/around-school\/","title":{"rendered":"Autour de notre \u00e9cole"},"content":{"rendered":"\n<div class=\"container\">\n<div class=\"row\">\n<div class=\"col-md-9\">\n<div class=\"row\">\n<div class=\"contents-box\">\n<h3>Autour de la Japan Tokyo International School<\/h3>\n<\/div>\n<div class=\"col-sm-12\">\n<div class=\"main-text shinjuku\">12 minutes de marche \u00e0 partir de la gare de Shinjuku<\/div>\n<\/div>\n<\/div>\n<div class=\"row\">\n<div class=\"col-sm-12\">\n<div class=\"main-text nishishinjuku\">2 minutes de marche \u00e0 partir de la gare de Nishishinjuku<\/div>\n<\/div>\n<\/div>\n<\/div>\n<div class=\"row\">\n<div class=\"col-sm-12\">\n<div class=\"main-text\"><iframe loading=\"lazy\" src=\"https:\/\/www.google.com\/maps\/d\/embed?mid=1sR8_aAUUWwayJGx07oe24Kax0_0mHfBG\" width=\"100%\" height=\"500\"><\/iframe><\/div>\n<div class=\"contents-box\">\n<h3>Commentaires de la carte<\/h3>\n<\/div>\n<div class=\"main-text\">\n<ul>\n<li>Notre \u00e9cole<\/li>\n<li>Gare de Shinjuku<\/li>\n<li>Gare de Nishishinjuku<\/li>\n<\/ul>\n<\/div>\n<div class=\"around-school-table-1\">\n<div class=\"table-responsive\">\n<table class=\"table table-striped table-bordered table-condensed\">\n<tbody>\n<tr>\n<td class=\"around-school-table-text\"><img src=\"\/en\/wp-content\/themes\/jtis\/images\/spot\/number\/1.png\" alt=\"\"> <a href=\"#1\">Restaurant<\/a><\/td>\n<td class=\"around-school-table-text\"><img src=\"\/en\/wp-content\/themes\/jtis\/images\/spot\/number\/2.png\" alt=\"\"> <a href=\"#2\">Pharmacie<\/a><\/td>\n<td class=\"around-school-table-text\"><img src=\"\/en\/wp-content\/themes\/jtis\/images\/spot\/number\/3.png\" alt=\"\"> <a href=\"#3\">Commerce de proximit\u00e9<\/a><\/td>\n<td class=\"around-school-table-text\"><img src=\"\/en\/wp-content\/themes\/jtis\/images\/spot\/number\/4.png\" alt=\"\"> <a href=\"#4\">Banque (ATM)<\/a><\/td>\n<\/tr>\n<tr>\n<td class=\"around-school-table-text\"><img src=\"\/en\/wp-content\/themes\/jtis\/images\/spot\/number\/5.png\" alt=\"\"> <a href=\"#5\">Fast food<\/a><\/td>\n<td class=\"around-school-table-text\"><img src=\"\/en\/wp-content\/themes\/jtis\/images\/spot\/number\/6.png\" alt=\"\"> <a href=\"#6\">Caf\u00e9<\/a><\/td>\n<td class=\"around-school-table-text\"><img src=\"\/en\/wp-content\/themes\/jtis\/images\/spot\/number\/7.png\" alt=\"\"> <a href=\"#7\">Gare de Nishishinjuku<\/a><\/td>\n<td class=\"around-school-table-text\"><img src=\"\/en\/wp-content\/themes\/jtis\/images\/spot\/number\/8.png\" alt=\"\"> <a href=\"#8\">Commerce de proximit\u00e9<\/a><\/td>\n<\/tr>\n<tr>\n<td class=\"around-school-table-text\"><img src=\"\/en\/wp-content\/themes\/jtis\/images\/spot\/number\/9.png\" alt=\"\"> <a href=\"#9\">Fast food<\/a><\/td>\n<td class=\"around-school-table-text\"><img src=\"\/en\/wp-content\/themes\/jtis\/images\/spot\/number\/10.png\" alt=\"\"> <a href=\"#10\">Poste de police<\/a><\/td>\n<td class=\"around-school-table-text\"><img src=\"\/en\/wp-content\/themes\/jtis\/images\/spot\/number\/11.png\" alt=\"\"> <a href=\"#11\">H\u00f4pital<\/a><\/td>\n<td class=\"around-school-table-text\"><img src=\"\/en\/wp-content\/themes\/jtis\/images\/spot\/number\/12.png\" alt=\"\"> <a href=\"#12\">Caf\u00e9<\/a><\/td>\n<\/tr>\n<tr>\n<td class=\"around-school-table-text\"><img src=\"\/en\/wp-content\/themes\/jtis\/images\/spot\/number\/13.png\" alt=\"\"> <a href=\"#13\">Commerce de proximit\u00e9<\/a><\/td>\n<td class=\"around-school-table-text\"><img src=\"\/en\/wp-content\/themes\/jtis\/images\/spot\/number\/14.png\" alt=\"\"> <a href=\"#14\">Librairie<\/a><\/td>\n<td class=\"around-school-table-text\"><img src=\"\/en\/wp-content\/themes\/jtis\/images\/spot\/number\/15.png\" alt=\"\"> <a href=\"#15\">Dentiste<\/a><\/td>\n<td class=\"around-school-table-text\"><img src=\"\/en\/wp-content\/themes\/jtis\/images\/spot\/number\/16.png\" alt=\"\"> <a href=\"#16\">Bureau de poste<\/a><\/td>\n<\/tr>\n<tr>\n<td class=\"around-school-table-text\"><img src=\"\/en\/wp-content\/themes\/jtis\/images\/spot\/number\/17.png\" alt=\"\"> <a href=\"#17\">Bureau de poste<\/a><\/td>\n<td class=\"around-school-table-text\"><img src=\"\/en\/wp-content\/themes\/jtis\/images\/spot\/number\/18.png\" alt=\"\"> <a href=\"#18\">H\u00f4pital<\/a><\/td>\n<td class=\"around-school-table-text\"><img src=\"\/en\/wp-content\/themes\/jtis\/images\/spot\/number\/19.png\" alt=\"\"> <a href=\"#19\">Boutique aux produits \u00e0 100 Yen<\/a><\/td>\n<td class=\"around-school-table-text\"><img src=\"\/en\/wp-content\/themes\/jtis\/images\/spot\/number\/20.png\" alt=\"\"> <a href=\"#20\">Magasin d&rsquo;appareils \u00e9lectriques<\/a><\/td>\n<\/tr>\n<tr>\n<td class=\"around-school-table-text\"><img src=\"\/en\/wp-content\/themes\/jtis\/images\/spot\/number\/21.png\" alt=\"\"> <a href=\"#21\">Magasin de v\u00eatements<\/a><\/td>\n<td class=\"around-school-table-text\"><img src=\"\/en\/wp-content\/themes\/jtis\/images\/spot\/number\/22.png\" alt=\"\"> <a href=\"#22\">Banque<\/a><\/td>\n<td>&nbsp;<\/td>\n<td>&nbsp;<\/td>\n<\/tr>\n<\/tbody>\n<\/table>\n<\/div>\n<\/div>\n<\/div>\n<\/div>\n<div class=\"row\"><!--1-->\n<p>&nbsp;<\/p>\n<div class=\"col-xxs-12 col-xs-6 col-md-4\">\n<div id=\"1\" class=\"around-school-panel\"><img src=\"\/en\/wp-content\/themes\/jtis\/images\/spot\/p01.jpg\" alt=\"\">\n<p>&nbsp;<\/p>\n<h4><img src=\"\/en\/wp-content\/themes\/jtis\/images\/spot\/number\/1.png\" alt=\"\"> Restaurant<\/h4>\n<div class=\"around-school-panel-name\">Jonathan<\/div>\n<ul>\n<li>30 secondes de marche<\/li>\n<li>800 Yen pour le d\u00e9jeuner (en moyenne)<\/li>\n<li><a href=\"http:\/\/www.skylark.co.jp\/jonathan\/index.html\"><i class=\"glyphicon glyphicon-home\"><\/i> Visitez le site web<\/a><\/li>\n<\/ul>\n<\/div>\n<\/div>\n<div class=\"col-xxs-12 col-xs-6 col-md-4\">\n<div id=\"2\" class=\"around-school-panel\"><img src=\"\/en\/wp-content\/themes\/jtis\/images\/spot\/p02.jpg\" alt=\"\">\n<p>&nbsp;<\/p>\n<h4><img src=\"\/en\/wp-content\/themes\/jtis\/images\/spot\/number\/2.png\" alt=\"\"> Pharmacie<\/h4>\n<div class=\"around-school-panel-name\">Pharmacie Sugi<\/div>\n<ul>\n<li>Une minute de marche<\/li>\n<li>M\u00e9dicaments \/ Articles m\u00e9nagers \/ Cosm\u00e9tiques<\/li>\n<li>M\u00e9dicaments pour maux de t\u00eate 350 Yen, d\u00e9tergent pour la vaisselle 120 Yen, une douzaine de rouleaux de papier toilette 200 Yen, bo\u00eete de mouchoirs en tissu 200 Yen<\/li>\n<li><a href=\"http:\/\/www.sugi-net.jp\/\"><i class=\"glyphicon glyphicon-home\"><\/i> Visitez le site web<\/a><\/li>\n<\/ul>\n<\/div>\n<\/div>\n<div class=\"col-xxs-12 col-xs-6 col-md-4\">\n<div id=\"3\" class=\"around-school-panel\"><img src=\"\/en\/wp-content\/themes\/jtis\/images\/spot\/p03.jpg\" alt=\"\">\n<p>&nbsp;<\/p>\n<h4><img src=\"\/en\/wp-content\/themes\/jtis\/images\/spot\/number\/3.png\" alt=\"\"> Commerce de proximit\u00e9<\/h4>\n<div class=\"around-school-panel-name\">Family Mart<\/div>\n<ul>\n<li>Une minute de marche<\/li>\n<li>Magazine \/ ATM \/ Mobilier \/ Aliments<\/li>\n<li>D\u00e9jeuner en 400 et 600 Yen<\/li>\n<li><a href=\"http:\/\/www.family.co.jp\/goods\/obento\/\"><i class=\"glyphicon glyphicon-home\"><\/i> Visitez le site web<\/a><\/li>\n<\/ul>\n<\/div>\n<\/div>\n<p><!--2--><\/p>\n<div class=\"col-xxs-12 col-xs-6 col-md-4\">\n<div id=\"4\" class=\"around-school-panel\"><img src=\"\/en\/wp-content\/themes\/jtis\/images\/spot\/p04.jpg\" alt=\"\">\n<p>&nbsp;<\/p>\n<h4><img src=\"\/en\/wp-content\/themes\/jtis\/images\/spot\/number\/4.png\" alt=\"\"> Banque (ATM)<\/h4>\n<div class=\"around-school-panel-name\">SMBC<\/div>\n<ul>\n<li>Une minute de marche<\/li>\n<li><a href=\"http:\/\/www.smbc.co.jp\/kojin\/tenpo\/atm\/\"><i class=\"glyphicon glyphicon-home\"><\/i> Visitez le site web<\/a><\/li>\n<\/ul>\n<\/div>\n<\/div>\n<div class=\"col-xxs-12 col-xs-6 col-md-4\">\n<div id=\"5\" class=\"around-school-panel\"><img src=\"\/en\/wp-content\/themes\/jtis\/images\/spot\/p05.jpg\" alt=\"\">\n<p>&nbsp;<\/p>\n<h4><img src=\"\/en\/wp-content\/themes\/jtis\/images\/spot\/number\/5.png\" alt=\"\"> Fast food<\/h4>\n<div class=\"around-school-panel-name\">Matsuya<\/div>\n<ul>\n<li>Une minute de marche<\/li>\n<li>D\u00e9jeuner entre 300 et 500 Yen<\/li>\n<li><a href=\"http:\/\/www.matsuyafoods.co.jp\/\"><i class=\"glyphicon glyphicon-home\"><\/i> Visitez le site web<\/a><\/li>\n<\/ul>\n<\/div>\n<\/div>\n<div class=\"col-xxs-12 col-xs-6 col-md-4\">\n<div id=\"6\" class=\"around-school-panel\"><img src=\"\/en\/wp-content\/themes\/jtis\/images\/spot\/p06.jpg\" alt=\"\">\n<p>&nbsp;<\/p>\n<h4><img src=\"\/en\/wp-content\/themes\/jtis\/images\/spot\/number\/6.png\" alt=\"\"> Caf\u00e9<\/h4>\n<div class=\"around-school-panel-name\">Tully&rsquo;s coffee<\/div>\n<ul>\n<li>2 minutes de marche<\/li>\n<li>290 Yen pour une petite tasse<\/li>\n<li><a href=\"http:\/\/www.tullys.co.jp\/menu\/\"><i class=\"glyphicon glyphicon-home\"><\/i> Visitez le site web<\/a><\/li>\n<\/ul>\n<\/div>\n<\/div>\n<\/div>\n<div class=\"row\"><!--3-->\n<p>&nbsp;<\/p>\n<div class=\"col-sm-12\">\n<div id=\"7\" class=\"around-school-panel-2\">\n<div class=\"col-md-4 col-sm-12\">\n<div class=\"around-school-panel-2-inner\">\n<h4><img src=\"\/en\/wp-content\/themes\/jtis\/images\/spot\/number\/7.png\" alt=\"\"> Station de m\u00e9tro(M\u00e9tro de Tokyo ligne Marunouchi)<\/h4>\n<div class=\"around-school-panel-name\">Gare de Nishishinjuku<\/div>\n<ul>\n<li>2 minutes de marche<\/li>\n<li>+ Photomaton<br>+ Pharmacie<br>+ Boulangerie, etc&#8230;<br>Autour de l&rsquo;\u00e9cole<\/li>\n<li><a href=\"http:\/\/www.tokyometro.jp\/station\/nishi-shinjuku\/index.html\"><i class=\"glyphicon glyphicon-home\"><\/i> Visitez le site web<\/a><\/li>\n<\/ul>\n<\/div>\n<\/div>\n<div class=\"col-md-4  col-sm-12\">\n<div class=\"center-text\"><img src=\"\/en\/wp-content\/themes\/jtis\/images\/spot\/p07a.jpg\" alt=\"\"><br>L&rsquo;entr\u00e9e de la station<\/div>\n<div class=\"center-text\"><img src=\"\/en\/wp-content\/themes\/jtis\/images\/spot\/p07b.jpg\" alt=\"\"><br>Photomaton<\/div>\n<\/div>\n<div class=\"col-md-4  col-sm-12\">\n<div class=\"center-text\"><img src=\"\/en\/wp-content\/themes\/jtis\/images\/spot\/p07c.jpg\" alt=\"\"><br>Pharmacie<\/div>\n<div class=\"center-text\"><img src=\"\/en\/wp-content\/themes\/jtis\/images\/spot\/p07d.jpg\" alt=\"\"><br>Boulanger<\/div>\n<\/div>\n<\/div>\n<\/div>\n<\/div>\n<div class=\"row\"><!--4-->\n<p>&nbsp;<\/p>\n<div class=\"col-xxs-12 col-xs-6 col-md-4\">\n<div id=\"8\" class=\"around-school-panel\"><img src=\"\/en\/wp-content\/themes\/jtis\/images\/spot\/p08.jpg\" alt=\"\">\n<p>&nbsp;<\/p>\n<h4><img src=\"\/en\/wp-content\/themes\/jtis\/images\/spot\/number\/8.png\" alt=\"\"> Commerce de proximit\u00e9<\/h4>\n<div class=\"around-school-panel-name\">Seven-Eleven<\/div>\n<ul>\n<li>4 minutes de marche<\/li>\n<li>Magazine \/ ATM \/ Mobilier \/ Aliments<\/li>\n<li>D\u00e9jeuner entre 400 et 600 Yen<\/li>\n<li><a href=\"http:\/\/www.sej.co.jp\/\"><i class=\"glyphicon glyphicon-home\"><\/i> Visitez le site web<\/a><\/li>\n<\/ul>\n<\/div>\n<\/div>\n<div class=\"col-xxs-12 col-xs-6 col-md-4\">\n<div id=\"9\" class=\"around-school-panel\"><img src=\"\/en\/wp-content\/themes\/jtis\/images\/spot\/p09.jpg\" alt=\"\">\n<p>&nbsp;<\/p>\n<h4><img src=\"\/en\/wp-content\/themes\/jtis\/images\/spot\/number\/9.png\" alt=\"\"> Fast food<\/h4>\n<div class=\"around-school-panel-name\">Mc Donald&rsquo;s<\/div>\n<ul>\n<li>4 minutes de marche<\/li>\n<li>Set cheese burger entre 350 et 400 Yen<\/li>\n<li><a href=\"http:\/\/www.mcdonalds.co.jp\/\"><i class=\"glyphicon glyphicon-home\"><\/i> Visitez le site web<\/a><\/li>\n<\/ul>\n<\/div>\n<\/div>\n<div class=\"col-xxs-12 col-xs-6 col-md-4\">\n<div id=\"10\" class=\"around-school-panel\"><img src=\"\/en\/wp-content\/themes\/jtis\/images\/spot\/p10.jpg\" alt=\"\">\n<p>&nbsp;<\/p>\n<h4><img src=\"\/en\/wp-content\/themes\/jtis\/images\/spot\/number\/10.png\" alt=\"\"> Poste de police<\/h4>\n<div class=\"around-school-panel-name\">Pr\u00e9fecture de police de Shinjuku<\/div>\n<ul>\n<li>4 minutes de marche<\/li>\n<\/ul>\n<\/div>\n<\/div>\n<p><!--5--><\/p>\n<div class=\"col-xxs-12 col-xs-6 col-md-4\">\n<div id=\"11\" class=\"around-school-panel\"><img src=\"\/en\/wp-content\/themes\/jtis\/images\/spot\/p11.jpg\" alt=\"\">\n<p>&nbsp;<\/p>\n<h4><img src=\"\/en\/wp-content\/themes\/jtis\/images\/spot\/number\/1.png\" alt=\"\"> H\u00f4pital<\/h4>\n<div class=\"around-school-panel-name\">H\u00f4pital universitaire m\u00e9dicale de Tokyo<\/div>\n<ul>\n<li>4 minutes de marche<\/li>\n<li>Diverses sections<\/li>\n<li><a href=\"http:\/\/hospinfo.tokyo-med.ac.jp\/\"><i class=\"glyphicon glyphicon-home\"><\/i> Visitez le site web<\/a><\/li>\n<\/ul>\n<\/div>\n<\/div>\n<div class=\"col-xxs-12 col-xs-6 col-md-4\">\n<div id=\"12\" class=\"around-school-panel\"><img src=\"\/en\/wp-content\/themes\/jtis\/images\/spot\/p12.jpg\" alt=\"\">\n<p>&nbsp;<\/p>\n<h4><img src=\"\/en\/wp-content\/themes\/jtis\/images\/spot\/number\/12.png\" alt=\"\"> Caf\u00e9<\/h4>\n<div class=\"around-school-panel-name\">Doutor<\/div>\n<ul>\n<li>4 minutes de marche<\/li>\n<li>200 Yen pour une petite tasse<\/li>\n<li><a href=\"http:\/\/www.doutor.co.jp\/dcs\/menu\/list\/hotdrink.html\"><i class=\"glyphicon glyphicon-home\"><\/i> Visitez le site web<\/a><\/li>\n<\/ul>\n<\/div>\n<\/div>\n<div class=\"col-xxs-12 col-xs-6 col-md-4\">\n<div id=\"13\" class=\"around-school-panel\"><img src=\"\/en\/wp-content\/themes\/jtis\/images\/spot\/p13.jpg\" alt=\"\">\n<p>&nbsp;<\/p>\n<h4><img src=\"\/en\/wp-content\/themes\/jtis\/images\/spot\/number\/13.png\" alt=\"\"> Commerce de proximit\u00e9<\/h4>\n<div class=\"around-school-panel-name\">Natural Lawson<\/div>\n<ul>\n<li>4 minutes de marche<\/li>\n<li>Magazine \/ ATM \/ Mobilier \/ Aliments<\/li>\n<li>D\u00e9jeuner entre 500 et 700 Yen<\/li>\n<li><a href=\"http:\/\/natural.lawson.co.jp\/index.html\"><i class=\"glyphicon glyphicon-home\"><\/i> Visitez le site web<\/a><\/li>\n<\/ul>\n<\/div>\n<\/div>\n<\/div>\n<div class=\"row\"><!--7-->\n<p>&nbsp;<\/p>\n<div class=\"col-sm-12\">\n<div class=\"around-school-panel-2\">\n<div class=\"dot\">\n<h3>Dans la Tour Ile de Shinjuku<\/h3>\n<\/div>\n<p>5 minutes de marche<\/p>\n<div class=\"col-md-4 col-sm-12\">\n<div class=\"around-school-panel-2-inner\">\n<h4 id=\"14\"><img src=\"\/en\/wp-content\/themes\/jtis\/images\/spot\/number\/14.png\" alt=\"\"> Librairie<\/h4>\n<div class=\"around-school-panel-name\">Suehirodo<\/div>\n<ul>\n<li>Magazine \/ Fictions \/ Manuels<\/li>\n<li><a href=\"http:\/\/suenet.co.jp\/\"><i class=\"glyphicon glyphicon-home\"><\/i> Visitez le site web<\/a><\/li>\n<\/ul>\n<h4 id=\"15\"><img src=\"\/en\/wp-content\/themes\/jtis\/images\/spot\/number\/15.png\" alt=\"\"> Dentiste<\/h4>\n<div class=\"around-school-panel-name\">Dentiste Kawaguchi<\/div>\n<ul>\n<li>Entre 2000 et 3000 Yen pour une consultation<\/li>\n<li><a href=\"http:\/\/www.shinjuku-i-land.jp\/floor\/shop0011.html\"><i class=\"glyphicon glyphicon-home\"><\/i> Visitez le site web<\/a><\/li>\n<\/ul>\n<\/div>\n<\/div>\n<div class=\"col-md-4  col-sm-12\">\n<div class=\"around-school-panel-2-inner\">\n<h4 id=\"16\"><img src=\"\/en\/wp-content\/themes\/jtis\/images\/spot\/number\/16.png\" alt=\"\"> Office de Poste<\/h4>\n<div class=\"around-school-panel-name\">Bureau de poste de la Tour Ile de Shinjuku<\/div>\n<ul>\n<li>Envoi domestique pour 82 Yen et \u00e0 partir de 90 Yen pour un envoi international<\/li>\n<li><span class=\"red-text\">*Vous pouvez ouvrir un compte \u00e0 la poste (ainsi qu&rsquo;\u00e0 la banque) deux semaines apr\u00e8s votre entr\u00e9e au Japon.<\/span><\/li>\n<li><a href=\"http:\/\/www.post.japanpost.jp\/index.html\"><i class=\"glyphicon glyphicon-home\"><\/i> Visitez le site web<\/a><\/li>\n<\/ul>\n<\/div>\n<\/div>\n<figure><img src=\"\/en\/wp-content\/themes\/jtis\/images\/spot\/p14_16.jpg\" alt=\"\"><\/figure><div class=\"col-md-4  col-sm-12\"><\/div>\n<\/div>\n<\/div>\n<\/div>\n<div class=\"row\"><!--8-->\n<p>&nbsp;<\/p>\n<div class=\"col-xxs-12 col-xs-6 col-md-4\">\n<div id=\"17\" class=\"around-school-panel\"><img src=\"\/en\/wp-content\/themes\/jtis\/images\/spot\/p17.jpg\" alt=\"\">\n<p>&nbsp;<\/p>\n<h4><img src=\"\/en\/wp-content\/themes\/jtis\/images\/spot\/number\/17.png\" alt=\"\"> Bureau de poste<\/h4>\n<div class=\"around-school-panel-name\">Bureau de poste de la Tour Ile de Shinjuku<\/div>\n<ul>\n<li>8 minute walk<\/li>\n<li>Envoi domestique pour 80 Yen<\/li>\n<li>A partir de 90 Yen pour envoi \u00e0 l&rsquo;\u00e9tranger<\/li>\n<li>* Vous pouvez ouvrir un compte \u00e0 la poste (ainsi qu&rsquo;\u00e0 la banque) deux semaines apr\u00e8s votre entr\u00e9e au Japon.<\/li>\n<li><a href=\"http:\/\/www.post.japanpost.jp\/index.html\"><i class=\"glyphicon glyphicon-home\"><\/i> Visitez le site web<\/a><\/li>\n<\/ul>\n<\/div>\n<\/div>\n<div class=\"col-xxs-12 col-xs-6 col-md-4\">\n<div id=\"18\" class=\"around-school-panel\"><img src=\"\/en\/wp-content\/themes\/jtis\/images\/spot\/p18.jpg\" alt=\"\">\n<p>&nbsp;<\/p>\n<h4><img src=\"\/en\/wp-content\/themes\/jtis\/images\/spot\/number\/18.png\" alt=\"\"> H\u00f4pital<\/h4>\n<div class=\"around-school-panel-name\">Centre m\u00e9dical de l&rsquo;Immeuble Nomura-Shinjuku<\/div>\n<ul>\n<li>8 minutes de marche<\/li>\n<li>Diverses sections<\/li>\n<li><a href=\"http:\/\/www.cocokarada.jp\/hospital\/detail\/0564592\/\"><i class=\"glyphicon glyphicon-home\"><\/i> Visitez le site web<\/a><\/li>\n<\/ul>\n<\/div>\n<\/div>\n<div class=\"col-xxs-12 col-xs-6 col-md-4\">\n<div id=\"19\" class=\"around-school-panel\"><img src=\"\/en\/wp-content\/themes\/jtis\/images\/spot\/p19.jpg\" alt=\"\">\n<p>&nbsp;<\/p>\n<h4><img src=\"\/en\/wp-content\/themes\/jtis\/images\/spot\/number\/19.png\" alt=\"\"> Boutique aux produits \u00e0 100 Yen<\/h4>\n<div class=\"around-school-panel-name\">Daiso<\/div>\n<ul>\n<li>8 minutes de marche<\/li>\n<li>Diverses choses<\/li>\n<li>Les marchandises en magasin sont toutes \u00e0 100 Yen.<\/li>\n<li><a href=\"http:\/\/www.daiso-sangyo.co.jp\/\"><i class=\"glyphicon glyphicon-home\"><\/i> Visitez le site web<\/a><\/li>\n<\/ul>\n<\/div>\n<\/div>\n<p><!--9--><\/p>\n<div class=\"col-xxs-12 col-xs-6 col-md-4\">\n<div id=\"20\" class=\"around-school-panel\"><img src=\"\/en\/wp-content\/themes\/jtis\/images\/spot\/p20.jpg\" alt=\"\">\n<p>&nbsp;<\/p>\n<h4><img src=\"\/en\/wp-content\/themes\/jtis\/images\/spot\/number\/20.png\" alt=\"\"> Magasin d&rsquo;appareils \u00e9lectriques<\/h4>\n<div class=\"around-school-panel-name\">Bic Camera<\/div>\n<ul>\n<li>7 minutes de marche<\/li>\n<li>Toutes sortes d&rsquo;appareils \u00e9lectriques<\/li>\n<li>T\u00e9lephones portables entre 5000 et 10000 Yen pour un mois.<\/li>\n<li><a href=\"http:\/\/www.biccamera.com\/\"><i class=\"glyphicon glyphicon-home\"><\/i> Visitez le site web<\/a><\/li>\n<\/ul>\n<\/div>\n<\/div>\n<div class=\"col-xxs-12 col-xs-6 col-md-4\">\n<div id=\"21\" class=\"around-school-panel\"><img src=\"\/en\/wp-content\/themes\/jtis\/images\/spot\/p21.jpg\" alt=\"\">\n<p>&nbsp;<\/p>\n<h4><img src=\"\/en\/wp-content\/themes\/jtis\/images\/spot\/number\/21.png\" alt=\"\"> Magasin de v\u00eatements<\/h4>\n<div class=\"around-school-panel-name\">Uniqlo<\/div>\n<ul>\n<li>8 minutes de marche<\/li>\n<li>Toutes sortes de v\u00eatements<\/li>\n<li>T-shirt entre 1000 et 2000 Yen<\/li>\n<li><a href=\"http:\/\/www.uniqlo.com\/jp\/\"><i class=\"glyphicon glyphicon-home\"><\/i> Visitez le site web<\/a><\/li>\n<\/ul>\n<\/div>\n<\/div>\n<div class=\"col-xxs-12 col-xs-6 col-md-4\">\n<div id=\"22\" class=\"around-school-panel\"><img src=\"\/en\/wp-content\/themes\/jtis\/images\/spot\/p22.jpg\" alt=\"\">\n<p>&nbsp;<\/p>\n<h4><img src=\"\/en\/wp-content\/themes\/jtis\/images\/spot\/number\/22.png\" alt=\"\"> Banque<\/h4>\n<div class=\"around-school-panel-name\">MUFG<\/div>\n<ul>\n<li>8 minutes de marche<\/li>\n<li>* Vous pouvez avoir un ch\u00e9quier au Japon six mois apr\u00e8s votre entr\u00e9e.<\/li>\n<li><a href=\"http:\/\/www.bk.mufg.jp\/\"><i class=\"glyphicon glyphicon-home\"><\/i> Visitez le site web<\/a><\/li>\n<\/ul>\n<\/div>\n<\/div>\n<\/div>\n<\/div>\n<p><!--END 9--><\/p>\n<p><!--side 3--><\/p>\n<div class=\"col-md-3 hidden-xs\">\n<div id=\"side-container\">\n<div id=\"side-2\">\n<div id=\"side-header-basic\">\n<h4 class=\"center-text\">Pour nous contacter<\/h4>\n<\/div>\n<div class=\"side-inner-2\">HoshinoBuilding8-11-10,<br>NishiShinjuku,Shinjuku,Tokyo,<br>Japan,160-0023<br>TEL\uff1a+81-3-3363-2171<br>FAX\uff1a+81-3-3363-2175<br>E-MAIL\uff1a<a href=\"mailto:info@jtis.tokyo\">info@jtis.tokyo<\/a><br>\n<p>&nbsp;<\/p>\n<figure><a href=\"\/fr\/contact\"><img src=\"\/wp-content\/themes\/jtis-fr\/images\/contact-s.png\" alt=\"\"><\/a><\/figure><figure><a href=\"\/fr\/downloads\"><img src=\"\/wp-content\/themes\/jtis-fr\/images\/download-s.png\" alt=\"\"><\/a><\/figure><div class=\"download-side\"><br><\/div>\n<\/div>\n<div id=\"side-footer\">&nbsp;<\/div>\n<\/div>\n<div id=\"side\">\n<div class=\"side-inner\">\n<h4 class=\"center-text\"><i class=\"glyphicon glyphicon-list\"><\/i>&nbsp;M\u00eame cat\u00e9gorie que<\/h4>\n<ul>\n<li><a href=\"\/fr\/live-in-japan\/live-in-japan-2\/\">Horaires pour un jour<\/a><\/li>\n<li><a href=\"\/fr\/live-in-japan\/formalities-costs\/\">Proc\u00e9dures n\u00e9cessaires et frais de s\u00e9jour<\/a><\/li>\n<li><a href=\"\/fr\/live-in-japan\/around-school\/\">Autour de notre \u00e9cole<\/a><\/li>\n<li><a href=\"\/fr\/live-in-japan\/disaster-measures\/\">Actes n\u00e9cessaires en cas de catastrophe<\/a><\/li>\n<\/ul>\n<\/div>\n<\/div>\n<\/div>\n<\/div>\n<\/div>\n<\/div>\n\n\n\n<p><\/p>\n","protected":false},"excerpt":{"rendered":"<p>Autour de la Japan Tokyo International School 12 minutes de marche \u00e0 partir de la gare de Shinjuku 2 minutes de marche \u00e0 partir de la gare de Nishishinjuku Commentaires de la carte Notre \u00e9cole Gare de Shinjuku Gare de Nishishinjuku Restaurant Pharmacie Commerce de proximit\u00e9 Banque (ATM) Fast food Caf\u00e9 Gare de Nishishinjuku Commerce [&hellip;]<\/p>\n","protected":false},"author":1,"featured_media":1290,"parent":258,"menu_order":3,"comment_status":"closed","ping_status":"closed","template":"main.php","meta":[],"_links":{"self":[{"href":"https:\/\/jtis.tokyo\/fr\/wp-json\/wp\/v2\/pages\/254"}],"collection":[{"href":"https:\/\/jtis.tokyo\/fr\/wp-json\/wp\/v2\/pages"}],"about":[{"href":"https:\/\/jtis.tokyo\/fr\/wp-json\/wp\/v2\/types\/page"}],"author":[{"embeddable":true,"href":"https:\/\/jtis.tokyo\/fr\/wp-json\/wp\/v2\/users\/1"}],"replies":[{"embeddable":true,"href":"https:\/\/jtis.tokyo\/fr\/wp-json\/wp\/v2\/comments?post=254"}],"version-history":[{"count":22,"href":"https:\/\/jtis.tokyo\/fr\/wp-json\/wp\/v2\/pages\/254\/revisions"}],"predecessor-version":[{"id":1712,"href":"https:\/\/jtis.tokyo\/fr\/wp-json\/wp\/v2\/pages\/254\/revisions\/1712"}],"up":[{"embeddable":true,"href":"https:\/\/jtis.tokyo\/fr\/wp-json\/wp\/v2\/pages\/258"}],"wp:featuredmedia":[{"embeddable":true,"href":"https:\/\/jtis.tokyo\/fr\/wp-json\/wp\/v2\/media\/1290"}],"wp:attachment":[{"href":"https:\/\/jtis.tokyo\/fr\/wp-json\/wp\/v2\/media?parent=254"}],"curies":[{"name":"wp","href":"https:\/\/api.w.org\/{rel}","templated":true}]}}