{"id":250,"date":"2015-01-19T16:11:12","date_gmt":"2015-01-19T07:11:12","guid":{"rendered":"http:\/\/localhost\/wordpress\/?page_id=250"},"modified":"2021-05-28T14:37:20","modified_gmt":"2021-05-28T05:37:20","slug":"disaster-measures","status":"publish","type":"page","link":"https:\/\/jtis.tokyo\/fr\/live-in-japan\/disaster-measures\/","title":{"rendered":"Actes n\u00e9cessaires en cas de catastrophe"},"content":{"rendered":"<div class=\"container\">\n<div class=\"row\">\n<div class=\"col-md-9\">\n<div class=\"row\">\n<p><!-- contents --><\/p>\n<div class=\"col-sm-12\">\n<div class=\" sab-contents-outer\">\n<div class=\"sab-contents-box basic-text\">\n<h3>Actes n\u00e9cessaires en cas de catastrophe<\/h3>\n<p>Comme vous le savez, le Japon a connu d&rsquo;\u00e9normes tremblements de terre.<br \/>\nLa Japan Tokyo International School organise des le\u00e7ons sur les actes n\u00e9cessaires en cas de catastrophes r\u00e9guli\u00e8rement pour les \u00e9tudiants.<\/p>\n<\/div>\n<\/div>\n<div class=\" sab-contents-outer\">\n<div class=\"col-md-6\">\n<div class=\"sab-contents-box basic-text\">\n<h3>Visite au centre d&rsquo;apprentissage des mesures de s\u00e9curit\u00e9<\/h3>\n<p>Nos \u00e9tudiants font des activit\u00e9s pratiques.<\/p>\n<\/div>\n<\/div>\n<div class=\"col-md-6 col-xs-12\">\n<div class=\"sab-contents-box basic-text\"><iframe loading=\"lazy\" src=\"https:\/\/www.youtube.com\/embed\/tlJvg6GQRYQ\" width=\"420\" height=\"315\" frameborder=\"0\" allowfullscreen=\"allowfullscreen\"><\/iframe><\/div>\n<\/div>\n<\/div>\n<div class=\" sab-contents-outer\">\n<div class=\"sab-contents-box basic-text\">\n<h3>Les \u00e9tudiants de notre \u00e9cole apprennent \u00e0 utiliser un extincteur<\/h3>\n<p><img src=\"https:\/\/jtis.tokyo\/fr\/wp-content\/themes\/jtis\/images\/japan-life\/lij_image103.jpg\" \/><\/p>\n<\/div>\n<\/div>\n<div class=\"sab-contents-box-low\">\n<h3>Sortie de secours et extincteur<\/h3>\n<p><img src=\"https:\/\/jtis.tokyo\/fr\/wp-content\/themes\/jtis\/images\/japan-life\/lij_image104.jpg\" \/><\/p>\n<\/div>\n<\/div>\n<p><!-- contents END --><\/p>\n<\/div>\n<\/div>\n<p><!--END 9--><\/p>\n<p><!--side 3--><\/p>\n<div class=\"col-md-3 hidden-xs\">\n<div id=\"side-container\">\n<div id=\"side-2\">\n<div id=\"side-header-basic\">\n<h4 class=\"center-text\">Pour nous contacter<\/h4>\n<\/div>\n<div class=\"side-inner-2\">HoshinoBuilding8-11-10,<br \/>\nNishiShinjuku,Shinjuku,Tokyo,<br \/>\nJapan,160-0023<br \/>\nTEL\uff1a+81-3-3363-2171<br \/>\nFAX\uff1a+81-3-3363-2175<br \/>\nE-MAIL\uff1a<a href=\"mailto:info@jtis.tokyo\">info@jtis.tokyo<\/a><\/p>\n<div class=\"download-side\"><a href=\"https:\/\/jtis.tokyo\/fr\/contact\"><img src=\"https:\/\/jtis.tokyo\/wp-content\/themes\/jtis-fr\/images\/contact-s.png\" alt=\"\" \/><\/a><br \/>\n<a href=\"https:\/\/jtis.tokyo\/fr\/downloads\"><img src=\"https:\/\/jtis.tokyo\/wp-content\/themes\/jtis-fr\/images\/download-s.png\" alt=\"\" \/><\/a><\/div>\n<\/div>\n<div id=\"side-footer\"><\/div>\n<\/div>\n<div id=\"side\">\n<div class=\"side-inner\">\n<h4 class=\"center-text\"><i class=\"glyphicon glyphicon-list\"><\/i>\u00a0M\u00eame cat\u00e9gorie que<\/h4>\n<ul>\n<li><a href=\"https:\/\/jtis.tokyo\/fr\/live-in-japan\/live-in-japan-2\/\">Horaires pour un jour<\/a><\/li>\n<li><a href=\"https:\/\/jtis.tokyo\/fr\/live-in-japan\/formalities-costs\/\">Proc\u00e9dures n\u00e9cessaires et frais de s\u00e9jour<\/a><\/li>\n<li><a href=\"https:\/\/jtis.tokyo\/fr\/live-in-japan\/around-school\/\">Autour de notre \u00e9cole<\/a><\/li>\n<li><a href=\"https:\/\/jtis.tokyo\/fr\/live-in-japan\/disaster-measures\/\">Actes n\u00e9cessaires en cas de catastrophe<\/a><\/li>\n<\/ul>\n<\/div>\n<\/div>\n<\/div>\n<\/div>\n<\/div>\n<\/div>\n","protected":false},"excerpt":{"rendered":"<p>Actes n\u00e9cessaires en cas de catastrophe Comme vous le savez, le Japon a connu d&rsquo;\u00e9normes tremblements de terre. La Japan Tokyo International School organise des le\u00e7ons sur les actes n\u00e9cessaires en cas de catastrophes r\u00e9guli\u00e8rement pour les \u00e9tudiants. Visite au centre d&rsquo;apprentissage des mesures de s\u00e9curit\u00e9 Nos \u00e9tudiants font des activit\u00e9s pratiques. Les \u00e9tudiants de [&hellip;]<\/p>\n","protected":false},"author":1,"featured_media":1290,"parent":258,"menu_order":4,"comment_status":"closed","ping_status":"closed","template":"main.php","meta":[],"_links":{"self":[{"href":"https:\/\/jtis.tokyo\/fr\/wp-json\/wp\/v2\/pages\/250"}],"collection":[{"href":"https:\/\/jtis.tokyo\/fr\/wp-json\/wp\/v2\/pages"}],"about":[{"href":"https:\/\/jtis.tokyo\/fr\/wp-json\/wp\/v2\/types\/page"}],"author":[{"embeddable":true,"href":"https:\/\/jtis.tokyo\/fr\/wp-json\/wp\/v2\/users\/1"}],"replies":[{"embeddable":true,"href":"https:\/\/jtis.tokyo\/fr\/wp-json\/wp\/v2\/comments?post=250"}],"version-history":[{"count":8,"href":"https:\/\/jtis.tokyo\/fr\/wp-json\/wp\/v2\/pages\/250\/revisions"}],"predecessor-version":[{"id":1713,"href":"https:\/\/jtis.tokyo\/fr\/wp-json\/wp\/v2\/pages\/250\/revisions\/1713"}],"up":[{"embeddable":true,"href":"https:\/\/jtis.tokyo\/fr\/wp-json\/wp\/v2\/pages\/258"}],"wp:featuredmedia":[{"embeddable":true,"href":"https:\/\/jtis.tokyo\/fr\/wp-json\/wp\/v2\/media\/1290"}],"wp:attachment":[{"href":"https:\/\/jtis.tokyo\/fr\/wp-json\/wp\/v2\/media?parent=250"}],"curies":[{"name":"wp","href":"https:\/\/api.w.org\/{rel}","templated":true}]}}