{"id":246,"date":"2015-01-19T16:10:24","date_gmt":"2015-01-19T07:10:24","guid":{"rendered":"http:\/\/localhost\/wordpress\/?page_id=246"},"modified":"2021-05-28T14:31:07","modified_gmt":"2021-05-28T05:31:07","slug":"formalities-costs","status":"publish","type":"page","link":"https:\/\/jtis.tokyo\/fr\/live-in-japan\/formalities-costs\/","title":{"rendered":"Proc\u00e9dures n\u00e9cessaires et frais de s\u00e9jour"},"content":{"rendered":"<div class=\"container\">\n<div class=\"row\">\n<div class=\"col-md-9\">\n<div class=\"row\">\n<p><!-- contents --><\/p>\n<div class=\"col-sm-12\">\n<div class=\"sab-contents-outer\">\n<div class=\"col-md-8\">\n<div class=\"sab-contents-box basic-text\">\n<h3>carte de r\u00e9sident<\/h3>\n<p>Apr\u00e8s avoir obtenu votre carte de r\u00e9sident \u00e0 l&rsquo;a\u00e9roport de Narita ou \u00e0 celui d&rsquo;o\u00f9 vous \u00eates parti, vous devez informer les autorit\u00e9s sur l&rsquo;endroit o\u00f9 vous allez habiter au minist\u00e8re de la Justice dans leurs bureaux locaux, cette proc\u00e9dure doit se faire avec votre carte de r\u00e9sident dans les 14 jours apr\u00e8s avoir d\u00e9cid\u00e9 de votre lieu de vie.<\/p>\n<\/div>\n<\/div>\n<div class=\"col-md-4 hidden-xs\">\n<div class=\"sab-contents-box\"><img src=\"https:\/\/jtis.tokyo\/fr\/wp-content\/themes\/jtis\/images\/japan-life\/card.jpg\" \/><\/div>\n<\/div>\n<\/div>\n<div id=\"1\" class=\"sab-contents-outer\">\n<div class=\"col-md-8\">\n<div class=\"sab-contents-box basic-text\">\n<h3>Assurance nationale de sant\u00e9<\/h3>\n<p>Les frais m\u00e9diaux sont assez importants si vous tombez malade ou vous blessez. Dans ce cas il est bien de prendre l&rsquo;assurance nationale de sant\u00e9 parce qu&rsquo;elle couvre 70% de vos d\u00e9penses m\u00e9dicales. Si vous ne prenez pas l&rsquo;assurance nationale de sant\u00e9, m\u00eame si vous \u00eates malade, vous ne voudrez probablement pas aller \u00e0 l&rsquo;h\u00f4pital \u00e0 cause du prix qui vous inqui\u00e9tera s\u00fbrement. Apr\u00e8s \u00eatre entr\u00e9 dans notre \u00e9cole, notre personnel va vous aider avec les proc\u00e9dures. Vous apportez votre passeport ou votre carte d&rsquo;immatriculation d&rsquo;\u00e9tranger au bureau du gouvernement o\u00f9 vous aviez enregistr\u00e9 votre immatriculation d&rsquo;\u00e9tranger, et vous poursuivez le processus de demande.<\/p>\n<\/div>\n<\/div>\n<div class=\"col-md-4 hidden-xs\">\n<div class=\"sab-contents-box\"><img src=\"https:\/\/jtis.tokyo\/fr\/wp-content\/themes\/jtis\/images\/japan-life\/hospital.jpg\" \/><\/div>\n<\/div>\n<\/div>\n<div id=\"2\" class=\"sab-contents-outer\">\n<div class=\"col-md-8\">\n<div class=\"sab-contents-box basic-text\">\n<h3>Permis de travail<\/h3>\n<p>Normalement les \u00e9tudiants \u00e9trangers ne sont pas autoris\u00e9s \u00e0 travailler au Japon. Si vous souhaitez travailler \u00e0 temps partiel, vous devez nous demander la permission et demander un permis de travail. Apportez votre passeport et votre carte d&rsquo;immatriculation d&rsquo;\u00e9tranger et remplissez le formulaire de demande. L&rsquo;\u00e9cole apportera votre passeport, carte d&rsquo;immatriculation d&rsquo;\u00e9tranger et formulaire d&rsquo;inscription \u00e0 l&rsquo;immigration au cours du premier mois apr\u00e8s votre arriv\u00e9e dans le pays.<\/p>\n<p><strong>Bureau de l&rsquo;immigration du Japon Site Web<\/strong><br \/>\n<a title=\"\u5165\u56fd\u7ba1\u7406\u5c40\" href=\"http:\/\/www.immi-moj.go.jp\/\" target=\"_blank\" rel=\"noopener\">http:\/\/www.immi-moj.go.jp\/<\/a><\/p>\n<\/div>\n<\/div>\n<div class=\"col-md-4 hidden-xs\">\n<div class=\"sab-contents-box\"><img src=\"https:\/\/jtis.tokyo\/fr\/wp-content\/themes\/jtis\/images\/japan-life\/license.gif\" \/><\/div>\n<\/div>\n<\/div>\n<div id=\"3\" class=\"sab-contents-outer\">\n<div class=\"col-md-8\">\n<div class=\"sab-contents-box  basic-text\">\n<h3>Emploi \u00e0 temps partiel<\/h3>\n<p>Les \u00e9tudiants \u00e9trangers peuvent travailler \u00e0 temps partiel apr\u00e8s avoir obtenu un permis de travail. Le salaire est diff\u00e9rent selon les r\u00e9gions, cependant le salaire moyen est de 800 \u00e0 1200 Yen. Les \u00e9tudiants ayant un visa d&rsquo;\u00e9tudiant sont autoris\u00e9s \u00e0 travailler jusqu&rsquo;\u00e0 28 heures par semaine. Si vous travaillez 28 heures chaque semaine, votre salaire mensuel sera entre 89600 et 134400 Yen.<br \/>\n<span class=\"red-text\">Toutefois, si votre japonais n&rsquo;est pas assez bon, vous ne serez pas forc\u00e9ment en mesure de pouvoir travailler \u00e0 temps partiel.<\/span><br \/>\nLes \u00e9tudiants, en particulier ceux qui \u00e9tudient dans les cours de d\u00e9butants, sont invit\u00e9s \u00e0 se concentrer sur l&rsquo;am\u00e9lioration de leurs comp\u00e9tences en japonais plut\u00f4t que d&rsquo;\u00eatre trop d\u00e9sireux de trouver un emploi \u00e0 temps partiel dans les six premiers mois. Vous serez ainsi capables de d\u00e9velopper votre japonais activement et de trouver un emploi rapidement.<\/p>\n<\/div>\n<\/div>\n<div class=\"col-md-4 hidden-xs\">\n<div class=\"sab-contents-box\"><img src=\"https:\/\/jtis.tokyo\/fr\/wp-content\/themes\/jtis\/images\/japan-life\/working.jpg\" \/><\/div>\n<\/div>\n<\/div>\n<div class=\"sab-contents-outer\">\n<div class=\"col-md-12\">\n<div class=\"sab-contents-box basic-text\">\n<h3>Simulation des frais de s\u00e9jour pour un mois<\/h3>\n<p>Les frais de s\u00e9jour d&rsquo;un \u00e9tudiant \u00e9tranger pendant un mois sont simul\u00e9s ci-dessous. Etablissez un plan, pr\u00e9parez vous pour profitez pleinement de votre vie au Japon.<br \/>\n<span class=\"red-text\">*\u00a0La simulation ci-dessus est une estimation approximative. Les frais de s\u00e9jour r\u00e9els varient en fonction des \u00e9tudiants.<br \/>\n*\u00a0Il est co\u00fbteux de commencer une nouvelle vie au Japon. Veuillez apporter au moins 300000 Yen avec vous pour vos frais de s\u00e9jour lors de votre arriv\u00e9e dans le pays.<\/span><br \/>\n<img src=\"https:\/\/jtis.tokyo\/wp-content\/themes\/jtis-fr\/images\/japan-life\/graph.png\" alt=\"\uff11\u30f6\u6708\u306e\u751f\u6d3b\u8cbb\u30b7\u30df\u30e5\u30ec\u30fc\u30b7\u30e7\u30f3\" \/><\/p>\n<\/div>\n<\/div>\n<\/div>\n<\/div>\n<p><!-- contents END --><\/p>\n<\/div>\n<\/div>\n<p><!--END 9--><\/p>\n<p><!--side 3--><\/p>\n<div class=\"col-md-3 hidden-xs\">\n<div id=\"side-container\">\n<div id=\"side-2\">\n<div id=\"side-header-basic\">\n<h4 class=\"center-text\">Pour nous contacter<\/h4>\n<\/div>\n<div class=\"side-inner-2\">HoshinoBuilding8-11-10,<br \/>\nNishiShinjuku,Shinjuku,Tokyo,<br \/>\nJapan,160-0023<br \/>\nTEL\uff1a+81-3-3363-2171<br \/>\nFAX\uff1a+81-3-3363-2175<br \/>\nE-MAIL\uff1a<a href=\"mailto:info@jtis.tokyo\">info@jtis.tokyo<\/a><\/p>\n<div class=\"download-side\"><a href=\"https:\/\/jtis.tokyo\/fr\/contact\"><img src=\"https:\/\/jtis.tokyo\/wp-content\/themes\/jtis-fr\/images\/contact-s.png\" alt=\"\" \/><\/a><br \/>\n<a href=\"https:\/\/jtis.tokyo\/fr\/downloads\"><img src=\"https:\/\/jtis.tokyo\/wp-content\/themes\/jtis-fr\/images\/download-s.png\" alt=\"\" \/><\/a><\/div>\n<\/div>\n<div id=\"side-footer\"><\/div>\n<\/div>\n<div id=\"side\">\n<div class=\"side-inner\">\n<h4 class=\"center-text\"><i class=\"glyphicon glyphicon-list\"><\/i>\u00a0M\u00eame cat\u00e9gorie que<\/h4>\n<ul>\n<li><a href=\"https:\/\/jtis.tokyo\/fr\/live-in-japan\/live-in-japan-2\/\">Horaires pour un jour<\/a><\/li>\n<li><a href=\"https:\/\/jtis.tokyo\/fr\/live-in-japan\/formalities-costs\/\">Proc\u00e9dures n\u00e9cessaires et frais de s\u00e9jour<\/a><\/li>\n<li><a href=\"https:\/\/jtis.tokyo\/fr\/live-in-japan\/around-school\/\">Autour de notre \u00e9cole<\/a><\/li>\n<li><a href=\"https:\/\/jtis.tokyo\/fr\/live-in-japan\/disaster-measures\/\">Actes n\u00e9cessaires en cas de catastrophe<\/a><\/li>\n<\/ul>\n<\/div>\n<\/div>\n<\/div>\n<\/div>\n<\/div>\n<\/div>\n","protected":false},"excerpt":{"rendered":"<p>carte de r\u00e9sident Apr\u00e8s avoir obtenu votre carte de r\u00e9sident \u00e0 l&rsquo;a\u00e9roport de Narita ou \u00e0 celui d&rsquo;o\u00f9 vous \u00eates parti, vous devez informer les autorit\u00e9s sur l&rsquo;endroit o\u00f9 vous allez habiter au minist\u00e8re de la Justice dans leurs bureaux locaux, cette proc\u00e9dure doit se faire avec votre carte de r\u00e9sident dans les 14 jours [&hellip;]<\/p>\n","protected":false},"author":1,"featured_media":1290,"parent":258,"menu_order":2,"comment_status":"closed","ping_status":"closed","template":"main.php","meta":[],"_links":{"self":[{"href":"https:\/\/jtis.tokyo\/fr\/wp-json\/wp\/v2\/pages\/246"}],"collection":[{"href":"https:\/\/jtis.tokyo\/fr\/wp-json\/wp\/v2\/pages"}],"about":[{"href":"https:\/\/jtis.tokyo\/fr\/wp-json\/wp\/v2\/types\/page"}],"author":[{"embeddable":true,"href":"https:\/\/jtis.tokyo\/fr\/wp-json\/wp\/v2\/users\/1"}],"replies":[{"embeddable":true,"href":"https:\/\/jtis.tokyo\/fr\/wp-json\/wp\/v2\/comments?post=246"}],"version-history":[{"count":8,"href":"https:\/\/jtis.tokyo\/fr\/wp-json\/wp\/v2\/pages\/246\/revisions"}],"predecessor-version":[{"id":1705,"href":"https:\/\/jtis.tokyo\/fr\/wp-json\/wp\/v2\/pages\/246\/revisions\/1705"}],"up":[{"embeddable":true,"href":"https:\/\/jtis.tokyo\/fr\/wp-json\/wp\/v2\/pages\/258"}],"wp:featuredmedia":[{"embeddable":true,"href":"https:\/\/jtis.tokyo\/fr\/wp-json\/wp\/v2\/media\/1290"}],"wp:attachment":[{"href":"https:\/\/jtis.tokyo\/fr\/wp-json\/wp\/v2\/media?parent=246"}],"curies":[{"name":"wp","href":"https:\/\/api.w.org\/{rel}","templated":true}]}}