{"id":242,"date":"2015-01-19T16:09:35","date_gmt":"2015-01-19T07:09:35","guid":{"rendered":"http:\/\/localhost\/wordpress\/?page_id=242"},"modified":"2021-05-28T14:30:29","modified_gmt":"2021-05-28T05:30:29","slug":"live-in-japan-2","status":"publish","type":"page","link":"https:\/\/jtis.tokyo\/fr\/live-in-japan\/live-in-japan-2\/","title":{"rendered":"Horaires pour un jour"},"content":{"rendered":"<div class=\"container\">\n<div class=\"row\">\n<div class=\"col-md-9\">\n<div class=\"row\">\n<p><!-- contents --><\/p>\n<div class=\"col-md-12\">\n<p><!--selection1--><\/p>\n<div class=\"schedule-title col-md-12\"><span class=\"schedule-title-time\">8:30<\/span>\u00a0Aller \u00e0 l&rsquo;\u00e9cole<\/div>\n<div class=\"col-md-12 content-mid-schedule-box\"><img src=\"https:\/\/jtis.tokyo\/en\/wp-content\/themes\/jtis\/images\/japan-life\/schedule\/schedule-1.jpg\" \/>\u00a0<img class=\"hidden-xs\" src=\"https:\/\/jtis.tokyo\/en\/wp-content\/themes\/jtis\/images\/japan-life\/schedule\/schedule-2.jpg\" \/><br \/>\nA deux minutes \u00e0 pied de la gare de Nishishinjuku et huit minutes de marche de la gare de Shinjuku. Avant que les cours ne commencent, vous avez un moment pour pouvoir demander ce que vous ne comprenez pas aux professeurs.<\/div>\n<div class=\"schedule-arrow col-md-12\"><img src=\"https:\/\/jtis.tokyo\/en\/wp-content\/themes\/jtis\/images\/japan-life\/schedule-arrow.png\" \/><\/div>\n<div class=\"schedule-title col-md-12\"><span class=\"schedule-title-time\">9:00<\/span>\u00a0La premi\u00e8re session commence.<\/div>\n<div class=\"col-md-12 content-mid-schedule-box\"><img src=\"https:\/\/jtis.tokyo\/en\/wp-content\/themes\/jtis\/images\/japan-life\/schedule\/schedule-3.jpg\" \/>\u00a0<img class=\"hidden-xs\" src=\"https:\/\/jtis.tokyo\/en\/wp-content\/themes\/jtis\/images\/japan-life\/schedule\/schedule-4.jpg\" \/><br \/>\nVous apprenez le japonais de fa\u00e7on \u00e9quilibr\u00e9e : prononciation, grammaire, vocabulaire, conversation, etc.<\/p>\n<div class=\"basic-text-s\"><a href=\"https:\/\/jtis.tokyo\/en\/achievements\/texts\">\u00a0plus de d\u00e9tails<\/a><\/div>\n<\/div>\n<div class=\"schedule-arrow col-md-12\"><img src=\"https:\/\/jtis.tokyo\/en\/wp-content\/themes\/jtis\/images\/japan-life\/schedule-arrow.png\" \/><\/div>\n<div class=\"schedule-title col-md-12\"><span class=\"schedule-title-time\">10:30<\/span>\u00a0Pause<\/div>\n<div class=\"col-md-12 content-mid-schedule-box\"><img src=\"https:\/\/jtis.tokyo\/en\/wp-content\/themes\/jtis\/images\/japan-life\/schedule\/schedule-13.jpg\" \/>\u00a0<img class=\"hidden-xs\" src=\"https:\/\/jtis.tokyo\/en\/wp-content\/themes\/jtis\/images\/japan-life\/schedule\/schedule-8.jpg\" \/><br \/>\nVous pouvez discuter avec les \u00e9l\u00e8ves des autres classes, parler aux professeurs de ce qui vous inqui\u00e8te..<\/div>\n<div class=\"schedule-arrow col-md-12\"><img src=\"https:\/\/jtis.tokyo\/en\/wp-content\/themes\/jtis\/images\/japan-life\/schedule-arrow.png\" \/><\/div>\n<div class=\"schedule-title col-md-12\"><span class=\"schedule-title-time\">10:45<\/span>\u00a0D\u00e9but de la seconde session<\/div>\n<div class=\"col-md-12 content-mid-schedule-box\"><img src=\"https:\/\/jtis.tokyo\/en\/wp-content\/themes\/jtis\/images\/japan-life\/schedule\/schedule-14.jpg\" \/><br \/>\nTestez votre japonais apr\u00e8s chaque le\u00e7on et am\u00e9liorez vos comp\u00e9tences en japonais.<\/div>\n<div class=\"schedule-arrow col-md-12\"><img src=\"https:\/\/jtis.tokyo\/en\/wp-content\/themes\/jtis\/images\/japan-life\/schedule-arrow.png\" \/><\/div>\n<div class=\"schedule-title col-md-12\"><span class=\"schedule-title-time\">12:15<\/span>\u00a0Cours finis, d\u00e9jeuner<\/div>\n<div class=\"col-md-12 content-mid-schedule-box\"><img src=\"https:\/\/jtis.tokyo\/en\/wp-content\/themes\/jtis\/images\/japan-life\/schedule\/schedule-16.jpg\" \/><br \/>\nIl y a beaucoup de restaurants, commerces de proximit\u00e9, fast-food et divers magasins. Certains de nos \u00e9l\u00e8ves apportent m\u00eame leur propres repas. Les \u00e9tudiants qui ne veulent pas assister aux cours pour se pr\u00e9parer \u00e0 entrer en universit\u00e9 peuvent rentrer chez eux.<\/p>\n<div class=\"basic-text-s\"><a href=\"https:\/\/jtis.tokyo\/en\/live-in-japan\/around-school\">\u00a0Cliquez ici pour plus d&rsquo;informations concernant ce qu&rsquo;on peut trouver autour de notre \u00e9cole.<\/a><\/div>\n<\/div>\n<div class=\"schedule-arrow col-md-12\"><img src=\"https:\/\/jtis.tokyo\/en\/wp-content\/themes\/jtis\/images\/japan-life\/schedule-arrow.png\" \/><\/div>\n<div class=\"schedule-title col-md-12\"><span class=\"schedule-title-time\">13:30<\/span>\u00a0Cours pour assister au niveau universitaire<\/div>\n<div class=\"col-md-12 content-mid-schedule-box\"><img src=\"https:\/\/jtis.tokyo\/en\/wp-content\/themes\/jtis\/images\/japan-life\/schedule\/schedule-9.jpg\" \/><br \/>\nNous proposons des cours optionnels pour ceux qui veulent aller \u00e0 l&rsquo;universit\u00e9 ou dans un \u00e9tablissement sup\u00e9rieur. Vous pouvez assister \u00e0 ces cours optionnels concernant le JLPT et le EJU. Les sujets du EJU sont, le japonais, les math\u00e9matiques, le Japon et le monde, et les sciences.<\/div>\n<div class=\"schedule-arrow col-md-12\"><img src=\"https:\/\/jtis.tokyo\/en\/wp-content\/themes\/jtis\/images\/japan-life\/schedule-arrow.png\" \/><\/div>\n<div class=\"schedule-title col-md-12\"><span class=\"schedule-title-time\">15:00<\/span>\u00a0Heure de rentrer<\/div>\n<div class=\"col-md-12 content-mid-schedule-box\"><img src=\"https:\/\/jtis.tokyo\/en\/wp-content\/themes\/jtis\/images\/japan-life\/schedule\/schedule-5.jpg\" \/><br \/>\nCertains de nos \u00e9tudiants rentrent chez eux et d&rsquo;autres restent et \u00e9tudient le japonais.<\/div>\n<div class=\"schedule-arrow col-md-12\"><img src=\"https:\/\/jtis.tokyo\/en\/wp-content\/themes\/jtis\/images\/japan-life\/schedule-arrow.png\" \/><\/div>\n<div class=\"schedule-title col-md-12\"><span class=\"schedule-title-time\">18:00<\/span>\u00a0A la maison<\/div>\n<div class=\"col-md-12 content-mid-schedule-box\"><img src=\"https:\/\/jtis.tokyo\/en\/wp-content\/themes\/jtis\/images\/japan-life\/schedule\/schedule-10.jpg\" \/>\u00a0<img src=\"https:\/\/jtis.tokyo\/en\/wp-content\/themes\/jtis\/images\/japan-life\/schedule\/schedule-11.jpg\" \/>\u00a0<img src=\"https:\/\/jtis.tokyo\/en\/wp-content\/themes\/jtis\/images\/japan-life\/schedule\/schedule-12.jpg\" \/><br \/>\nNos \u00e9tudiants passent leur temps comme ils le veulent, cuisiner, faire les courses, discuter sur internet, etc.<\/div>\n<div class=\"schedule-arrow col-md-12\"><img src=\"https:\/\/jtis.tokyo\/en\/wp-content\/themes\/jtis\/images\/japan-life\/schedule-arrow.png\" \/><\/div>\n<div class=\"schedule-title col-md-12\"><span class=\"schedule-title-time\">23:00<\/span>\u00a0Heure de dormir<\/div>\n<div class=\"col-md-12 content-mid-schedule-box\">A demain.<br \/>\nFaites de beaux r\u00eaves !<\/div>\n<\/div>\n<p><!-- contents END --><\/p>\n<\/div>\n<\/div>\n<p><!--END 9--><\/p>\n<p><!--side 3--><\/p>\n<div class=\"col-md-3 hidden-xs\">\n<div id=\"side-container\">\n<div id=\"side-2\">\n<div id=\"side-header-basic\">\n<h4 class=\"center-text\">Pour nous contacter<\/h4>\n<\/div>\n<div class=\"side-inner-2\">HoshinoBuilding8-11-10,<br \/>\nNishiShinjuku,Shinjuku,Tokyo,<br \/>\nJapan,160-0023<br \/>\nTEL\uff1a+81-3-3363-2171<br \/>\nFAX\uff1a+81-3-3363-2175<br \/>\nE-MAIL\uff1a<a href=\"mailto:info@jtis.tokyo\">info@jtis.tokyo<\/a><\/p>\n<div class=\"download-side\">\n<p class=\"bottom-20\"><a href=\"https:\/\/jtis.tokyo\/fr\/downloads\"><img src=\"https:\/\/jtis.tokyo\/wp-content\/themes\/jtis-fr\/images\/download-s.png\" \/><\/a><\/p>\n<\/div>\n<\/div>\n<div id=\"side-footer\"><\/div>\n<\/div>\n<div id=\"side\">\n<div class=\"side-inner\">\n<h4 class=\"center-text\"><i class=\"glyphicon glyphicon-list\"><\/i>\u00a0M\u00eame cat\u00e9gorie que<\/h4>\n<ul>\n<li><a href=\"https:\/\/jtis.tokyo\/fr\/courses\/long\">Japonais d\u00e9taill\u00e9 (A partir de cours intensifs de courte dur\u00e9e jusqu\u2019\u00e0 des cours de longue dur\u00e9e)<\/a><\/li>\n<li><a href=\"https:\/\/jtis.tokyo\/fr\/courses\/short\">Pour ceux qui viennent au Japon avec un visa de courte dur\u00e9e et ceux titulaires d&rsquo;un visa vacances travail<\/a><\/li>\n<li><a href=\"https:\/\/jtis.tokyo\/fr\/courses\/japan\">Pour ceux qui vivent au Japon<\/a><\/li>\n<li><a href=\"https:\/\/jtis.tokyo\/fr\/courses\/business\">Pour ceux qui veulent apprendre le japonais pour les affaires<\/a><\/li>\n<\/ul>\n<\/div>\n<\/div>\n<\/div>\n<\/div>\n<\/div>\n<\/div>\n","protected":false},"excerpt":{"rendered":"<p>8:30\u00a0Aller \u00e0 l&rsquo;\u00e9cole \u00a0 A deux minutes \u00e0 pied de la gare de Nishishinjuku et huit minutes de marche de la gare de Shinjuku. Avant que les cours ne commencent, vous avez un moment pour pouvoir demander ce que vous ne comprenez pas aux professeurs. 9:00\u00a0La premi\u00e8re session commence. \u00a0 Vous apprenez le japonais de [&hellip;]<\/p>\n","protected":false},"author":1,"featured_media":1290,"parent":258,"menu_order":1,"comment_status":"closed","ping_status":"closed","template":"main.php","meta":[],"_links":{"self":[{"href":"https:\/\/jtis.tokyo\/fr\/wp-json\/wp\/v2\/pages\/242"}],"collection":[{"href":"https:\/\/jtis.tokyo\/fr\/wp-json\/wp\/v2\/pages"}],"about":[{"href":"https:\/\/jtis.tokyo\/fr\/wp-json\/wp\/v2\/types\/page"}],"author":[{"embeddable":true,"href":"https:\/\/jtis.tokyo\/fr\/wp-json\/wp\/v2\/users\/1"}],"replies":[{"embeddable":true,"href":"https:\/\/jtis.tokyo\/fr\/wp-json\/wp\/v2\/comments?post=242"}],"version-history":[{"count":11,"href":"https:\/\/jtis.tokyo\/fr\/wp-json\/wp\/v2\/pages\/242\/revisions"}],"predecessor-version":[{"id":1704,"href":"https:\/\/jtis.tokyo\/fr\/wp-json\/wp\/v2\/pages\/242\/revisions\/1704"}],"up":[{"embeddable":true,"href":"https:\/\/jtis.tokyo\/fr\/wp-json\/wp\/v2\/pages\/258"}],"wp:featuredmedia":[{"embeddable":true,"href":"https:\/\/jtis.tokyo\/fr\/wp-json\/wp\/v2\/media\/1290"}],"wp:attachment":[{"href":"https:\/\/jtis.tokyo\/fr\/wp-json\/wp\/v2\/media?parent=242"}],"curies":[{"name":"wp","href":"https:\/\/api.w.org\/{rel}","templated":true}]}}