{"id":236,"date":"2015-01-19T15:53:08","date_gmt":"2015-01-19T06:53:08","guid":{"rendered":"http:\/\/localhost\/wordpress\/?page_id=236"},"modified":"2022-09-27T15:16:49","modified_gmt":"2022-09-27T06:16:49","slug":"texts","status":"publish","type":"page","link":"https:\/\/jtis.tokyo\/fr\/achievements\/texts\/","title":{"rendered":"Mat\u00e9riel p\u00e9dagogique et photos"},"content":{"rendered":"<div class=\"container\">\n<div class=\"row\">\n<div class=\"col-md-9\">\n<div class=\"row\">\n<div class=\"sab-contents-outer\"><!--title--><\/p>\n<div class=\"contents-box\">\n<h3>Le mat\u00e9riel d&rsquo;enseignement<\/h3>\n<\/div>\n<div class=\"col-md-12 col-xs-12 img-responsive\"><img loading=\"lazy\" class=\"alignnone size-full wp-image-1723\" src=\"https:\/\/jtis.tokyo\/fr\/wp-content\/uploads\/sites\/8\/2022\/09\/dekiru.png\" alt=\"\" width=\"960\" height=\"641\" srcset=\"https:\/\/jtis.tokyo\/fr\/wp-content\/uploads\/sites\/8\/2022\/09\/dekiru.png 960w, https:\/\/jtis.tokyo\/fr\/wp-content\/uploads\/sites\/8\/2022\/09\/dekiru-300x200.png 300w, https:\/\/jtis.tokyo\/fr\/wp-content\/uploads\/sites\/8\/2022\/09\/dekiru-768x513.png 768w\" sizes=\"(max-width: 960px) 100vw, 960px\" \/><\/p>\n<div class=\"sab-contents-box-space-60\"><\/div>\n<\/div>\n<\/div>\n<div class=\"sab-contents-outer\">\n<div class=\"contents-box\">\n<h3>Photo<\/h3>\n<p><!--section1--><\/p>\n<div class=\"col-md-4 col-xs-6 img-responsive\">\n<div class=\"center-text school\"><img src=\"https:\/\/jtis.tokyo\/en\/wp-content\/themes\/jtis\/images\/achievements\/tuition\/tuition-1.jpg\" \/><\/div>\n<\/div>\n<p><!--section2--><\/p>\n<div class=\"col-md-4 col-xs-6  img-responsive\">\n<div class=\"center-text school\"><img src=\"https:\/\/jtis.tokyo\/en\/wp-content\/themes\/jtis\/images\/achievements\/tuition\/tuition-2.jpg\" \/><\/div>\n<\/div>\n<p><!--section3--><\/p>\n<div class=\"col-md-4 col-xs-6  img-responsive\">\n<div class=\"center-text school\"><img src=\"https:\/\/jtis.tokyo\/en\/wp-content\/themes\/jtis\/images\/achievements\/tuition\/tuition-3.jpg\" \/><\/div>\n<\/div>\n<p><!--section4--><\/p>\n<div class=\"col-md-4 col-xs-6  img-responsive\">\n<div class=\"center-text school\"><img src=\"https:\/\/jtis.tokyo\/en\/wp-content\/themes\/jtis\/images\/achievements\/tuition\/tuition-4.jpg\" \/><\/div>\n<\/div>\n<p><!--section5--><\/p>\n<div class=\"col-md-4 col-xs-6  img-responsive\">\n<div class=\"center-text school\"><img src=\"https:\/\/jtis.tokyo\/en\/wp-content\/themes\/jtis\/images\/achievements\/tuition\/tuition-5.jpg\" \/><\/div>\n<\/div>\n<p><!--section6--><\/p>\n<div class=\"col-md-4 col-xs-6  img-responsive\">\n<div class=\"center-text school\"><img src=\"https:\/\/jtis.tokyo\/en\/wp-content\/themes\/jtis\/images\/achievements\/tuition\/tuition-6.jpg\" \/><\/div>\n<\/div>\n<p><!--section7--><\/p>\n<div class=\"col-md-4 col-xs-6  img-responsive\">\n<div class=\"center-text school\"><img src=\"https:\/\/jtis.tokyo\/en\/wp-content\/themes\/jtis\/images\/achievements\/tuition\/tuition-7.jpg\" \/><\/div>\n<\/div>\n<p><!--section8--><\/p>\n<div class=\"col-md-4 col-xs-6  img-responsive\">\n<div class=\"center-text school\"><img src=\"https:\/\/jtis.tokyo\/en\/wp-content\/themes\/jtis\/images\/achievements\/tuition\/tuition-8.jpg\" \/><\/div>\n<\/div>\n<p><!--section9--><\/p>\n<div class=\"col-md-4 col-xs-6  img-responsive hidden-xs\">\n<div class=\"center-text school\"><img src=\"https:\/\/jtis.tokyo\/en\/wp-content\/themes\/jtis\/images\/achievements\/tuition\/tuition-9.jpg\" \/><\/div>\n<\/div>\n<p><!--video\n\n\n<h3>motion picture<\/h3>\n\n\n<video src=\"https:\/\/jtis.tokyo\/en\/wp-content\/themes\/jtis\/images\/achievements\/tuition\/video01.mp4\" controls preload=\"auto\" width=\"100%\"><\/video>--><\/p>\n<\/div>\n<\/div>\n<p><!-- contents --><\/p>\n<div class=\"col-sm-12\"><\/div>\n<p><!-- contents END --><\/p>\n<\/div>\n<\/div>\n<p><!--END 9--><\/p>\n<p><!--side 3--><\/p>\n<div class=\"col-md-3 hidden-xs\">\n<div id=\"side-container\">\n<div id=\"side-2\">\n<div id=\"side-header-basic\">\n<h4 class=\"center-text\">Pour nous contacter<\/h4>\n<\/div>\n<div class=\"side-inner-2\">HoshinoBuilding8-11-10,<br \/>\nNishiShinjuku,Shinjuku,Tokyo,<br \/>\nJapan,160-0023<br \/>\nTEL\uff1a+81-3-3363-2171<br \/>\nFAX\uff1a+81-3-3363-2175<br \/>\nE-MAIL\uff1a<a href=\"mailto:info@jtis.tokyo\">info@jtis.tokyo<\/a><\/p>\n<hr \/>\n<div class=\"download-side\"><a href=\"https:\/\/jtis.tokyo\/fr\/contact\"><img src=\"https:\/\/jtis.tokyo\/wp-content\/themes\/jtis-fr\/images\/contact-s.png\" alt=\"\" \/><\/a><br \/>\n<a href=\"https:\/\/jtis.tokyo\/fr\/downloads\"><img src=\"https:\/\/jtis.tokyo\/wp-content\/themes\/jtis-fr\/images\/download-s.png\" alt=\"\" \/><\/a><\/div>\n<\/div>\n<div id=\"side-footer\"><\/div>\n<\/div>\n<div id=\"side\">\n<div class=\"side-inner\">\n<h4 class=\"center-text\"><i class=\"glyphicon glyphicon-list\"><\/i>\u00a0M\u00eame cat\u00e9gorie que<\/h4>\n<ul>\n<li><a href=\"https:\/\/jtis.tokyo\/fr\/courses\/long\">Japonais d\u00e9taill\u00e9<br \/>\n(A partir de cours intensifs de courte dur\u00e9e jusqu&rsquo;\u00e0 des cours de longue dur\u00e9e)<\/a><\/li>\n<li><a href=\"https:\/\/jtis.tokyo\/fr\/achievements\/achievements\/\">Le processus d\u2019orientation professionnelle<\/a><\/li>\n<li><a href=\"https:\/\/jtis.tokyo\/fr\/achievements\/admission\/\">Carri\u00e8res apr\u00e8s l\u2019obtention du dipl\u00f4me<\/a><\/li>\n<li><a href=\"https:\/\/jtis.tokyo\/fr\/achievements\/option\/\">Cours en option<\/a><\/li>\n<li><a href=\"https:\/\/jtis.tokyo\/fr\/achievements\/texts\/\">Mat\u00e9riel p\u00e9dagogique et photos<\/a><\/li>\n<\/ul>\n<\/div>\n<\/div>\n<\/div>\n<\/div>\n<\/div>\n<\/div>\n<p><!--more--><\/p>\n","protected":false},"excerpt":{"rendered":"<p>Le mat\u00e9riel d&rsquo;enseignement Photo Pour nous contacter HoshinoBuilding8-11-10, NishiShinjuku,Shinjuku,Tokyo, Japan,160-0023 TEL\uff1a+81-3-3363-2171 FAX\uff1a+81-3-3363-2175 E-MAIL\uff1ainfo@jtis.tokyo \u00a0M\u00eame cat\u00e9gorie que Japonais d\u00e9taill\u00e9 (A partir de cours intensifs de courte dur\u00e9e jusqu&rsquo;\u00e0 des cours de longue dur\u00e9e) Le processus d\u2019orientation professionnelle Carri\u00e8res apr\u00e8s l\u2019obtention du dipl\u00f4me Cours en option Mat\u00e9riel p\u00e9dagogique et photos<\/p>\n","protected":false},"author":1,"featured_media":1288,"parent":226,"menu_order":4,"comment_status":"closed","ping_status":"closed","template":"main.php","meta":[],"_links":{"self":[{"href":"https:\/\/jtis.tokyo\/fr\/wp-json\/wp\/v2\/pages\/236"}],"collection":[{"href":"https:\/\/jtis.tokyo\/fr\/wp-json\/wp\/v2\/pages"}],"about":[{"href":"https:\/\/jtis.tokyo\/fr\/wp-json\/wp\/v2\/types\/page"}],"author":[{"embeddable":true,"href":"https:\/\/jtis.tokyo\/fr\/wp-json\/wp\/v2\/users\/1"}],"replies":[{"embeddable":true,"href":"https:\/\/jtis.tokyo\/fr\/wp-json\/wp\/v2\/comments?post=236"}],"version-history":[{"count":13,"href":"https:\/\/jtis.tokyo\/fr\/wp-json\/wp\/v2\/pages\/236\/revisions"}],"predecessor-version":[{"id":1725,"href":"https:\/\/jtis.tokyo\/fr\/wp-json\/wp\/v2\/pages\/236\/revisions\/1725"}],"up":[{"embeddable":true,"href":"https:\/\/jtis.tokyo\/fr\/wp-json\/wp\/v2\/pages\/226"}],"wp:featuredmedia":[{"embeddable":true,"href":"https:\/\/jtis.tokyo\/fr\/wp-json\/wp\/v2\/media\/1288"}],"wp:attachment":[{"href":"https:\/\/jtis.tokyo\/fr\/wp-json\/wp\/v2\/media?parent=236"}],"curies":[{"name":"wp","href":"https:\/\/api.w.org\/{rel}","templated":true}]}}