{"id":234,"date":"2015-01-19T15:52:32","date_gmt":"2015-01-19T06:52:32","guid":{"rendered":"http:\/\/localhost\/wordpress\/?page_id=234"},"modified":"2021-05-28T14:19:19","modified_gmt":"2021-05-28T05:19:19","slug":"option","status":"publish","type":"page","link":"https:\/\/jtis.tokyo\/fr\/achievements\/option\/","title":{"rendered":"Cours en option"},"content":{"rendered":"<div class=\"container\">\n<div class=\"row\">\n<div class=\"col-md-9\">\n<div class=\"row\">\n<p><!-- contents --><\/p>\n<div class=\"col-sm-12\">\n<div class=\"sab-contents-outer\">\n<div class=\"col-md-8\">\n<div class=\"sab-contents-box basic-text\">\n<p><!--1--><\/p>\n<h3>Cours en options<\/h3>\n<p><strong>* Le but de ce cours est d&rsquo;acqu\u00e9rir des connaissances et des comp\u00e9tences de mani\u00e8re efficace en une p\u00e9riode de courte dur\u00e9e pour pouvoir pr\u00e9parer les examens d&rsquo;admission en universit\u00e9 et en \u00e9tablissement sup\u00e9rieur.<br \/>\nCe cours est pris en charge par des professeurs exp\u00e9riment\u00e9s et comp\u00e9tents.<br \/>\n<\/strong><\/p>\n<\/div>\n<\/div>\n<p><!--1st right--><\/p>\n<div class=\"col-md-4\">\n<div class=\"sab-contents-box basic-text\">\n<div class=\"img-responsive sab-contents-right-box center-text\"><img alt=\"\" \/><\/div>\n<\/div>\n<\/div>\n<\/div>\n<div class=\"sab-contents-outer\">\n<div class=\"col-md-12\">\n<div class=\"sab-contents-box basic-text\">\n<h4>Japonais<\/h4>\n<div class=\"col-md-12 content-mid-blue-box blue-text\">&gt;&gt; Trouver la tendance des questions pos\u00e9es lors du test EJU (Examen d&rsquo;admission dans les Universit\u00e9s Japonaises pour les \u00e9tudiants \u00e9trangers) et en ma\u00eetriser les aspects.<br \/>\n&gt;&gt; Vous mettrez en place des comp\u00e9tences \u00e0 partir du niveau basique jusqu&rsquo;au niveau requis pour l&rsquo;exercice dans chaque domaine : vocabulaire, compr\u00e9hension orale, compr\u00e9hension \u00e9crite, production orale et production \u00e9crite.<\/div>\n<h4>Exemple de programme d&rsquo;\u00e9tudes<\/h4>\n<p><!--table1--><\/p>\n<div class=\"table-responsive\">\n<table class=\"achievements-table table\">\n<tbody>\n<tr>\n<td class=\"course-table-1-15\">Session<\/td>\n<td class=\"course-table-1-15\">Contenu<\/td>\n<td class=\"course-table-1-15\">Contenu<\/td>\n<td class=\"course-table-1-15\">Mission<\/td>\n<\/tr>\n<tr>\n<td class=\"course-table-1-1\"><strong>1<\/strong><\/td>\n<td class=\"course-table-1-1\" rowspan=\"5\"><strong>Compr\u00e9hension orale \/ Compr\u00e9hension \u00e9crite<br \/>\n-Saisir le th\u00e8me <\/strong><br \/>\n-Saisir le th\u00e8me principa<br \/>\n-Pratiquer<\/td>\n<td class=\"course-table-1-1\" rowspan=\"3\"><strong>Lecture<\/strong><br \/>\n-Saisir le th\u00e8me principal, pratiquer<\/td>\n<td class=\"course-table-1-1\" rowspan=\"7\"><strong>Am\u00e9liorer votre connaissance du vocabulaire<\/strong><\/td>\n<\/tr>\n<tr>\n<td class=\"course-table-1-2\"><strong>2<\/strong><\/td>\n<\/tr>\n<tr>\n<td class=\"course-table-1-3\"><strong>3<\/strong><\/td>\n<\/tr>\n<tr>\n<td class=\"course-table-1-4\"><strong>4<\/strong><\/td>\n<td class=\"course-table-1-4\" rowspan=\"4\"><strong>Lecture<\/strong><br \/>\n-Exercises<\/td>\n<\/tr>\n<tr>\n<td class=\"course-table-1-5\"><strong>5<\/strong><\/td>\n<\/tr>\n<tr>\n<td class=\"course-table-1-6\"><strong>6<\/strong><\/td>\n<td class=\"course-table-1-6\" rowspan=\"3\"><strong>Ension orale \/ Compr\u00e9hension \u00e9crite<\/strong><br \/>\n-Exercises<\/td>\n<\/tr>\n<tr>\n<td class=\"course-table-1-7\"><strong>7<\/strong><\/td>\n<\/tr>\n<tr>\n<td class=\"course-table-1-8\"><strong>8<\/strong><\/td>\n<td class=\"course-table-1-8\"><strong>Ecriture<\/strong>-R\u00e9daction des Kanji<\/td>\n<td class=\"course-table-1-8\" rowspan=\"3\"><strong>Vocabulaire<\/strong><\/td>\n<\/tr>\n<tr>\n<td class=\"course-table-1-9\"><strong>9<\/strong><\/td>\n<td class=\"course-table-1-9\" colspan=\"2\" rowspan=\"2\"><strong>Ecriture<\/strong><br \/>\n-Exercises<\/td>\n<\/tr>\n<tr>\n<td class=\"course-table-1-10\"><strong>10<\/strong><\/td>\n<\/tr>\n<\/tbody>\n<\/table>\n<\/div>\n<\/div>\n<\/div>\n<\/div>\n<div class=\"sab-contents-outer\">\n<div class=\"col-md-12\">\n<div class=\"sab-contents-box basic-text\">\n<h4>Le Japon et la monde<\/h4>\n<div class=\"col-md-12 content-mid-blue-box blue-text\">&gt;&gt; Exercez-vous \u00e0 r\u00e9pondre \u00e0 des questions pr\u00e9d\u00e9finies.<\/div>\n<h4>Exemple de programme d&rsquo;\u00e9tudes<\/h4>\n<p><!--table2--><\/p>\n<div class=\"table-responsive\">\n<table class=\"course-table-2 table\">\n<tbody>\n<tr>\n<td class=\"course-table-1-15\">Session<\/td>\n<td class=\"course-table-1-15\">Sujet<\/td>\n<td class=\"course-table-1-15\">Contenu<\/td>\n<\/tr>\n<tr>\n<td class=\"r1\">\n<div class=\"text-center\">1~2<\/div>\n<\/td>\n<td class=\"r1\">\n<div class=\"text-center\">G\u00e9ographie<\/div>\n<\/td>\n<td class=\"r1\">Caract\u00e9ristiques g\u00e9ographiques et environnement \/ peuple japonais et g\u00e9ographie du Japon<\/td>\n<\/tr>\n<tr>\n<td class=\"r2\">\n<div class=\"text-center\">3~4<\/div>\n<\/td>\n<td class=\"r2\">\n<div class=\"text-center\">Histoire<\/div>\n<\/td>\n<td class=\"r2\">Etablissement du Japon moderne et globalisation \/ le Japon et le monde du 21\u00e8me si\u00e8cle<\/td>\n<\/tr>\n<tr>\n<td class=\"r3\">\n<div class=\"text-center\">5~10<\/div>\n<\/td>\n<td class=\"r3\">\n<div class=\"text-center\">Politique \/ Economie \/ Soci\u00e9t\u00e9<\/div>\n<\/td>\n<td class=\"r3\">La soci\u00e9t\u00e9, l&rsquo;\u00e9conomie et la politique \u00e0 l&rsquo;heure actuelle \/ la soci\u00e9t\u00e9 internationale de nos jours<\/td>\n<\/tr>\n<\/tbody>\n<\/table>\n<\/div>\n<\/div>\n<\/div>\n<\/div>\n<div class=\"sab-contents-outer\">\n<div class=\"col-md-12\">\n<div class=\"sab-contents-box basic-text\">\n<h4>Math\u00e9matiques<\/h4>\n<div class=\"col-md-12 content-mid-blue-box blue-text\">&gt;&gt; S&rsquo;am\u00e9liorer, renforcer l&rsquo;apprentissage de base en appliquant des formules ad\u00e9quates.<br \/>\n&gt;&gt; Application des connaissances au travers d&rsquo;exercices dont les questions ont \u00e9t\u00e9 vues pr\u00e9alablement.<\/div>\n<h4>Exemple de programme d&rsquo;\u00e9tudes<\/h4>\n<p><!--table2--><\/p>\n<div class=\"table-responsive\">\n<table class=\"course-table-2 table\">\n<tbody>\n<tr>\n<td class=\"course-table-1-15\">Session<\/td>\n<td class=\"course-table-1-15\">Sujet<\/td>\n<td class=\"course-table-1-15\">Contenu<\/td>\n<\/tr>\n<tr>\n<td class=\"r1\">\n<div class=\"text-center\">1<\/div>\n<\/td>\n<td class=\"r1\">\n<div class=\"text-center\">Equations et \u00e9quations de second degr\u00e9<\/div>\n<\/td>\n<td class=\"r1\">D\u00e9veloppement et factorisation d&rsquo;un polyn\u00f4me \/ Equations de second degr\u00e9<\/td>\n<\/tr>\n<tr>\n<td class=\"r2\">\n<div class=\"text-center\">2~4<\/div>\n<\/td>\n<td class=\"r2 text-center\">\n<div class=\"text-center\">Fonctions de second degr\u00e9<\/div>\n<\/td>\n<td class=\"r2\">Fonctions de second degr\u00e9 et leur graphes \/ Vertex, axe, maximum, minimum \/ In\u00e9quations du second degr\u00e9<\/td>\n<\/tr>\n<tr>\n<td class=\"r3\">\n<div class=\"text-center\">5~6<\/div>\n<\/td>\n<td class=\"r3 text-center\">\n<div class=\"text-center\">Chiffres et quantit\u00e9s<\/div>\n<\/td>\n<td class=\"r3\">R\u00e8gles trigonom\u00e9triques \/ th\u00e9or\u00e8me des sinus, r\u00e8gle des cosinus<\/td>\n<\/tr>\n<tr>\n<td class=\"r4\">\n<div class=\"text-center\">7~8<\/div>\n<\/td>\n<td class=\"r4\">\n<div class=\"text-center\">Figures planes<\/div>\n<\/td>\n<td class=\"r4\">Figures similaires et division int\u00e9rieure \/ Angle de circonf\u00e9rence et angle au centre<\/td>\n<\/tr>\n<tr>\n<td class=\"r5\">\n<div class=\"text-center\">9~10<\/div>\n<\/td>\n<td class=\"r5 text-center\">\n<div class=\"text-center\">Le nombre des r\u00e9sultat possibles et la probabilit\u00e9<\/div>\n<\/td>\n<td class=\"r5\">Nombre de r\u00e9sultats possibles \/ Probabilit\u00e9s<\/td>\n<\/tr>\n<\/tbody>\n<\/table>\n<\/div>\n<\/div>\n<\/div>\n<\/div>\n<div class=\"sab-contents-outer\">\n<div class=\"col-md-12\">\n<div class=\"sab-contents-box basic-text\">\n<h4>Anglais<\/h4>\n<div class=\"col-md-12 content-mid-blue-box blue-text\">&gt;&gt; Acqu\u00e9rir du vocabulaire et des connaissances de base en grammaire et pouvoir lire rapidement des textes de niveau TOEIC<br \/>\n&gt;&gt; Cours de niveau pour le TOEFL qui n\u00e9cessite de votre part une bonne compr\u00e9hension et de bonnes connaissances de l&rsquo;anglais ainsi que de pouvoir lire de long textes et de pouvoir comprendre le vocabulaire acad\u00e9mique<br \/>\n&gt;&gt; Programme d&rsquo;\u00e9tudes convenant \u00e0 chaque participant quelque soit son niveau<\/div>\n<p><!--table2--><\/p>\n<h4>Exemple de programme d&rsquo;\u00e9tudes (sup\u00e9rieur)<\/h4>\n<div class=\"table-responsive\">\n<table class=\"achievements-table table\">\n<tbody>\n<tr>\n<td class=\"course-table-1-15\"><\/td>\n<td class=\"course-table-1-15\" colspan=\"3\">Texte\uff1aShin-Koshikimondaishu Vol.4, Eibunpou Derutokodake!<\/td>\n<td class=\"course-table-1-15\">Eitango Derutokodake!<br \/>\nVocab. Objectif des tests<\/td>\n<\/tr>\n<tr>\n<td class=\"course-table-1-1\">1<\/td>\n<td class=\"course-table-1-1\">Introduction<\/td>\n<td class=\"course-table-1-1\" colspan=\"2\">Partie 1\uff08Test 1\uff09<\/td>\n<td class=\"course-table-1-1\">&#8211;\u00a0&#8211;\u00a0&#8211;<\/td>\n<\/tr>\n<tr>\n<td class=\"course-table-1-2\">2<\/td>\n<td class=\"course-table-1-2\">Partie 1 (Test 1)<\/td>\n<td class=\"course-table-1-2\" rowspan=\"4\">Partie 5 (Test 1)<\/td>\n<td class=\"course-table-1-2\">grammaire\uff1ajour 1-1<\/td>\n<td class=\"course-table-1-2\">Unit\u00e9 1 S\u00e9rie 1-6<\/td>\n<\/tr>\n<tr>\n<td class=\"course-table-1-3\">3<\/td>\n<td class=\"course-table-1-3\" rowspan=\"3\">Partie 2 (Test 1)<\/td>\n<td class=\"course-table-1-3\">grammaire\uff1ajour 1-2<\/td>\n<td class=\"course-table-1-3\">Unit\u00e9 2 S\u00e9rie 1-3<\/td>\n<\/tr>\n<tr>\n<td class=\"course-table-1-4\">4<\/td>\n<td class=\"course-table-1-4\">grammaire\uff1ajour 2-3<\/td>\n<td class=\"course-table-1-4\">Unit\u00e9 2 S\u00e9rie 4-6<\/td>\n<\/tr>\n<tr>\n<td class=\"course-table-1-5\">5<\/td>\n<td class=\"course-table-1-5\">grammaire\uff1ajour 2-4<\/td>\n<td class=\"course-table-1-5\">Unit\u00e9 3 S\u00e9rie 1-3<\/td>\n<\/tr>\n<tr>\n<td class=\"course-table-1-6\">6<\/td>\n<td class=\"course-table-1-6\" rowspan=\"3\">Partie 3 (Test 1)<\/td>\n<td class=\"course-table-1-6\">Partie 6 (Test 1)<\/td>\n<td class=\"course-table-1-6\">grammaire\uff1ajour 3-5<\/td>\n<td class=\"course-table-1-6\">Unit\u00e9 3 S\u00e9rie 4-6<\/td>\n<\/tr>\n<tr>\n<td class=\"course-table-1-7\">7<\/td>\n<td class=\"course-table-1-7\" rowspan=\"3\">Partie 7-SP<br \/>\n(Test 1)<\/td>\n<td class=\"course-table-1-7\">grammaire\uff1ajour 3-6<\/td>\n<td class=\"course-table-1-7\">Unit\u00e9 4 S\u00e9rie 1-3<\/td>\n<\/tr>\n<tr>\n<td class=\"course-table-1-8\">8<\/td>\n<td class=\"course-table-1-8\">grammaire\uff1ajour 4-7<\/td>\n<td class=\"course-table-1-8\">Unit\u00e9 4 S\u00e9rie 4-6<\/td>\n<\/tr>\n<tr>\n<td class=\"course-table-1-8\">9<\/td>\n<td class=\"course-table-1-8\" rowspan=\"3\">Partie 4 (Test 1)<\/td>\n<td class=\"course-table-1-8\">grammaire\uff1ajour 4-8<\/td>\n<td class=\"course-table-1-8\">Unit\u00e9 5 S\u00e9rie 1-3<\/td>\n<\/tr>\n<tr>\n<td class=\"course-table-1-9\">10<\/td>\n<td class=\"course-table-1-9\" rowspan=\"2\">Partie 7-DP<br \/>\n(Test 1)<\/td>\n<td class=\"course-table-1-9\">grammaire\uff1ajour 5-9<\/td>\n<td class=\"course-table-1-9\">Unit\u00e9 6 S\u00e9rie 1-3<\/td>\n<\/tr>\n<tr>\n<td class=\"course-table-1-9\">11<\/td>\n<td class=\"course-table-1-9\">grammaire\uff1ajour 5-10<\/td>\n<td class=\"course-table-1-9\">Unit\u00e9 6 S\u00e9rie 4-6<\/td>\n<\/tr>\n<tr>\n<td class=\"course-table-1-10\">12<\/td>\n<td class=\"course-table-1-10\" colspan=\"3\">Passage en revue<\/td>\n<td class=\"course-table-1-10\">Unit\u00e9 7 S\u00e9rie 1-6<\/td>\n<\/tr>\n<\/tbody>\n<\/table>\n<\/div>\n<div class=\"sab-contents-box-space-60\"><\/div>\n<h4>Exemple de programme d&rsquo;\u00e9tudes (inf\u00e9rieur)<\/h4>\n<div class=\"table-responsive\">\n<table class=\"achievements-table table\">\n<tbody>\n<tr>\n<td class=\"course-table-1-15\"><\/td>\n<td class=\"course-table-1-15\" colspan=\"2\">Guide de pr\u00e9paration officiel au test TOEIC Vol.4<\/td>\n<td class=\"course-table-1-15\">HW Grammaire<\/td>\n<td class=\"course-table-1-15\">HW Eitango Derutokodake!<br \/>\nQuestionnaire sur le vocabulaire<\/td>\n<\/tr>\n<tr>\n<td class=\"course-table-1-1\">1<\/td>\n<td class=\"course-table-1-1\">Mini Test<\/td>\n<td class=\"course-table-1-1\" colspan=\"2\">Partie 1-Partie 7 (strat\u00e9gie de prise de test)<\/td>\n<td class=\"course-table-1-1\">&#8212;<\/td>\n<\/tr>\n<tr>\n<td class=\"course-table-1-2\">2<\/td>\n<td class=\"course-table-1-2\">Partie 1<\/td>\n<td class=\"course-table-1-2\" rowspan=\"4\">Partie 5\/6<\/td>\n<td class=\"course-table-1-2\">jour 1-1 1-2 Tests pratiques<\/td>\n<td class=\"course-table-1-2\">jour 1-1<\/td>\n<\/tr>\n<tr>\n<td class=\"course-table-1-3\">3<\/td>\n<td class=\"course-table-1-3\" rowspan=\"3\">Partie 2<\/td>\n<td class=\"course-table-1-3\">jour 2-1 Test pratiques<\/td>\n<td class=\"course-table-1-3\">Unit\u00e9 2 S\u00e9rie 1-3<\/td>\n<\/tr>\n<tr>\n<td class=\"course-table-1-4\">4<\/td>\n<td class=\"course-table-1-4\">jour 2-2 Test pratiques<\/td>\n<td class=\"course-table-1-4\">Unit\u00e9 2 S\u00e9rie 4-6<\/td>\n<\/tr>\n<tr>\n<td class=\"course-table-1-5\">5<\/td>\n<td class=\"course-table-1-5\">jour 3-1 Test pratiques<\/td>\n<td class=\"course-table-1-5\">Unit\u00e9 3 S\u00e9rie 1-3<\/td>\n<\/tr>\n<tr>\n<td class=\"course-table-1-6\">6<\/td>\n<td class=\"course-table-1-6\" rowspan=\"2\">Partie 3<\/td>\n<td class=\"course-table-1-6\" rowspan=\"4\">Partie 7-SP\/WP<\/td>\n<td class=\"course-table-1-6\">jour 3-2 Test pratiques<\/td>\n<td class=\"course-table-1-6\">Unit\u00e9 3 S\u00e9rie 4-6<\/td>\n<\/tr>\n<tr>\n<td class=\"course-table-1-7\">7<\/td>\n<td class=\"course-table-1-7\">jour 4-1 Test pratiques<\/td>\n<td class=\"course-table-1-7\">Unit\u00e9 4 S\u00e9rie 1-3<\/td>\n<\/tr>\n<tr>\n<td class=\"course-table-1-8\">8<\/td>\n<td class=\"course-table-1-8\" rowspan=\"2\">Partie 4<\/td>\n<td class=\"course-table-1-8\">jour 4-2 Test pratiques<\/td>\n<td class=\"course-table-1-8\">Unit\u00e9 4 S\u00e9rie 4-6<\/td>\n<\/tr>\n<tr>\n<td class=\"course-table-1-9\">9<\/td>\n<td class=\"course-table-1-9\">jour 5-1 Test pratiques<\/td>\n<td class=\"course-table-1-9\">Unit\u00e9 5 S\u00e9rie 1-3<\/td>\n<\/tr>\n<tr>\n<td class=\"course-table-1-10\">10<\/td>\n<td class=\"course-table-1-10\">Passage en revue<\/td>\n<td class=\"course-table-1-10\">Tests<\/td>\n<td class=\"course-table-1-10\">jour 5-2 Test pratiques<\/td>\n<td class=\"course-table-1-10\">Unit\u00e9 6 S\u00e9rie 4-6<\/td>\n<\/tr>\n<\/tbody>\n<\/table>\n<\/div>\n<p><!--table end--><\/p>\n<\/div>\n<\/div>\n<\/div>\n<p><!--end--><\/p>\n<div class=\"sab-contents-box-space-60\"><\/div>\n<\/div>\n<p><!-- contents END --><\/p>\n<\/div>\n<\/div>\n<p><!--END 9--><\/p>\n<p><!--side 3--><\/p>\n<div class=\"col-md-3 hidden-xs\">\n<div id=\"side-container\">\n<div id=\"side-2\">\n<div id=\"side-header-basic\">\n<h4 class=\"center-text\">Pour nous contacter<\/h4>\n<\/div>\n<div class=\"side-inner-2\">HoshinoBuilding8-11-10,<br \/>\nNishiShinjuku,Shinjuku,Tokyo,<br \/>\nJapan,160-0023<br \/>\nTEL\uff1a+81-3-3363-2171<br \/>\nFAX\uff1a+81-3-3363-2175<br \/>\nE-MAIL\uff1a<a href=\"mailto:info@jtis.tokyo\">info@jtis.tokyo<\/a><\/p>\n<hr \/>\n<div class=\"download-side\"><a href=\"https:\/\/jtis.tokyo\/fr\/contact\"><img src=\"https:\/\/jtis.tokyo\/wp-content\/themes\/jtis-fr\/images\/contact-s.png\" alt=\"\" \/><\/a><br \/>\n<a href=\"https:\/\/jtis.tokyo\/fr\/downloads\"><img src=\"https:\/\/jtis.tokyo\/wp-content\/themes\/jtis-fr\/images\/download-s.png\" alt=\"\" \/><\/a><\/div>\n<\/div>\n<div id=\"side-footer\"><\/div>\n<\/div>\n<div id=\"side\">\n<div class=\"side-inner\">\n<h4 class=\"center-text\"><i class=\"glyphicon glyphicon-list\"><\/i>\u00a0M\u00eame cat\u00e9gorie que<\/h4>\n<ul>\n<li><a href=\"https:\/\/jtis.tokyo\/fr\/courses\/long\">Japonais d\u00e9taill\u00e9<br \/>\n(A partir de cours intensifs de courte dur\u00e9e jusqu&rsquo;\u00e0 des cours de longue dur\u00e9e)<\/a><\/li>\n<li><a href=\"https:\/\/jtis.tokyo\/fr\/achievements\/achievements\/\">Le processus d\u2019orientation professionnelle<\/a><\/li>\n<li><a href=\"https:\/\/jtis.tokyo\/fr\/achievements\/admission\/\">Carri\u00e8res apr\u00e8s l\u2019obtention du dipl\u00f4me<\/a><\/li>\n<li><a href=\"https:\/\/jtis.tokyo\/fr\/achievements\/option\/\">Cours en option<\/a><\/li>\n<li><a href=\"https:\/\/jtis.tokyo\/fr\/achievements\/texts\/\">Mat\u00e9riel p\u00e9dagogique et photos<\/a><\/li>\n<\/ul>\n<\/div>\n<\/div>\n<\/div>\n<\/div>\n<\/div>\n<\/div>\n","protected":false},"excerpt":{"rendered":"<p>Cours en options * Le but de ce cours est d&rsquo;acqu\u00e9rir des connaissances et des comp\u00e9tences de mani\u00e8re efficace en une p\u00e9riode de courte dur\u00e9e pour pouvoir pr\u00e9parer les examens d&rsquo;admission en universit\u00e9 et en \u00e9tablissement sup\u00e9rieur. Ce cours est pris en charge par des professeurs exp\u00e9riment\u00e9s et comp\u00e9tents. Japonais &gt;&gt; Trouver la tendance des [&hellip;]<\/p>\n","protected":false},"author":1,"featured_media":1288,"parent":226,"menu_order":3,"comment_status":"closed","ping_status":"closed","template":"main.php","meta":[],"_links":{"self":[{"href":"https:\/\/jtis.tokyo\/fr\/wp-json\/wp\/v2\/pages\/234"}],"collection":[{"href":"https:\/\/jtis.tokyo\/fr\/wp-json\/wp\/v2\/pages"}],"about":[{"href":"https:\/\/jtis.tokyo\/fr\/wp-json\/wp\/v2\/types\/page"}],"author":[{"embeddable":true,"href":"https:\/\/jtis.tokyo\/fr\/wp-json\/wp\/v2\/users\/1"}],"replies":[{"embeddable":true,"href":"https:\/\/jtis.tokyo\/fr\/wp-json\/wp\/v2\/comments?post=234"}],"version-history":[{"count":13,"href":"https:\/\/jtis.tokyo\/fr\/wp-json\/wp\/v2\/pages\/234\/revisions"}],"predecessor-version":[{"id":1701,"href":"https:\/\/jtis.tokyo\/fr\/wp-json\/wp\/v2\/pages\/234\/revisions\/1701"}],"up":[{"embeddable":true,"href":"https:\/\/jtis.tokyo\/fr\/wp-json\/wp\/v2\/pages\/226"}],"wp:featuredmedia":[{"embeddable":true,"href":"https:\/\/jtis.tokyo\/fr\/wp-json\/wp\/v2\/media\/1288"}],"wp:attachment":[{"href":"https:\/\/jtis.tokyo\/fr\/wp-json\/wp\/v2\/media?parent=234"}],"curies":[{"name":"wp","href":"https:\/\/api.w.org\/{rel}","templated":true}]}}