{"id":232,"date":"2015-01-19T15:51:58","date_gmt":"2015-01-19T06:51:58","guid":{"rendered":"http:\/\/localhost\/wordpress\/?page_id=232"},"modified":"2021-05-28T14:18:50","modified_gmt":"2021-05-28T05:18:50","slug":"admission","status":"publish","type":"page","link":"https:\/\/jtis.tokyo\/fr\/achievements\/admission\/","title":{"rendered":"Carri\u00e8res apr\u00e8s l&rsquo;obtention du dipl\u00f4me"},"content":{"rendered":"<div class=\"container\">\n<div class=\"row\">\n<div class=\"col-md-9\">\n<div class=\"row\">\n<p><!--title--><\/p>\n<div class=\"col-md-6\">\n<div class=\"sab-contents-box basic-text\">\n<div class=\"contents-box\">\n<h3>Graduate school<\/h3>\n<\/div>\n<p><strong>National university<\/strong><br \/>\nSchool of Engineering The University of Tokyo<\/p>\n<p><strong>Private University<\/strong><br \/>\nGraduate School Kokushikan University business administration studies<br \/>\nGraduate School Tokyo University of Science faculty of science and technology<\/p>\n<div class=\"contents-box\">\n<h3>University<\/h3>\n<\/div>\n<p><strong>National university<\/strong><br \/>\nTokyo Institute of Technology Department of Mechanical and Aerospace Engineering<br \/>\nTokyo University of Foreign Studies<br \/>\nFukushima University Department of Economics<\/p>\n<p><strong>Private University<\/strong><br \/>\nKeio University Faculty of Business and Commerce<br \/>\nGraduate school Sophia University Department of Literature<br \/>\nSophia University Department of Literature<br \/>\nTokyo University of Science Faculty of Engineering<br \/>\nTokyo University of Science Faculty of Science<br \/>\nAsia University Faculty of Business Administration<br \/>\nSenshu University Department of Accounting<br \/>\nNihon University Department of Economics<br \/>\nTakushoku University Faculty of Commerce<br \/>\nKomazawa University Department of Economics<br \/>\nKokushikan University Faculty of 21 century Asia<br \/>\nTeikyo University Department of Economics<br \/>\nRyutsu Keizai University Department of Distribution Information<br \/>\nKandaUniversity of International Studies Department of International Communication<br \/>\nWayo Women\u2019s University Department of Culture<br \/>\nAshikaga Institution of Technology Department of Engineering<br \/>\nMeikai University Department of Real Estate Sciences<br \/>\nTsukuba International University Department of Social Sciences<br \/>\nTokyo University of Information Sciences Faculty of Business and Information<br \/>\nTokyo International University Department of Department of Business and Commerce<br \/>\nMejiro University Department of Human<br \/>\nKyorin University Faculty of Social Sciences Department of Policy Studies<br \/>\nShumei University Department of Business<br \/>\nShumei University Department of Total Business<br \/>\nNagoya Gakuin University Department of Foreign Language<br \/>\nJosai University Faculty of Economics<br \/>\nSeigakuin University Faculty of political Science &amp; Economics<br \/>\nSeigakuin University Faculty of Humanities Japanese Culture Department<br \/>\nSeigakuin University Faculty of Humanities European-American Culture Department<br \/>\nSeigakuin University Faculty of Human Welfare Human Welfare Department<br \/>\nKokusai Junior College Information Technology Career Course<br \/>\nKaetsu University Department of Junior College<\/p>\n<\/div>\n<\/div>\n<div class=\"col-md-6\">\n<div class=\"sab-contents-box  basic-text\">\n<h3>Technical School<\/h3>\n<p>Ouji Accounting Technical School<br \/>\nTokyo Digital Technical School<br \/>\nSundai Travel &amp; Hotel College<br \/>\nSundai Computer College<br \/>\nOhmiya Professional Designer\u2019s school<br \/>\nTokyo Industrial College<br \/>\nCAD Seizu College<br \/>\nBunka Fashion College<br \/>\nTokyo International Business College<br \/>\nJTB Travel College<br \/>\nChuo Computer &amp; Communication College<br \/>\nInternational School of Business<br \/>\nOchanomizu School of Business<br \/>\nNihon Kogakuin College<br \/>\nGregg International College<br \/>\nTokyo College of Child &amp; Social Welfare<br \/>\nTokyo Life Science College<br \/>\nAct Information Business College<br \/>\nFuji Athletic &amp; Business College<br \/>\nJapan Computer College<br \/>\nShiyayuri Fashion College<br \/>\nShibuya Institute of Foreign Language<br \/>\nInternational Accounting College<br \/>\nNakano School of Business<br \/>\nTokyo Information Business College<\/p>\n<\/div>\n<\/div>\n<p><!-- contents --><\/p>\n<div class=\"col-sm-12\">\n<div class=\"contents-box\"><\/div>\n<\/div>\n<p><!-- contents END --><\/p>\n<\/div>\n<\/div>\n<p><!--END 9--><\/p>\n<p><!--side 3--><\/p>\n<div class=\"col-md-3 hidden-xs\">\n<div id=\"side-container\">\n<div id=\"side-2\">\n<div id=\"side-header-basic\">\n<h4 class=\"center-text\">Pour nous contacter<\/h4>\n<\/div>\n<div class=\"side-inner-2\">HoshinoBuilding8-11-10,<br \/>\nNishiShinjuku,Shinjuku,Tokyo,<br \/>\nJapan,160-0023<br \/>\nTEL\uff1a+81-3-3363-2171<br \/>\nFAX\uff1a+81-3-3363-2175<br \/>\nE-MAIL\uff1a<a href=\"mailto:info@jtis.tokyo\">info@jtis.tokyo<\/a><\/p>\n<div class=\"download-side\"><a href=\"https:\/\/jtis.tokyo\/fr\/contact\"><img src=\"https:\/\/jtis.tokyo\/wp-content\/themes\/jtis-fr\/images\/contact-s.png\" alt=\"\" \/><\/a><br \/>\n<a href=\"https:\/\/jtis.tokyo\/fr\/downloads\"><img src=\"https:\/\/jtis.tokyo\/wp-content\/themes\/jtis-fr\/images\/download-s.png\" alt=\"\" \/><\/a><\/div>\n<\/div>\n<div id=\"side-footer\"><\/div>\n<\/div>\n<div id=\"side\">\n<div class=\"side-inner\">\n<h4 class=\"center-text\"><i class=\"glyphicon glyphicon-list\"><\/i>\u00a0M\u00eame cat\u00e9gorie que<\/h4>\n<ul>\n<li><a href=\"https:\/\/jtis.tokyo\/fr\/courses\/long\">Japonais d\u00e9taill\u00e9<br \/>\n(A partir de cours intensifs de courte dur\u00e9e jusqu&rsquo;\u00e0 des cours de longue dur\u00e9e)<\/a><\/li>\n<li><a href=\"https:\/\/jtis.tokyo\/fr\/achievements\/achievements\/\">Le processus d\u2019orientation professionnelle<\/a><\/li>\n<li><a href=\"https:\/\/jtis.tokyo\/fr\/achievements\/admission\/\">Carri\u00e8res apr\u00e8s l\u2019obtention du dipl\u00f4me<\/a><\/li>\n<li><a href=\"https:\/\/jtis.tokyo\/fr\/achievements\/option\/\">Cours en option<\/a><\/li>\n<li><a href=\"https:\/\/jtis.tokyo\/fr\/achievements\/texts\/\">Mat\u00e9riel p\u00e9dagogique et photos<\/a><\/li>\n<\/ul>\n<\/div>\n<\/div>\n<\/div>\n<\/div>\n<\/div>\n<\/div>\n","protected":false},"excerpt":{"rendered":"<p>Graduate school National university School of Engineering The University of Tokyo Private University Graduate School Kokushikan University business administration studies Graduate School Tokyo University of Science faculty of science and technology University National university Tokyo Institute of Technology Department of Mechanical and Aerospace Engineering Tokyo University of Foreign Studies Fukushima University Department of Economics Private [&hellip;]<\/p>\n","protected":false},"author":1,"featured_media":1288,"parent":226,"menu_order":2,"comment_status":"closed","ping_status":"closed","template":"main.php","meta":[],"_links":{"self":[{"href":"https:\/\/jtis.tokyo\/fr\/wp-json\/wp\/v2\/pages\/232"}],"collection":[{"href":"https:\/\/jtis.tokyo\/fr\/wp-json\/wp\/v2\/pages"}],"about":[{"href":"https:\/\/jtis.tokyo\/fr\/wp-json\/wp\/v2\/types\/page"}],"author":[{"embeddable":true,"href":"https:\/\/jtis.tokyo\/fr\/wp-json\/wp\/v2\/users\/1"}],"replies":[{"embeddable":true,"href":"https:\/\/jtis.tokyo\/fr\/wp-json\/wp\/v2\/comments?post=232"}],"version-history":[{"count":8,"href":"https:\/\/jtis.tokyo\/fr\/wp-json\/wp\/v2\/pages\/232\/revisions"}],"predecessor-version":[{"id":1700,"href":"https:\/\/jtis.tokyo\/fr\/wp-json\/wp\/v2\/pages\/232\/revisions\/1700"}],"up":[{"embeddable":true,"href":"https:\/\/jtis.tokyo\/fr\/wp-json\/wp\/v2\/pages\/226"}],"wp:featuredmedia":[{"embeddable":true,"href":"https:\/\/jtis.tokyo\/fr\/wp-json\/wp\/v2\/media\/1288"}],"wp:attachment":[{"href":"https:\/\/jtis.tokyo\/fr\/wp-json\/wp\/v2\/media?parent=232"}],"curies":[{"name":"wp","href":"https:\/\/api.w.org\/{rel}","templated":true}]}}