{"id":176,"date":"2015-01-19T11:55:52","date_gmt":"2015-01-19T02:55:52","guid":{"rendered":"http:\/\/localhost\/wordpress\/?page_id=176"},"modified":"2021-05-28T14:17:32","modified_gmt":"2021-05-28T05:17:32","slug":"teachers","status":"publish","type":"page","link":"https:\/\/jtis.tokyo\/fr\/about\/teachers\/","title":{"rendered":"Professeurs"},"content":{"rendered":"<div class=\"sab-contents-outer\">\n<div class=\"col-md-3\">\n<div class=\"img-responsive sab-contents-right-box\"><img src=\"https:\/\/jtis.tokyo\/wp-content\/themes\/jtis\/images\/about\/teacher\/shimizu.jpg\" alt=\"Instructeur Shimizu Noboru\" \/><\/div>\n<\/div>\n<div class=\"col-md-9\">\n<div class=\"sab-contents-box basic-text\">\n<h3>Instructeur Shimizu Noboru<\/h3>\n<p>Bonjour \u00e0 tous, comment allez-vous ?<br \/>\nVenez visiter la Japan Tokyo International School pour voir l&rsquo;atmosph\u00e8re de l&rsquo;\u00e9cole, l&rsquo;environnement autour de l&rsquo;\u00e9cole, les enseignants, etc., de vos propres yeux et les sentir par vous-m\u00eame.<br \/>\nL&rsquo;apprentissage de la langue japonaise est importante, mais la communication avec les amis, les enseignants et la communaut\u00e9 en dehors de l&rsquo;\u00e9cole le sont \u00e9galement.<br \/>\nDans notre \u00e9cole, nous aidons les \u00e9tudiants qui ont de l&rsquo;ambition pour les \u00e9tudes, une cible, un r\u00eave.<br \/>\nMettons en pratique notre concept d&rsquo;enseignement (\u5b66 \u3076 \u697d \u3057 \u3055 \u767a \u6398 \u3057 \u305f \u3044) \u00abd\u00e9couverte joyeuse de l&rsquo;apprentissage\u00bb ensemble ?<\/p>\n<\/div>\n<\/div>\n<\/div>\n<div class=\"sab-contents-outer\">\n<div class=\"col-md-3\">\n<div class=\"img-responsive sab-contents-right-box\"><img src=\"https:\/\/jtis.tokyo\/wp-content\/themes\/jtis\/images\/about\/teacher\/takahashi.jpg\" alt=\"Instructeur Norie Takahashi\" \/><\/div>\n<\/div>\n<div class=\"col-md-9\">\n<div class=\"sab-contents-box basic-text\">\n<h3>Instructeur Norie Takahashi<\/h3>\n<p>Bonjour tout le monde.<br \/>\nMon nom est Norie Takahashi.<br \/>\nil y a beaucoup de raisons qui peuvent vous faire penser \u00e0 \u00e9tudier \u00e0 l&rsquo;\u00e9tranger.<br \/>\nJe veux \u00e9tudier le japonais, ce qui me sera utile pour mon travail \u00e0 l&rsquo;avenir.<br \/>\nJe veux voyager quelque part au Japon, en savoir plus sur le Japon.<br \/>\nJe veux \u00eatre en mesure de parler japonais pour avoir beaucoup d&rsquo;amis japonais.<br \/>\nVous aurez la chance de faire de vos r\u00eaves une r\u00e9alit\u00e9 \u00e0 la Japon Tokyo International School.<br \/>\nNous faisons un effort tous les jours dans la classe pour vous permettre d&rsquo;utiliser le japonais dans des buts diff\u00e9rents dans une bonne atmosph\u00e8re.<br \/>\nDes professeurs de conf\u00e9rence ou de conseils sont \u00e9galement disponibles pour avoir une discussion avec les \u00e9l\u00e8ves un par un pour les aider \u00e0 atteindre leurs r\u00eaves et leurs cibles dans l&rsquo;avenir<br \/>\nJe suis impatiente de rencontrer tout le monde dans la classe.<\/p>\n<\/div>\n<\/div>\n<\/div>\n<p><!-- contents END --><\/p>\n<p><!--END 9--><\/p>\n<p><!--side 3--><\/p>\n<div class=\"col-md-3 hidden-xs\">\n<div id=\"side-container\">\n<div id=\"side-2\">\n<div id=\"side-header-basic\">\n<h4 class=\"center-text\">Pour nous contacter<\/h4>\n<\/div>\n<div class=\"side-inner-2\">HoshinoBuilding8-11-10,<br \/>\nNishiShinjuku,Shinjuku,Tokyo,<br \/>\nJapan,160-0023<br \/>\nTEL\uff1a+81-3-3363-2171<br \/>\nFAX\uff1a+81-3-3363-2175<br \/>\nE-MAIL\uff1a<a href=\"mailto:info@jtis.tokyo\">info@jtis.tokyo<\/a><\/p>\n<div class=\"download-side\"><a href=\"https:\/\/jtis.tokyo\/fr\/contact\"><img src=\"https:\/\/jtis.tokyo\/wp-content\/themes\/jtis-fr\/images\/contact-s.png\" alt=\"\" \/><\/a><br \/>\n<a href=\"https:\/\/jtis.tokyo\/fr\/downloads\"><img src=\"https:\/\/jtis.tokyo\/wp-content\/themes\/jtis-fr\/images\/download-s.png\" alt=\"\" \/><\/a><\/div>\n<\/div>\n<div id=\"side-footer\"><\/div>\n<\/div>\n<div id=\"side\">\n<div class=\"side-inner\">\n<h4 class=\"center-text\"><i class=\"glyphicon glyphicon-list\"><\/i>\u00a0M\u00eame cat\u00e9gorie que<\/h4>\n<ul>\n<li><a href=\"https:\/\/jtis.tokyo\/fr\/about\/greeting\/\">Un mot du Directeur<\/a><\/li>\n<li><a href=\"https:\/\/jtis.tokyo\/fr\/about\/policy\/\">Nos r\u00e8gles<\/a><\/li>\n<li><a href=\"https:\/\/jtis.tokyo\/fr\/about\/edu\/\">Notre politique d\u2019enseignement<\/a><\/li>\n<li><a href=\"https:\/\/jtis.tokyo\/fr\/about\/support\/\">Soutien<\/a><\/li>\n<li><a href=\"https:\/\/jtis.tokyo\/fr\/about\/teachers\/\">Professeurs<\/a><\/li>\n<li><a href=\"https:\/\/jtis.tokyo\/fr\/about\/school\/\">A l\u2019\u00e9cole<\/a><\/li>\n<\/ul>\n<\/div>\n<\/div>\n<\/div>\n<\/div>\n","protected":false},"excerpt":{"rendered":"<p>Instructeur Shimizu Noboru Bonjour \u00e0 tous, comment allez-vous ? Venez visiter la Japan Tokyo International School pour voir l&rsquo;atmosph\u00e8re de l&rsquo;\u00e9cole, l&rsquo;environnement autour de l&rsquo;\u00e9cole, les enseignants, etc., de vos propres yeux et les sentir par vous-m\u00eame. L&rsquo;apprentissage de la langue japonaise est importante, mais la communication avec les amis, les enseignants et la communaut\u00e9 [&hellip;]<\/p>\n","protected":false},"author":1,"featured_media":1287,"parent":185,"menu_order":5,"comment_status":"closed","ping_status":"closed","template":"main.php","meta":[],"_links":{"self":[{"href":"https:\/\/jtis.tokyo\/fr\/wp-json\/wp\/v2\/pages\/176"}],"collection":[{"href":"https:\/\/jtis.tokyo\/fr\/wp-json\/wp\/v2\/pages"}],"about":[{"href":"https:\/\/jtis.tokyo\/fr\/wp-json\/wp\/v2\/types\/page"}],"author":[{"embeddable":true,"href":"https:\/\/jtis.tokyo\/fr\/wp-json\/wp\/v2\/users\/1"}],"replies":[{"embeddable":true,"href":"https:\/\/jtis.tokyo\/fr\/wp-json\/wp\/v2\/comments?post=176"}],"version-history":[{"count":12,"href":"https:\/\/jtis.tokyo\/fr\/wp-json\/wp\/v2\/pages\/176\/revisions"}],"predecessor-version":[{"id":1697,"href":"https:\/\/jtis.tokyo\/fr\/wp-json\/wp\/v2\/pages\/176\/revisions\/1697"}],"up":[{"embeddable":true,"href":"https:\/\/jtis.tokyo\/fr\/wp-json\/wp\/v2\/pages\/185"}],"wp:featuredmedia":[{"embeddable":true,"href":"https:\/\/jtis.tokyo\/fr\/wp-json\/wp\/v2\/media\/1287"}],"wp:attachment":[{"href":"https:\/\/jtis.tokyo\/fr\/wp-json\/wp\/v2\/media?parent=176"}],"curies":[{"name":"wp","href":"https:\/\/api.w.org\/{rel}","templated":true}]}}