{"id":174,"date":"2015-01-19T11:55:00","date_gmt":"2015-01-19T02:55:00","guid":{"rendered":"http:\/\/localhost\/wordpress\/?page_id=172"},"modified":"2021-05-28T14:17:09","modified_gmt":"2021-05-28T05:17:09","slug":"support","status":"publish","type":"page","link":"https:\/\/jtis.tokyo\/fr\/about\/support\/","title":{"rendered":"Soutien"},"content":{"rendered":"<div class=\"container\">\n<div class=\"row\">\n<div class=\"col-md-9\">\n<div class=\"row\">\n<p><!-- contents --><\/p>\n<div class=\"col-sm-12\">\n<div class=\"sab-contents-outer\">\n<div class=\"col-md-12\">\n<div class=\"sab-contents-box basic-text\">Vous pouvez parfois avoir le cafard, vous pouvez vous inqui\u00e9tez, vous pouvez avoir quelques difficult\u00e9s qui ne vous permettent pas de vous concentrer sur l&rsquo;apprentissage du japonais. Alors n&rsquo;h\u00e9sitez pas \u00e0 venir nous parler, m\u00eame si votre pr\u00e9occupation vous para\u00eet l\u00e9g\u00e8re. Si vous voulez vous pouvez aller en discuter avec les professeurs. Ensuite n&rsquo;h\u00e9sitez pas non plus \u00e0 venir nous en parler.<br \/>\nLe pire serait d&rsquo;essayer de g\u00e9rer uniquement le probl\u00e8me par vous-m\u00eame, sans demander conseil. Nous vous conseillons de consulter le personnel de l&rsquo;\u00e9cole, pas seulement d&rsquo;en parler avec vos amis. Nous sommes disponibles pour parler avec vous \u00e0 tout moment, alors venez nous voir, m\u00eame s&rsquo;il s&rsquo;agit de petites choses, et nous allons trouver le moyen de les r\u00e9soudre.<br \/>\nNous sommes ici pour vous proposer un lieu et un moment pour apprendre le japonais de mani\u00e8re agr\u00e9able et qui vous permette de passer votre temps de fa\u00e7on satisfaisante.<\/div>\n<\/div>\n<div class=\"col-md-12\">\n<div class=\"sab-contents-box basic-text\">\n<h3>Soutien apr\u00e8s l&rsquo;\u00e9cole<\/h3>\n<div class=\"img-responsive sab-contents-right-box center-text images-border\"><img src=\"https:\/\/jtis.tokyo\/en\/wp-content\/themes\/jtis\/images\/about\/support.jpg\" \/><\/div>\n<\/div>\n<\/div>\n<\/div>\n<div class=\"sab-contents-box-space\"><\/div>\n<\/div>\n<p><!-- contents END --><\/p>\n<\/div>\n<\/div>\n<p><!--END 9--><\/p>\n<p><!--side 3--><\/p>\n<div class=\"col-md-3 hidden-xs\">\n<div id=\"side-container\">\n<div id=\"side-2\">\n<div id=\"side-header-basic\">\n<h4 class=\"center-text\">Pour nous contacter<\/h4>\n<\/div>\n<div class=\"side-inner-2\">HoshinoBuilding8-11-10,<br \/>\nNishiShinjuku,Shinjuku,Tokyo,<br \/>\nJapan,160-0023<br \/>\nTEL\uff1a+81-3-3363-2171<br \/>\nFAX\uff1a+81-3-3363-2175<br \/>\nE-MAIL\uff1a<a href=\"mailto:info@jtis.tokyo\">info@jtis.tokyo<\/a><\/p>\n<div class=\"download-side\"><a href=\"https:\/\/jtis.tokyo\/fr\/contact\"><img src=\"https:\/\/jtis.tokyo\/wp-content\/themes\/jtis-fr\/images\/contact-s.png\" alt=\"\" \/><\/a><br \/>\n<a href=\"https:\/\/jtis.tokyo\/fr\/downloads\"><img src=\"https:\/\/jtis.tokyo\/wp-content\/themes\/jtis-fr\/images\/download-s.png\" alt=\"\" \/><\/a><\/div>\n<\/div>\n<div id=\"side-footer\"><\/div>\n<\/div>\n<div id=\"side\">\n<div class=\"side-inner\">\n<h4 class=\"center-text\"><i class=\"glyphicon glyphicon-list\"><\/i>\u00a0M\u00eame cat\u00e9gorie que<\/h4>\n<ul>\n<li><a href=\"https:\/\/jtis.tokyo\/fr\/about\/greeting\/\">Un mot du Directeur<\/a><\/li>\n<li><a href=\"https:\/\/jtis.tokyo\/fr\/about\/policy\/\">Nos r\u00e8gles<\/a><\/li>\n<li><a href=\"https:\/\/jtis.tokyo\/fr\/about\/edu\/\">Notre politique d\u2019enseignement<\/a><\/li>\n<li><a href=\"https:\/\/jtis.tokyo\/fr\/about\/support\/\">Soutien<\/a><\/li>\n<li><a href=\"https:\/\/jtis.tokyo\/fr\/about\/teachers\/\">Professeurs<\/a><\/li>\n<li><a href=\"https:\/\/jtis.tokyo\/fr\/about\/school\/\">A l\u2019\u00e9cole<\/a><\/li>\n<\/ul>\n<\/div>\n<\/div>\n<\/div>\n<\/div>\n<\/div>\n<\/div>\n","protected":false},"excerpt":{"rendered":"<p>Vous pouvez parfois avoir le cafard, vous pouvez vous inqui\u00e9tez, vous pouvez avoir quelques difficult\u00e9s qui ne vous permettent pas de vous concentrer sur l&rsquo;apprentissage du japonais. Alors n&rsquo;h\u00e9sitez pas \u00e0 venir nous parler, m\u00eame si votre pr\u00e9occupation vous para\u00eet l\u00e9g\u00e8re. Si vous voulez vous pouvez aller en discuter avec les professeurs. Ensuite n&rsquo;h\u00e9sitez pas [&hellip;]<\/p>\n","protected":false},"author":1,"featured_media":1287,"parent":185,"menu_order":4,"comment_status":"closed","ping_status":"closed","template":"main.php","meta":[],"_links":{"self":[{"href":"https:\/\/jtis.tokyo\/fr\/wp-json\/wp\/v2\/pages\/174"}],"collection":[{"href":"https:\/\/jtis.tokyo\/fr\/wp-json\/wp\/v2\/pages"}],"about":[{"href":"https:\/\/jtis.tokyo\/fr\/wp-json\/wp\/v2\/types\/page"}],"author":[{"embeddable":true,"href":"https:\/\/jtis.tokyo\/fr\/wp-json\/wp\/v2\/users\/1"}],"replies":[{"embeddable":true,"href":"https:\/\/jtis.tokyo\/fr\/wp-json\/wp\/v2\/comments?post=174"}],"version-history":[{"count":11,"href":"https:\/\/jtis.tokyo\/fr\/wp-json\/wp\/v2\/pages\/174\/revisions"}],"predecessor-version":[{"id":1696,"href":"https:\/\/jtis.tokyo\/fr\/wp-json\/wp\/v2\/pages\/174\/revisions\/1696"}],"up":[{"embeddable":true,"href":"https:\/\/jtis.tokyo\/fr\/wp-json\/wp\/v2\/pages\/185"}],"wp:featuredmedia":[{"embeddable":true,"href":"https:\/\/jtis.tokyo\/fr\/wp-json\/wp\/v2\/media\/1287"}],"wp:attachment":[{"href":"https:\/\/jtis.tokyo\/fr\/wp-json\/wp\/v2\/media?parent=174"}],"curies":[{"name":"wp","href":"https:\/\/api.w.org\/{rel}","templated":true}]}}