{"id":168,"date":"2015-01-19T11:54:06","date_gmt":"2015-01-19T02:54:06","guid":{"rendered":"http:\/\/localhost\/wordpress\/?page_id=168"},"modified":"2021-05-28T14:16:46","modified_gmt":"2021-05-28T05:16:46","slug":"edu","status":"publish","type":"page","link":"https:\/\/jtis.tokyo\/fr\/about\/edu\/","title":{"rendered":"Notre politique d&rsquo;enseignement"},"content":{"rendered":"<div class=\"container\">\n<div class=\"row\">\n<div class=\"col-md-9\">\n<div class=\"row\">\n<p><!-- contents --><\/p>\n<div class=\"col-sm-12\">\n<div class=\"sab-contents-outer\">\n<div class=\"col-md-8\">\n<div class=\"sab-contents-box basic-text\">\n<h3>Nous ne sommes pas limit\u00e9s aux livres<\/h3>\n<p>Le mat\u00e9riel p\u00e9dagogique utilis\u00e9 dans les cours est choisi en fonction de ce que les \u00e9l\u00e8ves veulent. Mais les livres sont aussi utilis\u00e9s comme r\u00e9f\u00e9rence pour le vocabulaire, la grammaire, les expressions, qui sont propos\u00e9s dans les le\u00e7ons. Pour pouvoir appliquer et d\u00e9velopper les \u00e9l\u00e9ments d&rsquo;apprentissage suivant divers aspects pratiques, les professeurs proposent des feuilles de travail, feuilles de t\u00e2ches et d&rsquo;autres mat\u00e9riaux d&rsquo;apprentissage, et vous aurez la chance de pouvoir pratiquer votre japonais dans des situations de la vie r\u00e9elle au travers de le\u00e7ons pratiques.<\/p>\n<\/div>\n<\/div>\n<div class=\"col-md-4 visible-lg\">\n<div class=\"sab-contents-box basic-text\"><img src=\"https:\/\/jtis.tokyo\/en\/wp-content\/themes\/jtis\/images\/about\/edu-1.jpg\" \/><\/div>\n<\/div>\n<\/div>\n<div class=\"sab-contents-outer\">\n<div class=\"col-md-4 visible-lg\">\n<div class=\"sab-contents-box basic-text\"><img src=\"https:\/\/jtis.tokyo\/en\/wp-content\/themes\/jtis\/images\/about\/edu-2.jpg\" \/><\/div>\n<\/div>\n<div class=\"col-md-8\">\n<div class=\"sab-contents-box basic-text\">\n<h3>Le japonais comme outil de communication<\/h3>\n<p>Un langage n&rsquo;est pas un savoir mais un outil de communication. Nous ne vous donnons pas uniquement des cours, nous vous demandons aussi de participer aux le\u00e7ons de fa\u00e7on positive. Votre connaissance du japonais ne vous sera d&rsquo;aucune utilit\u00e9 si vous ne pouvez pas parler, comprendre, \u00e9crire ou lire. C&rsquo;est pourquoi nous organisons toujours les cours en gardant \u00e0 l&rsquo;esprit que la communication est faite pour exprimer quelque chose \u00e0 quelqu&rsquo;un et pour pouvoir comprendre ce que quelqu&rsquo;un d&rsquo;autre vous dit. Les \u00e9l\u00e9ments (vocabulaire, grammaire, expressions et autres) propos\u00e9s dans les le\u00e7ons le sont avec leurs usages et dans les situations o\u00f9 ils sont utilis\u00e9s.<\/p>\n<\/div>\n<\/div>\n<\/div>\n<div class=\"sab-contents-outer\">\n<div class=\"col-md-8\">\n<div class=\"sab-contents-box basic-text\">\n<h3>Usages et Strat\u00e9gie<\/h3>\n<p>Mais il n&rsquo;est pas suffisant pour vous d&rsquo;acqu\u00e9rir seulement des comp\u00e9tences en japonais pour pouvoir communiquer. Vous devez aussi conna\u00eetre les usages et la strat\u00e9gie dans divers milieux. Vous les acquerrez au travers des le\u00e7ons et vous serez en mesure de communiquer ainsi en japonais plus naturellement<\/p>\n<h3>R\u00e9pondre \u00e0 la demande et aux int\u00e9r\u00eats des \u00e9tudiants<\/h3>\n<p>Nous acceptons les \u00e9tudiants du monde entier quelque soit leurs objectifs et motivations. Afin de v\u00e9rifier si nos cours r\u00e9pondent \u00e0 leurs attentes et satisfont leurs demandes nous avons des entretiens avec chaque \u00e9l\u00e8ve r\u00e9guli\u00e8rement.<\/p>\n<h3>Professeurs certifi\u00e9s et qualifi\u00e9s<\/h3>\n<p>Tous nos professeurs sont certifi\u00e9s et qualifi\u00e9s par des organismes agr\u00e9\u00e9s. Ils se forment r\u00e9guli\u00e8rement eux-m\u00eame afin d&rsquo;am\u00e9liorer leur comp\u00e9tences p\u00e9dagogiques.<\/p>\n<\/div>\n<\/div>\n<div class=\"col-md-4 visible-lg\">\n<div class=\"sab-contents-box basic-text\"><img src=\"https:\/\/jtis.tokyo\/en\/wp-content\/themes\/jtis\/images\/about\/about-bottom.jpg\" \/><\/div>\n<\/div>\n<\/div>\n<\/div>\n<p><!-- contents END --><\/p>\n<\/div>\n<\/div>\n<p><!--END 9--><\/p>\n<p><!--side 3--><\/p>\n<div class=\"col-md-3 hidden-xs\">\n<div id=\"side-container\">\n<div id=\"side-2\">\n<div id=\"side-header-basic\">\n<h4 class=\"center-text\">Pour nous contacter<\/h4>\n<\/div>\n<div class=\"side-inner-2\">HoshinoBuilding8-11-10,<br \/>\nNishiShinjuku,Shinjuku,Tokyo,<br \/>\nJapan,160-0023<br \/>\nTEL\uff1a+81-3-3363-2171<br \/>\nFAX\uff1a+81-3-3363-2175<br \/>\nE-MAIL\uff1a<a href=\"mailto:info@jtis.tokyo\">info@jtis.tokyo<\/a><\/p>\n<div class=\"download-side\"><a href=\"https:\/\/jtis.tokyo\/fr\/contact\"><img src=\"https:\/\/jtis.tokyo\/wp-content\/themes\/jtis-fr\/images\/contact-s.png\" alt=\"\" \/><\/a><br \/>\n<a href=\"https:\/\/jtis.tokyo\/fr\/downloads\"><img src=\"https:\/\/jtis.tokyo\/wp-content\/themes\/jtis-fr\/images\/download-s.png\" alt=\"\" \/><\/a><\/div>\n<\/div>\n<div id=\"side-footer\"><\/div>\n<\/div>\n<div id=\"side\">\n<div class=\"side-inner\">\n<h4 class=\"center-text\"><i class=\"glyphicon glyphicon-list\"><\/i>\u00a0M\u00eame cat\u00e9gorie que<\/h4>\n<ul>\n<li><a href=\"https:\/\/jtis.tokyo\/fr\/about\/greeting\/\">Un mot du Directeur<\/a><\/li>\n<li><a href=\"https:\/\/jtis.tokyo\/fr\/about\/policy\/\">Nos r\u00e8gles<\/a><\/li>\n<li><a href=\"https:\/\/jtis.tokyo\/fr\/about\/edu\/\">Notre politique d\u2019enseignement<\/a><\/li>\n<li><a href=\"https:\/\/jtis.tokyo\/fr\/about\/support\/\">Soutien<\/a><\/li>\n<li><a href=\"https:\/\/jtis.tokyo\/fr\/about\/teachers\/\">Professeurs<\/a><\/li>\n<li><a href=\"https:\/\/jtis.tokyo\/fr\/about\/school\/\">A l\u2019\u00e9cole<\/a><\/li>\n<\/ul>\n<\/div>\n<\/div>\n<\/div>\n<\/div>\n<\/div>\n<\/div>\n","protected":false},"excerpt":{"rendered":"<p>Nous ne sommes pas limit\u00e9s aux livres Le mat\u00e9riel p\u00e9dagogique utilis\u00e9 dans les cours est choisi en fonction de ce que les \u00e9l\u00e8ves veulent. Mais les livres sont aussi utilis\u00e9s comme r\u00e9f\u00e9rence pour le vocabulaire, la grammaire, les expressions, qui sont propos\u00e9s dans les le\u00e7ons. Pour pouvoir appliquer et d\u00e9velopper les \u00e9l\u00e9ments d&rsquo;apprentissage suivant divers [&hellip;]<\/p>\n","protected":false},"author":1,"featured_media":1287,"parent":185,"menu_order":3,"comment_status":"closed","ping_status":"closed","template":"main.php","meta":[],"_links":{"self":[{"href":"https:\/\/jtis.tokyo\/fr\/wp-json\/wp\/v2\/pages\/168"}],"collection":[{"href":"https:\/\/jtis.tokyo\/fr\/wp-json\/wp\/v2\/pages"}],"about":[{"href":"https:\/\/jtis.tokyo\/fr\/wp-json\/wp\/v2\/types\/page"}],"author":[{"embeddable":true,"href":"https:\/\/jtis.tokyo\/fr\/wp-json\/wp\/v2\/users\/1"}],"replies":[{"embeddable":true,"href":"https:\/\/jtis.tokyo\/fr\/wp-json\/wp\/v2\/comments?post=168"}],"version-history":[{"count":11,"href":"https:\/\/jtis.tokyo\/fr\/wp-json\/wp\/v2\/pages\/168\/revisions"}],"predecessor-version":[{"id":1695,"href":"https:\/\/jtis.tokyo\/fr\/wp-json\/wp\/v2\/pages\/168\/revisions\/1695"}],"up":[{"embeddable":true,"href":"https:\/\/jtis.tokyo\/fr\/wp-json\/wp\/v2\/pages\/185"}],"wp:featuredmedia":[{"embeddable":true,"href":"https:\/\/jtis.tokyo\/fr\/wp-json\/wp\/v2\/media\/1287"}],"wp:attachment":[{"href":"https:\/\/jtis.tokyo\/fr\/wp-json\/wp\/v2\/media?parent=168"}],"curies":[{"name":"wp","href":"https:\/\/api.w.org\/{rel}","templated":true}]}}