{"id":164,"date":"2015-01-19T11:52:53","date_gmt":"2015-01-19T02:52:53","guid":{"rendered":"http:\/\/localhost\/wordpress\/?page_id=164"},"modified":"2021-05-28T14:16:09","modified_gmt":"2021-05-28T05:16:09","slug":"policy","status":"publish","type":"page","link":"https:\/\/jtis.tokyo\/fr\/about\/policy\/","title":{"rendered":"Nos r\u00e8gles"},"content":{"rendered":"<div class=\"container\">\n<div class=\"row\">\n<div class=\"col-md-9\">\n<div class=\"row\">\n<p><!-- contents --><\/p>\n<div class=\"col-sm-12\">\n<div class=\"sab-contents-outer\">\n<div class=\"col-md-8\">\n<div class=\"sab-contents-box basic-text\">Nous aidons ceux qui font l&rsquo;effort d&rsquo;apprendre le japonais pour leurs propres objectifs, par exemple acc\u00e9der \u00e0 un enseignement sup\u00e9rieur, travailler au Japon, \u00eatre en mesure de pouvoir lire les mangas et les journaux, regarder des films en japonais, etc.<br \/>\nPar cons\u00e9quent nous vous demandons de participer aux cours de mani\u00e8re positive. Comme pour tout ce que vous apprenez, vous ne pouvez rien acqu\u00e9rir si vous attendez juste que quelqu&rsquo;un vous facilite la t\u00e2che. Nous vous demandons de participer aux cours. S&rsquo;il y a quelque chose que vous ne comprenez pas, ne restez pas sans poser de question. N&rsquo;h\u00e9sitez pas \u00e0 demander. Nous avons comme r\u00e8gle d&rsquo;\u00eatre ferme avec ceux qui ne sont pas pr\u00eats \u00e0 apprendre, qui n&rsquo;assistent pas aux cours, etc. Et nous soutenons autant que possible ceux qui sont pr\u00eats \u00e0 \u00e9tudier le japonais de fa\u00e7on s\u00e9rieuse.<br \/>\nAfin d&rsquo;am\u00e9liorer vos comp\u00e9tences en japonais, il est absolument n\u00e9cessaire pour vous d&rsquo;\u00e9tudier non seulement durant les cours mais aussi en rentrant chez vous. Nous vous donnons des devoirs tous les jours pour vous permettre de r\u00e9viser ce que vous avez appris pendant les cours et pour que votre japonais s&rsquo;am\u00e9liore progressivement.<br \/>\nNous sommes toujours pr\u00eats \u00e0 vous accepter. Nous organisons toujours des r\u00e9unions de professeurs, pour tenter d&rsquo;am\u00e9liorer la fa\u00e7on de proc\u00e9der et de mettre en pratique nos id\u00e9es. Ensuite c&rsquo;est votre tour. Vous participez de fa\u00e7on positive durant les cours et lors des activit\u00e9s que vous avez au Japon. Nous pourrons alors cr\u00e9er ensemble une synergie positive, qui rendra votre s\u00e9jour au Japon plus agr\u00e9able, vous permettant d&rsquo;am\u00e9liorer d&rsquo;autant plus vos comp\u00e9tences en japonais.<\/div>\n<\/div>\n<div class=\"col-md-4\">\n<div class=\"sab-contents-box basic-text\">\n<div class=\"img-responsive sab-contents-right-box center-text\"><img src=\"https:\/\/jtis.tokyo\/en\/wp-content\/themes\/jtis\/images\/about\/about01.jpg\" \/><\/div>\n<\/div>\n<\/div>\n<\/div>\n<div class=\"sab-contents-box-space\"><\/div>\n<div class=\"sab-contents-box-space\"><\/div>\n<\/div>\n<p><!-- contents END --><\/p>\n<\/div>\n<\/div>\n<p><!--END 9--><\/p>\n<p><!--side 3--><\/p>\n<div class=\"col-md-3 hidden-xs\">\n<div id=\"side-container\">\n<div id=\"side-2\">\n<div id=\"side-header-basic\">\n<h4 class=\"center-text\">Pour nous contacter<\/h4>\n<\/div>\n<div class=\"side-inner-2\">HoshinoBuilding8-11-10,<br \/>\nNishiShinjuku,Shinjuku,Tokyo,<br \/>\nJapan,160-0023<br \/>\nTEL\uff1a+81-3-3363-2171<br \/>\nFAX\uff1a+81-3-3363-2175<br \/>\nE-MAIL\uff1a<a href=\"mailto:info@jtis.tokyo\">info@jtis.tokyo<\/a><\/p>\n<div class=\"download-side\"><a href=\"https:\/\/jtis.tokyo\/fr\/contact\"><img src=\"https:\/\/jtis.tokyo\/wp-content\/themes\/jtis-fr\/images\/contact-s.png\" alt=\"\" \/><\/a><br \/>\n<a href=\"https:\/\/jtis.tokyo\/fr\/downloads\"><img src=\"https:\/\/jtis.tokyo\/wp-content\/themes\/jtis-fr\/images\/download-s.png\" alt=\"\" \/><\/a><\/div>\n<\/div>\n<div id=\"side-footer\"><\/div>\n<\/div>\n<div id=\"side\">\n<div class=\"side-inner\">\n<h4 class=\"center-text\"><i class=\"glyphicon glyphicon-list\"><\/i>\u00a0M\u00eame cat\u00e9gorie que<\/h4>\n<ul>\n<li><a href=\"https:\/\/jtis.tokyo\/fr\/about\/greeting\/\">Un mot du Directeur<\/a><\/li>\n<li><a href=\"https:\/\/jtis.tokyo\/fr\/about\/policy\/\">Nos r\u00e8gles<\/a><\/li>\n<li><a href=\"https:\/\/jtis.tokyo\/fr\/about\/edu\/\">Notre politique d\u2019enseignement<\/a><\/li>\n<li><a href=\"https:\/\/jtis.tokyo\/fr\/about\/support\/\">Soutien<\/a><\/li>\n<li><a href=\"https:\/\/jtis.tokyo\/fr\/about\/teachers\/\">Professeurs<\/a><\/li>\n<li><a href=\"https:\/\/jtis.tokyo\/fr\/about\/school\/\">A l\u2019\u00e9cole<\/a><\/li>\n<\/ul>\n<\/div>\n<\/div>\n<\/div>\n<\/div>\n<\/div>\n<\/div>\n","protected":false},"excerpt":{"rendered":"<p>Nous aidons ceux qui font l&rsquo;effort d&rsquo;apprendre le japonais pour leurs propres objectifs, par exemple acc\u00e9der \u00e0 un enseignement sup\u00e9rieur, travailler au Japon, \u00eatre en mesure de pouvoir lire les mangas et les journaux, regarder des films en japonais, etc. Par cons\u00e9quent nous vous demandons de participer aux cours de mani\u00e8re positive. Comme pour tout [&hellip;]<\/p>\n","protected":false},"author":1,"featured_media":1287,"parent":185,"menu_order":2,"comment_status":"closed","ping_status":"closed","template":"main.php","meta":[],"_links":{"self":[{"href":"https:\/\/jtis.tokyo\/fr\/wp-json\/wp\/v2\/pages\/164"}],"collection":[{"href":"https:\/\/jtis.tokyo\/fr\/wp-json\/wp\/v2\/pages"}],"about":[{"href":"https:\/\/jtis.tokyo\/fr\/wp-json\/wp\/v2\/types\/page"}],"author":[{"embeddable":true,"href":"https:\/\/jtis.tokyo\/fr\/wp-json\/wp\/v2\/users\/1"}],"replies":[{"embeddable":true,"href":"https:\/\/jtis.tokyo\/fr\/wp-json\/wp\/v2\/comments?post=164"}],"version-history":[{"count":9,"href":"https:\/\/jtis.tokyo\/fr\/wp-json\/wp\/v2\/pages\/164\/revisions"}],"predecessor-version":[{"id":1694,"href":"https:\/\/jtis.tokyo\/fr\/wp-json\/wp\/v2\/pages\/164\/revisions\/1694"}],"up":[{"embeddable":true,"href":"https:\/\/jtis.tokyo\/fr\/wp-json\/wp\/v2\/pages\/185"}],"wp:featuredmedia":[{"embeddable":true,"href":"https:\/\/jtis.tokyo\/fr\/wp-json\/wp\/v2\/media\/1287"}],"wp:attachment":[{"href":"https:\/\/jtis.tokyo\/fr\/wp-json\/wp\/v2\/media?parent=164"}],"curies":[{"name":"wp","href":"https:\/\/api.w.org\/{rel}","templated":true}]}}