{"id":159,"date":"2015-01-19T11:51:04","date_gmt":"2015-01-19T02:51:04","guid":{"rendered":"http:\/\/localhost\/wordpress\/?page_id=159"},"modified":"2021-05-28T14:15:52","modified_gmt":"2021-05-28T05:15:52","slug":"greeting","status":"publish","type":"page","link":"https:\/\/jtis.tokyo\/fr\/about\/greeting\/","title":{"rendered":"Un mot du Directeur"},"content":{"rendered":"<div class=\"container\">\n<div class=\"row\">\n<div class=\"col-md-9\">\n<div class=\"row\">\n<p><!-- contents --><\/p>\n<div class=\"col-sm-12\">\n<div class=\"sab-contents-outer\">\n<div class=\"col-md-12\">\n<div class=\"sab-contents-box basic-text\">\n<div class=\"pull-right img-responsive sab-contents-right-box center-text\"><img src=\"https:\/\/jtis.tokyo\/en\/wp-content\/themes\/jtis\/images\/about\/izumi.jpg\" \/><br \/>\nPrincipal de la Japan Tokyo<br \/>\nInternational School<br \/>\n<strong>Izumi Hitoshi<\/strong><\/div>\n<p>Des ressources humaines sont demand\u00e9es pour cette nouvelle \u00e8re.<br \/>\nLes ressources humaines demand\u00e9es sont les jeunes qui sont familiers avec les coutumes et les cultures de diff\u00e9rents pays. Nous acceptons les \u00e9tudiants du monde entier pour qu&rsquo;ils puissent apprendre le japonais avec d&rsquo;autres \u00e9tudiants de divers pays \u00e0 la Japan Tokyo International School.<br \/>\nEn raison de la colocation de notre \u00e9cole, les gens, qu&rsquo;ils soient r\u00e9sidents au Japon ou des personnes d&rsquo;affaires travaillant au Japon, peuvent assister \u00e0 nos cours pour diverses raisons. Nous proposons aussi bien des cours de courte dur\u00e9e que des cours du soir.<br \/>\nEncore une fois, pour am\u00e9liorer vos comp\u00e9tences en japonais, il est \u00e9galement important d&rsquo;avoir une compr\u00e9hension de la culture et des coutumes japonaises. Outre les cours r\u00e9guliers, nous offrons aussi des chances de pouvoir communiquer avec les japonais au travers d&rsquo;\u00e9changes culturels et d&rsquo;excursions.<br \/>\nMaintenant l&rsquo;Asie a un r\u00f4le de plus en plus important dans le monde.<br \/>\nLa Japan Tokyo International School a toujours aid\u00e9 au d\u00e9veloppement de la jeunesse, en essayant de se baser sur la compr\u00e9hension mutuelle. Nous attendons avec int\u00e9r\u00eat de pouvoir participer \u00e0 votre avenir.<\/p>\n<\/div>\n<\/div>\n<\/div>\n<div class=\"sab-contents-box-space\"><\/div>\n<\/div>\n<p><!-- contents END --><\/p>\n<\/div>\n<\/div>\n<p><!--END 9--><\/p>\n<p><!--side 3--><\/p>\n<div class=\"col-md-3 hidden-xs\">\n<div id=\"side-container\">\n<div id=\"side-2\">\n<div id=\"side-header-basic\">\n<h4 class=\"center-text\">Pour nous contacter<\/h4>\n<\/div>\n<div class=\"side-inner-2\">HoshinoBuilding8-11-10,<br \/>\nNishiShinjuku,Shinjuku,Tokyo,<br \/>\nJapan,160-0023<br \/>\nTEL\uff1a+81-3-3363-2171<br \/>\nFAX\uff1a+81-3-3363-2175<br \/>\nE-MAIL\uff1a<a href=\"mailto:info@jtis.tokyo\">info@jtis.tokyo<\/a><\/p>\n<div class=\"download-side\"><a href=\"https:\/\/jtis.tokyo\/fr\/contact\"><img src=\"https:\/\/jtis.tokyo\/wp-content\/themes\/jtis-fr\/images\/contact-s.png\" alt=\"\" \/><\/a><br \/>\n<a href=\"https:\/\/jtis.tokyo\/fr\/downloads\"><img src=\"https:\/\/jtis.tokyo\/wp-content\/themes\/jtis-fr\/images\/download-s.png\" alt=\"\" \/><\/a><\/div>\n<\/div>\n<div id=\"side-footer\"><\/div>\n<\/div>\n<div id=\"side\">\n<div class=\"side-inner\">\n<h4 class=\"center-text\"><i class=\"glyphicon glyphicon-list\"><\/i>\u00a0M\u00eame cat\u00e9gorie que<\/h4>\n<ul>\n<li><a href=\"https:\/\/jtis.tokyo\/fr\/about\/greeting\/\">Un mot du Directeur<\/a><\/li>\n<li><a href=\"https:\/\/jtis.tokyo\/fr\/about\/policy\/\">Nos r\u00e8gles<\/a><\/li>\n<li><a href=\"https:\/\/jtis.tokyo\/fr\/about\/edu\/\">Notre politique d\u2019enseignement<\/a><\/li>\n<li><a href=\"https:\/\/jtis.tokyo\/fr\/about\/support\/\">Soutien<\/a><\/li>\n<li><a href=\"https:\/\/jtis.tokyo\/fr\/about\/teachers\/\">Professeurs<\/a><\/li>\n<li><a href=\"https:\/\/jtis.tokyo\/fr\/about\/school\/\">A l\u2019\u00e9cole<\/a><\/li>\n<\/ul>\n<\/div>\n<\/div>\n<\/div>\n<\/div>\n<\/div>\n<\/div>\n","protected":false},"excerpt":{"rendered":"<p>Principal de la Japan Tokyo International School Izumi Hitoshi Des ressources humaines sont demand\u00e9es pour cette nouvelle \u00e8re. Les ressources humaines demand\u00e9es sont les jeunes qui sont familiers avec les coutumes et les cultures de diff\u00e9rents pays. Nous acceptons les \u00e9tudiants du monde entier pour qu&rsquo;ils puissent apprendre le japonais avec d&rsquo;autres \u00e9tudiants de divers [&hellip;]<\/p>\n","protected":false},"author":1,"featured_media":1287,"parent":185,"menu_order":1,"comment_status":"closed","ping_status":"closed","template":"main.php","meta":[],"_links":{"self":[{"href":"https:\/\/jtis.tokyo\/fr\/wp-json\/wp\/v2\/pages\/159"}],"collection":[{"href":"https:\/\/jtis.tokyo\/fr\/wp-json\/wp\/v2\/pages"}],"about":[{"href":"https:\/\/jtis.tokyo\/fr\/wp-json\/wp\/v2\/types\/page"}],"author":[{"embeddable":true,"href":"https:\/\/jtis.tokyo\/fr\/wp-json\/wp\/v2\/users\/1"}],"replies":[{"embeddable":true,"href":"https:\/\/jtis.tokyo\/fr\/wp-json\/wp\/v2\/comments?post=159"}],"version-history":[{"count":11,"href":"https:\/\/jtis.tokyo\/fr\/wp-json\/wp\/v2\/pages\/159\/revisions"}],"predecessor-version":[{"id":1693,"href":"https:\/\/jtis.tokyo\/fr\/wp-json\/wp\/v2\/pages\/159\/revisions\/1693"}],"up":[{"embeddable":true,"href":"https:\/\/jtis.tokyo\/fr\/wp-json\/wp\/v2\/pages\/185"}],"wp:featuredmedia":[{"embeddable":true,"href":"https:\/\/jtis.tokyo\/fr\/wp-json\/wp\/v2\/media\/1287"}],"wp:attachment":[{"href":"https:\/\/jtis.tokyo\/fr\/wp-json\/wp\/v2\/media?parent=159"}],"curies":[{"name":"wp","href":"https:\/\/api.w.org\/{rel}","templated":true}]}}