{"id":151,"date":"2015-01-19T11:48:00","date_gmt":"2015-01-19T11:48:00","guid":{"rendered":"http:\/\/localhost\/wordpress\/?page_id=151"},"modified":"2021-05-28T14:15:24","modified_gmt":"2021-05-28T05:15:24","slug":"japan","status":"publish","type":"page","link":"https:\/\/jtis.tokyo\/fr\/courses\/japan\/","title":{"rendered":"Pour ceux qui vivent au Japon"},"content":{"rendered":"<div class=\"container\">\n<div class=\"row\">\n<div class=\"col-md-9\">\n<div class=\"row\">\n<p><!-- contents --><\/p>\n<div class=\"col-sm-12\">\n<div class=\"sab-contents-outer\">\n<div class=\"col-md-8\">\n<div class=\"sab-contents-box basic-text\">\n<p><!--1--><\/p>\n<h3>Cours pour ceux qui vivent au Japon<\/h3>\n<p><strong>\u30fbContenus qui vous sont familiers dans la vie de tous les jours, par exemple \u201cLe japonais dans la vie quotidienne\u201d<\/strong><br \/>\n<strong>\u30fbLes le\u00e7ons sont deux fois par semaine<\/strong><br \/>\n<strong>\u30fbDes le\u00e7ons d&rsquo;une semaine sont aussi disponible pour les touristes<\/strong><\/p>\n<div class=\"sab-contents-box-space-20\"><\/div>\n<p><span class=\"red-text\">* Nous acceptons avec int\u00e9r\u00eat les demandes de groupes d&rsquo;amis, etc<\/span><\/p>\n<p>Nous proposons des cours pour ceux qui vivent au Japon. Le contenu des le\u00e7ons est con\u00e7u en fonction des aspects de la vie quotidienne que vous connaissez, le but des le\u00e7ons que nous proposons est de pouvoir appliquer ce que vous avez appris aux situations de la vie de tous les jours. Par cons\u00e9quent, le contenu est tr\u00e8s utile et pr\u00e9cieux pour ceux qui viennent en voyage au Japon. En outre, pour ceux qui sont occup\u00e9s, les le\u00e7ons ont lieu \u00e0 partir de deux fois par semaine. Bien s\u00fbr vous pouvez aussi assister aux le\u00e7ons tous les jours, nous vous proposons des cours pour apprendre le japonais \u00e9tape par \u00e9tape \u00e0 partir du niveau de base.<\/p>\n<\/div>\n<\/div>\n<p><!--1st right--><\/p>\n<div class=\"col-md-4\">\n<div class=\"sab-contents-box basic-text hidden-xs\">\n<div class=\"img-responsive sab-contents-right-box center-text\"><img src=\"https:\/\/jtis.tokyo\/fr\/wp-content\/themes\/jtis\/images\/course\/course-japan.png\" alt=\"\u65e5\u672c\u306b\u304a\u4f4f\u307e\u3044\u306e\u65b9\" \/><\/div>\n<\/div>\n<\/div>\n<\/div>\n<div class=\"sab-contents-outer\">\n<div class=\"col-md-12 content-mid-blue-box blue-text\"><strong>Parfaitement adapt\u00e9 aux personnes qui veulent<\/strong><br \/>\nApprendre le japonais et les coutumes de la vie quotidienne japonaise, communiquer et pouvoir discuter avec les japonais dans diff\u00e9rentes situations, se faire des amis japonais, apprendre le japonais tout en voyageant au Japon.<br \/>\n<span class=\"red-text\">Parfaitement adapt\u00e9 \u00e0 ceux qui veulent s&rsquo;impliquer dans la vie japonaise<\/span><\/div>\n<\/div>\n<div class=\"sab-contents-outer\">\n<div class=\"col-md-12\">\n<div class=\"sab-contents-box basic-text\">\n<h3>Inscription et dur\u00e9e des cours<\/h3>\n<p>Possibilit\u00e9 d&rsquo;inscription \u00e0 tout moment (en d\u00e9but de mois de pr\u00e9f\u00e9rence)<br \/>\nDisponible \u00e0 partir d&rsquo;un mois (disponible aussi \u00e0 partir d&rsquo;une semaine pour les touristes)<\/p>\n<\/div>\n<\/div>\n<\/div>\n<div class=\"sab-contents-outer\">\n<div class=\"col-md-12\">\n<div class=\"sab-contents-box basic-text\">\n<h3>Cours recommand\u00e9s \/ Choisissez le cours que vous aimez<\/h3>\n<p>Le japonais dans la vie quotidienne<a href=\"#more\">&gt;&gt; Veuillez regarder le programme d&rsquo;\u00e9tudes ci-dessous.<\/a><br \/>\nJaponais d\u00e9taill\u00e9 \/ Cours intensifs<a href=\"https:\/\/jtis.tokyo\/fr\/courses\/long\">&gt;&gt; Plus de d\u00e9tails&#8230;<\/a><br \/>\n<span class=\"red-text\">*Des cours priv\u00e9s sont aussi disponibles, veuillez nous contacter pour plus d&rsquo;informations. <\/span><\/p>\n<\/div>\n<\/div>\n<\/div>\n<div class=\"sab-contents-outer\">\n<div class=\"col-md-12\">\n<div class=\"sab-contents-box basic-text\">\n<h3>Horaires, Paiement, Formulaires, etc.<\/h3>\n<p>Les horaires sont multiples, cours du matin, cours de l&rsquo;apr\u00e8s-midi, et cours du soir, et les frais concernant ces cours varient aussi, veuillez nous contacter pour plus d&rsquo;information.<\/p>\n<\/div>\n<\/div>\n<\/div>\n<div id=\"more\">\n<div class=\"sab-contents-outer\">\n<div class=\"col-md-12\">\n<div class=\"sab-contents-box basic-text\">\n<h3>Exemple de programme d&rsquo;\u00e9tudes<\/h3>\n<div class=\"table-responsive\">\n<table class=\"course-table-2\">\n<tbody>\n<tr>\n<td class=\"r1\">\n<div class=\"text-center\">Objectif<\/div>\n<\/td>\n<td class=\"r1\">Acqu\u00e9rir les comp\u00e9tences de conversation en japonais n\u00e9cessaires dans tous les aspects de la vie quotidienne.<br \/>\nApprendre les coutumes japonaises de la vie quotidienne.<\/td>\n<\/tr>\n<tr>\n<td class=\"r2 text-center\">\n<div class=\"text-center\">Horaires<\/div>\n<\/td>\n<td class=\"r2\">Cours deux fois par semaine (mardi et jeudi) 13h30 \u2013 15h00 ou 15h15 \u2013 16h45<br \/>\nCours trois fois par semaine (lundi, mercredi, vendredi) 13h30 \u2013 15h00 ou 15h15 \u2013 16h45<\/td>\n<\/tr>\n<tr>\n<td class=\"r3 text-center\">\n<div class=\"text-center\">Nombre de le\u00e7ons<\/div>\n<\/td>\n<td class=\"r3\">Cours d&rsquo;un mois (8 fois ou 12 fois)<br \/>\nCours de trois mois (24 fois ou 36 fois)<\/td>\n<\/tr>\n<\/tbody>\n<\/table>\n<\/div>\n<\/div>\n<\/div>\n<\/div>\n<\/div>\n<div class=\"sab-contents-outer\">\n<div class=\"col-md-12\">\n<div class=\"sab-contents-box basic-text\">\n<div class=\"table-responsive\">\n<table class=\"course-table-3\">\n<tbody>\n<tr>\n<td>\n<div class=\"text-center\"><\/div>\n<\/td>\n<td>\n<div class=\"text-center\"><strong>Aptitudes \/ Contenu<\/strong><\/div>\n<\/td>\n<\/tr>\n<tr>\n<td class=\"r1\">\n<div class=\"text-center\">1<\/div>\n<\/td>\n<td class=\"r1\">Introduction et pr\u00e9sentation personnelle<br \/>\n-Expressions de salutations en fonction des situations, se pr\u00e9senter, pr\u00e9senter quelqu&rsquo;un, poser des questions \u00e0 d&rsquo;autres personnes, etc.<\/td>\n<\/tr>\n<tr>\n<td class=\"r2 text-center\">\n<div class=\"text-center\">2<\/div>\n<\/td>\n<td class=\"r2\">Expressions li\u00e9es aux nombres<br \/>\n-Demander un prix, pouvoir dire un num\u00e9ro de chambre, de t\u00e9l\u00e9phone, etc.<\/td>\n<\/tr>\n<tr>\n<td class=\"r1 text-center\">\n<div class=\"text-center\">3<\/div>\n<\/td>\n<td class=\"r1\">Expression de temps<br \/>\n-Demander des heures d&rsquo;ouverture, pouvoir parler d&rsquo;anniversaire et de calendrier<\/td>\n<\/tr>\n<tr>\n<td class=\"r2 text-center\">\n<div class=\"text-center\">4<\/div>\n<\/td>\n<td class=\"r2\">O\u00f9 allez-vous ?<br \/>\n-pouvoir dire o\u00f9 vous allez, parler de voyage<\/td>\n<\/tr>\n<tr>\n<td class=\"r1 text-center\">\n<div class=\"text-center\">5<\/div>\n<\/td>\n<td class=\"r1\">Demander une faveur<br \/>\n-Pouvoir commander dans les restaurants, demander quelque chose \u00e0 une personne, etc.<\/td>\n<\/tr>\n<tr>\n<td class=\"r2 text-center\">\n<div class=\"text-center\">6<\/div>\n<\/td>\n<td class=\"r2\">Monter en taxis, trains, bus<br \/>\n-Conversations dans un taxi et dans une gare, etc.<\/td>\n<\/tr>\n<tr>\n<td class=\"r1 text-center\">\n<div class=\"text-center\">7<\/div>\n<\/td>\n<td class=\"r1\">Demander \/ r\u00e9pondre \u00e0 propos de lieux<br \/>\n-Que faire quand vous \u00eates perdu, etc.<\/td>\n<\/tr>\n<tr>\n<td class=\"r2 text-center\">\n<div class=\"text-center\">8<\/div>\n<\/td>\n<td class=\"r2\">Que faire ?<br \/>\n-A propos des plans pour le week-end, quoi manger, etc.<\/td>\n<\/tr>\n<tr>\n<td class=\"r1 text-center\">\n<div class=\"text-center\">9<\/div>\n<\/td>\n<td class=\"r1\">Parler de l&rsquo;\u201d\u00e9tat\u201d de quelque chose<br \/>\n-Parler de l&rsquo;\u201d\u00e9tat\u201d de quelque chose en utilisant des adjectifs.<\/td>\n<\/tr>\n<tr>\n<td class=\"r2 text-center\">\n<div class=\"text-center\">10<\/div>\n<\/td>\n<td class=\"r2\">Inviter, refuser, recommander et sugg\u00e9rer<\/td>\n<\/tr>\n<\/tbody>\n<\/table>\n<\/div>\n<\/div>\n<\/div>\n<\/div>\n<div class=\"sab-contents-box-space-60\"><\/div>\n<\/div>\n<p><!-- contents END --><\/p>\n<\/div>\n<\/div>\n<p><!--END 9--><\/p>\n<p><!--side 3--><\/p>\n<div class=\"col-md-3 hidden-xs\">\n<div id=\"side-container\">\n<div id=\"side-2\">\n<div id=\"side-header-basic\">\n<h4 class=\"center-text\">Pour nous contacter<\/h4>\n<\/div>\n<div class=\"side-inner-2\">HoshinoBuilding8-11-10,<br \/>\nNishiShinjuku,Shinjuku,Tokyo,<br \/>\nJapan,160-0023<br \/>\nTEL\uff1a+81-3-3363-2171<br \/>\nFAX\uff1a+81-3-3363-2175<br \/>\nE-MAIL\uff1a<a href=\"mailto:info@jtis.tokyo\">info@jtis.tokyo<\/a><\/p>\n<div class=\"download-side\"><a href=\"https:\/\/jtis.tokyo\/fr\/contact\"><img src=\"https:\/\/jtis.tokyo\/wp-content\/themes\/jtis-fr\/images\/contact-s.png\" alt=\"\" \/><\/a><br \/>\n<a href=\"https:\/\/jtis.tokyo\/fr\/downloads\"><img src=\"https:\/\/jtis.tokyo\/wp-content\/themes\/jtis-fr\/images\/download-s.png\" alt=\"\" \/><\/a><\/div>\n<\/div>\n<div id=\"side-footer\"><\/div>\n<\/div>\n<div id=\"side\">\n<div class=\"side-inner\">\n<h4 class=\"center-text\"><i class=\"glyphicon glyphicon-list\"><\/i>\u00a0M\u00eame cat\u00e9gorie que<\/h4>\n<ul>\n<li><a href=\"https:\/\/jtis.tokyo\/fr\/courses\/long\">Pour ceux qui veulent apprendre le japonais avec un visa \u00e9tudiant<\/a><\/li>\n<li><a href=\"https:\/\/jtis.tokyo\/fr\/courses\/short\">Pour ceux qui viennent au Japon avec un visa de courte dur\u00e9e<\/a><\/li>\n<li><a href=\"https:\/\/jtis.tokyo\/fr\/courses\/japan\">Pour ceux qui vivent au Japon<\/a><\/li>\n<li><a href=\"https:\/\/jtis.tokyo\/fr\/courses\/business\">Pour ceux qui veulent apprendre le japonais pour les affaires<\/a><\/li>\n<\/ul>\n<\/div>\n<\/div>\n<\/div>\n<\/div>\n<\/div>\n<\/div>\n","protected":false},"excerpt":{"rendered":"<p>Cours pour ceux qui vivent au Japon \u30fbContenus qui vous sont familiers dans la vie de tous les jours, par exemple \u201cLe japonais dans la vie quotidienne\u201d \u30fbLes le\u00e7ons sont deux fois par semaine \u30fbDes le\u00e7ons d&rsquo;une semaine sont aussi disponible pour les touristes * Nous acceptons avec int\u00e9r\u00eat les demandes de groupes d&rsquo;amis, etc [&hellip;]<\/p>\n","protected":false},"author":1,"featured_media":1286,"parent":121,"menu_order":3,"comment_status":"closed","ping_status":"closed","template":"main.php","meta":[],"_links":{"self":[{"href":"https:\/\/jtis.tokyo\/fr\/wp-json\/wp\/v2\/pages\/151"}],"collection":[{"href":"https:\/\/jtis.tokyo\/fr\/wp-json\/wp\/v2\/pages"}],"about":[{"href":"https:\/\/jtis.tokyo\/fr\/wp-json\/wp\/v2\/types\/page"}],"author":[{"embeddable":true,"href":"https:\/\/jtis.tokyo\/fr\/wp-json\/wp\/v2\/users\/1"}],"replies":[{"embeddable":true,"href":"https:\/\/jtis.tokyo\/fr\/wp-json\/wp\/v2\/comments?post=151"}],"version-history":[{"count":15,"href":"https:\/\/jtis.tokyo\/fr\/wp-json\/wp\/v2\/pages\/151\/revisions"}],"predecessor-version":[{"id":1692,"href":"https:\/\/jtis.tokyo\/fr\/wp-json\/wp\/v2\/pages\/151\/revisions\/1692"}],"up":[{"embeddable":true,"href":"https:\/\/jtis.tokyo\/fr\/wp-json\/wp\/v2\/pages\/121"}],"wp:featuredmedia":[{"embeddable":true,"href":"https:\/\/jtis.tokyo\/fr\/wp-json\/wp\/v2\/media\/1286"}],"wp:attachment":[{"href":"https:\/\/jtis.tokyo\/fr\/wp-json\/wp\/v2\/media?parent=151"}],"curies":[{"name":"wp","href":"https:\/\/api.w.org\/{rel}","templated":true}]}}