{"id":149,"date":"2015-01-19T11:47:39","date_gmt":"2015-01-19T11:47:39","guid":{"rendered":"http:\/\/localhost\/wordpress\/?page_id=149"},"modified":"2016-04-18T18:08:23","modified_gmt":"2016-04-18T09:08:23","slug":"business","status":"publish","type":"page","link":"https:\/\/jtis.tokyo\/fr\/courses\/business\/","title":{"rendered":"Pour ceux qui veulent apprendre le japonais pour les affaires"},"content":{"rendered":"<div class=\"container\">\n<div class=\"row\">\n<div class=\"col-md-9\">\n<div class=\"row\">\n<p><!-- contents --><\/p>\n<div class=\"col-sm-12\">\n<div class=\"sab-contents-outer\">\n<div class=\"col-md-8\">\n<div class=\"sab-contents-box basic-text\">\n<p><!--1--><\/p>\n<h3>Cours de japonais pour les affaires<\/h3>\n<p><strong>\u30fbDisponible \u00e0 partir d&rsquo;un mois<\/strong><br \/>\n<strong>\u30fbPour ceux qui travaillent au Japon et ceux qui veulent y travailler<\/strong><br \/>\n<strong>\u30fbCours deux fois par semaine<\/strong><br \/>\n<strong>\u30fbLes cours ont lieu dans la soir\u00e9e pour les hommes d&rsquo;affaires<\/strong><\/p>\n<div class=\"sab-contents-box-space-20\"><\/div>\n<p><span class=\"red-text\">\u203bNous acceptons avec int\u00e9r\u00eat les demandes des corporations.<\/span><\/p>\n<p>Nous proposons des cours pour ceux qui travaillent au Japon et ceux qui veulent y travailler. Dans ce cours nous nous concentrons sur les conversations dans le milieu des affaires, les usages relatifs au milieu des affaires, et les expressions li\u00e9es au monde des affaires. Nous tenons des s\u00e9ances deux fois par semaine pour les gens occup\u00e9s. Nous pouvons aussi bien s\u00fbr proposer des s\u00e9ances tous les jours. En outre les cours ont lieu le soir.<\/p>\n<\/div>\n<\/div>\n<p><!--1st right--><\/p>\n<div class=\"col-md-4\">\n<div class=\"sab-contents-box basic-text hidden-xs\">\n<div class=\"img-responsive sab-contents-right-box center-text\"><img src=\"https:\/\/jtis.tokyo\/en\/wp-content\/themes\/jtis\/images\/course\/course-business.png\" alt=\"\" \/><\/div>\n<\/div>\n<\/div>\n<div class=\"col-md-12 content-mid-blue-box blue-text\"><strong>Parfaitement adapt\u00e9 aux personnes qui veulent<\/strong><br \/>\nApprendre le japonais pour les affaires et les usages relatifs au milieu des affaires, apprendre \u00e0 \u00e9crire des lettres d&rsquo;affaires (courriels), apprendre les expressions appropri\u00e9es dans divers milieux d&rsquo;affaires, par exemple : pr\u00e9sentation, appels t\u00e9l\u00e9phoniques, salutations, etc.<br \/>\n<span class=\"red-text\">Parfaitement adapt\u00e9 aux personnes qui travaillent au Japon ou qui veulent y travailler<\/span><\/div>\n<\/div>\n<div class=\"sab-contents-outer\">\n<div class=\"col-md-12\">\n<div class=\"sab-contents-box basic-text\">\n<h3>Inscription et dur\u00e9e des cours<\/h3>\n<p>Possibilit\u00e9 d&rsquo;inscription \u00e0 tout moment (en d\u00e9but de mois de pr\u00e9f\u00e9rence)<br \/>\nDisponible \u00e0 partir d&rsquo;un mois<br \/>\nCours priv\u00e9s et inscription de corporation disponible<\/p>\n<\/div>\n<\/div>\n<\/div>\n<div class=\"sab-contents-outer\">\n<div class=\"col-md-12\">\n<div class=\"sab-contents-box basic-text\">\n<h3>Horaires et paiements<\/h3>\n<p>Les cours ont g\u00e9n\u00e9ralement lieu dans la soir\u00e9e et deux fois par semaine. Veuillez nous contacter pour plus de d\u00e9tails.<br \/>\n4,500 Yen pour un cours de 90 minutes<br \/>\nSi vous souhaitez un cours \u00e0 des horaires diff\u00e9rents, veuillez nous contacter<\/p>\n<\/div>\n<\/div>\n<\/div>\n<div class=\"sab-contents-outer\">\n<div class=\"col-md-12\">\n<div class=\"sab-contents-box basic-text\">\n<h3>Model curriculum<\/h3>\n<div class=\"table-responsive\">\n<table class=\"course-table-2\">\n<tbody>\n<tr>\n<td class=\"r1\">\n<div class=\"text-center\">Objectif \/ But<\/div>\n<\/td>\n<td class=\"r1\">Acqu\u00e9rir des comp\u00e9tences en japonais n\u00e9cessaires dans les entreprises japonaises<br \/>\nAcqu\u00e9rir les usages relatifs au milieu des affaires et des comp\u00e9tences de base en affaire<\/td>\n<\/tr>\n<tr>\n<td class=\"r2 text-center\">\n<div class=\"text-center\">Horaires et date<\/div>\n<\/td>\n<td class=\"r2\">Deux fois par semaine (Mercredi et mardi) 19h00 &#8211; 20h30<\/td>\n<\/tr>\n<tr>\n<td class=\"r3 text-center\">\n<div class=\"text-center\">Nombre de cours<\/div>\n<\/td>\n<td class=\"r3\">Cours d&rsquo;un mois (8 le\u00e7ons)<br \/>\nCours de trois mois (24 le\u00e7ons)<\/td>\n<\/tr>\n<\/tbody>\n<\/table>\n<\/div>\n<\/div>\n<\/div>\n<\/div>\n<div class=\"sab-contents-outer\">\n<div class=\"col-md-12\">\n<div class=\"sab-contents-box basic-text\">\n<div class=\"table-responsive\">\n<table class=\"course-table-3\">\n<tbody>\n<tr>\n<td><\/td>\n<td>\n<div class=\"text-center\"><strong>Aptitudes \/ Contenu<\/strong><\/div>\n<\/td>\n<\/tr>\n<tr>\n<td class=\"r1\">\n<div class=\"text-center\">1<\/div>\n<\/td>\n<td class=\"r1\">Expressions honorifiques \/ concept d&rsquo;\u201dint\u00e9rieur\u201d et d&rsquo;\u201dext\u00e9rieur\u201d \/ pr\u00e9sentation personnelle, poser des questions aux autres, \u00e9changer des cartes de visite, etc.<\/td>\n<\/tr>\n<tr>\n<td class=\"r2 text-center\">\n<div class=\"text-center\">2<\/div>\n<\/td>\n<td class=\"r2\">Expressions humbles \/ pr\u00e9sentation personnelle et pr\u00e9sentation de votre entreprise, usages dans le cadre de la visite d&rsquo;une entreprise, etc.<\/td>\n<\/tr>\n<tr>\n<td class=\"r1 text-center\">\n<div class=\"text-center\">3<\/div>\n<\/td>\n<td class=\"r1\">R\u00e9vision des expressions honorifiques et humbles \/ coutumes dans les appels t\u00e9l\u00e9phoniques (r\u00e9vision du concept \u201cint\u00e9rieur\u201d et \u201cext\u00e9rieur\u201d)<\/td>\n<\/tr>\n<tr>\n<td class=\"r2 text-center\">\n<div class=\"text-center\">4<\/div>\n<\/td>\n<td class=\"r2\">Obtenir un rendez-vous au t\u00e9l\u00e9phone, r\u00e9vision des usages dans le cadre de la visite d&rsquo;une entreprise, etc.<\/td>\n<\/tr>\n<tr>\n<td class=\"r1 text-center\">\n<div class=\"text-center\">5<\/div>\n<\/td>\n<td class=\"r1\">5 F\u00eates de fin d&rsquo;ann\u00e9e, autres usages \/ dans les taxis, restaurants, ascenseurs, etc.<\/td>\n<\/tr>\n<tr>\n<td class=\"r2 text-center\">\n<div class=\"text-center\">6<\/div>\n<\/td>\n<td class=\"r2\">Ecrire des courriels \/ documents internes, documents externes, etc.<\/td>\n<\/tr>\n<tr>\n<td class=\"r1 text-center\">\n<div class=\"text-center\">7<\/div>\n<\/td>\n<td class=\"r1\">Les diff\u00e9rentes expressions japonaises suivant les r\u00e9gions \/ dialectes, etc.<\/td>\n<\/tr>\n<tr>\n<td class=\"r2 text-center\">\n<div class=\"text-center\">8<\/div>\n<\/td>\n<td class=\"r2\">Pr\u00e9sentation 1<\/td>\n<\/tr>\n<tr>\n<td class=\"r1 text-center\">\n<div class=\"text-center\">9<\/div>\n<\/td>\n<td class=\"r1\">Pr\u00e9sentation 2<\/td>\n<\/tr>\n<tr>\n<td class=\"r2 text-center\">\n<div class=\"text-center\">10<\/div>\n<\/td>\n<td class=\"r2\">Conf\u00e9rences et r\u00e9unions \/ proc\u00e9dures, etc.<\/td>\n<\/tr>\n<\/tbody>\n<\/table>\n<\/div>\n<\/div>\n<\/div>\n<\/div>\n<div class=\"sab-contents-box-space-60\"><\/div>\n<\/div>\n<p><!-- contents END --><\/p>\n<\/div>\n<\/div>\n<p><!--END 9--><\/p>\n<p><!--side 3--><\/p>\n<div class=\"col-md-3 hidden-xs\">\n<div id=\"side-container\">\n<div id=\"side-2\">\n<div id=\"side-header-basic\">\n<h4 class=\"center-text\">Pour nous contacter<\/h4>\n<\/div>\n<div class=\"side-inner-2\">HoshinoBuilding8-11-10,<br \/>\nNishiShinjuku,Shinjuku,Tokyo,<br \/>\nJapan,160-0023<br \/>\nTEL\uff1a+81-3-3363-2171<br \/>\nFAX\uff1a+81-3-3363-2175<br \/>\nE-MAIL\uff1a<a href=\"mailto:info@jtis.tokyo\">info@jtis.tokyo<\/a><br \/>\n<img src=\"https:\/\/jtis.tokyo\/fr\/wp-content\/uploads\/sites\/8\/2016\/04\/QRCode_\u30d5\u30e9\u30f3\u30b9-1.png\" alt=\"\" \/><\/p>\n<hr \/>\n<div class=\"download-side\"><a href=\"https:\/\/jtis.tokyo\/fr\/contact\"><img src=\"https:\/\/jtis.tokyo\/wp-content\/themes\/jtis-fr\/images\/contact-s.png\" alt=\"\" \/><\/a><br \/>\n<a href=\"https:\/\/jtis.tokyo\/fr\/downloads\"><img src=\"https:\/\/jtis.tokyo\/wp-content\/themes\/jtis-fr\/images\/download-s.png\" alt=\"\" \/><\/a><\/div>\n<\/div>\n<div id=\"side-footer\"><\/div>\n<\/div>\n<div id=\"side\">\n<div class=\"side-inner\">\n<h4 class=\"center-text\"><i class=\"glyphicon glyphicon-list\"><\/i>\u00a0M\u00eame cat\u00e9gorie que<\/h4>\n<ul>\n<li><a href=\"https:\/\/jtis.tokyo\/fr\/courses\/long\">Pour ceux qui veulent apprendre le japonais avec un visa \u00e9tudiant<\/a><\/li>\n<li><a href=\"https:\/\/jtis.tokyo\/fr\/courses\/short\">Pour ceux qui viennent au Japon avec un visa de courte dur\u00e9e<\/a><\/li>\n<li><a href=\"https:\/\/jtis.tokyo\/fr\/courses\/japan\">Pour ceux qui vivent au Japon<\/a><\/li>\n<li><a href=\"https:\/\/jtis.tokyo\/fr\/courses\/business\">Pour ceux qui veulent apprendre le japonais pour les affaires<\/a><\/li>\n<\/ul>\n<\/div>\n<\/div>\n<\/div>\n<\/div>\n<\/div>\n<\/div>\n","protected":false},"excerpt":{"rendered":"<p>Cours de japonais pour les affaires \u30fbDisponible \u00e0 partir d&rsquo;un mois \u30fbPour ceux qui travaillent au Japon et ceux qui veulent y travailler \u30fbCours deux fois par semaine \u30fbLes cours ont lieu dans la soir\u00e9e pour les hommes d&rsquo;affaires \u203bNous acceptons avec int\u00e9r\u00eat les demandes des corporations. Nous proposons des cours pour ceux qui travaillent [&hellip;]<\/p>\n","protected":false},"author":1,"featured_media":1286,"parent":121,"menu_order":4,"comment_status":"closed","ping_status":"closed","template":"main.php","meta":[],"_links":{"self":[{"href":"https:\/\/jtis.tokyo\/fr\/wp-json\/wp\/v2\/pages\/149"}],"collection":[{"href":"https:\/\/jtis.tokyo\/fr\/wp-json\/wp\/v2\/pages"}],"about":[{"href":"https:\/\/jtis.tokyo\/fr\/wp-json\/wp\/v2\/types\/page"}],"author":[{"embeddable":true,"href":"https:\/\/jtis.tokyo\/fr\/wp-json\/wp\/v2\/users\/1"}],"replies":[{"embeddable":true,"href":"https:\/\/jtis.tokyo\/fr\/wp-json\/wp\/v2\/comments?post=149"}],"version-history":[{"count":12,"href":"https:\/\/jtis.tokyo\/fr\/wp-json\/wp\/v2\/pages\/149\/revisions"}],"predecessor-version":[{"id":1589,"href":"https:\/\/jtis.tokyo\/fr\/wp-json\/wp\/v2\/pages\/149\/revisions\/1589"}],"up":[{"embeddable":true,"href":"https:\/\/jtis.tokyo\/fr\/wp-json\/wp\/v2\/pages\/121"}],"wp:featuredmedia":[{"embeddable":true,"href":"https:\/\/jtis.tokyo\/fr\/wp-json\/wp\/v2\/media\/1286"}],"wp:attachment":[{"href":"https:\/\/jtis.tokyo\/fr\/wp-json\/wp\/v2\/media?parent=149"}],"curies":[{"name":"wp","href":"https:\/\/api.w.org\/{rel}","templated":true}]}}