{"id":146,"date":"2015-01-19T11:46:10","date_gmt":"2015-01-19T02:46:10","guid":{"rendered":"http:\/\/localhost\/wordpress\/?page_id=146"},"modified":"2021-05-28T14:15:08","modified_gmt":"2021-05-28T05:15:08","slug":"short","status":"publish","type":"page","link":"https:\/\/jtis.tokyo\/fr\/courses\/short\/","title":{"rendered":"Pour ceux qui viennent au Japon avec un visa de courte dur\u00e9e"},"content":{"rendered":"<div class=\"container\">\n<div class=\"row\">\n<div class=\"col-md-9\">\n<div class=\"row\">\n<p><!-- contents --><\/p>\n<div class=\"col-sm-12\">\n<div class=\"sab-contents-outer\">\n<div class=\"col-md-8\">\n<div class=\"sab-contents-box basic-text\">\n<p><!--1--><\/p>\n<h3>Pour ceux qui viennent au Japon avec un visa de courte dur\u00e9e et ceux titulaires d&rsquo;un visa vacances travail<\/h3>\n<p><strong>\u30fbDisponible \u00e0 partir d&rsquo;une semaine<\/strong><br \/>\n<strong>\u30fbDiff\u00e9rents cours pour diff\u00e9rentes situations<\/strong><br \/>\n<strong>\u30fbPossibilit\u00e9 de changer votre visa pour un visa \u00e9tudiant.<\/strong><\/p>\n<div class=\"red-text\">*Nous acceptons avec int\u00e9r\u00eat les demandes d&rsquo;\u00e9coles, d&rsquo;agences de voyage, de groupes, etc.<\/div>\n<div class=\"sab-contents-box-space-60\"><\/div>\n<p>Nous proposons des cours dans diverses mati\u00e8res, de types vari\u00e9s, avec diff\u00e9rentes dur\u00e9es, de mani\u00e8re \u00e0 r\u00e9pondre \u00e0 des besoins multiples, des int\u00e9r\u00eats divers et diff\u00e9rentes dur\u00e9es de s\u00e9jour.<br \/>\nC&rsquo;est une exp\u00e9rience unique pour ceux avec des visas de courte dur\u00e9e (visas touristiques) de pouvoir apprendre le japonais tout en ayant la possibilit\u00e9 de partir visiter Tokyo pendant son temps libre. C&rsquo;est aussi une exp\u00e9rience enrichissante pour ceux avec un visa vacances travail de pouvoir apprendre le japonais de mani\u00e8re intensive pendant un an, ou m\u00eame \u00e9ventuellement pour une p\u00e9riode plus courte, pendant un, trois ou six mois.<br \/>\nEn plus de cela, nous proposons des cours avec divers contenus, \u201cle japonais dans la vie quotidienne\u201d, \u201ccours de japonais pour les affaires\u201d, \u201ccours priv\u00e9s\u201d, etc. Alors ne manquez cette occasion de commencer \u00e0 apprendre le japonais. Nous avons h\u00e2te de vous rencontrer dans notre \u00e9cole.<\/p>\n<p>Il est aussi possible de changer le statut de votre visa en visa d&rsquo;\u00e9tudiant \u00e0 partir d&rsquo;un visa de courte dur\u00e9e, visa vacances travail, etc. Il y a des crit\u00e8res \u00e0 prendre en compte, mais si vous souhaitez le faire, veuillez nous contacter.<\/p>\n<\/div>\n<\/div>\n<p><!--1st right--><\/p>\n<div class=\"col-md-4\">\n<div class=\"sab-contents-box basic-text\">\n<div class=\"img-responsive sab-contents-right-box center-text\"><img src=\"https:\/\/jtis.tokyo\/en\/wp-content\/themes\/jtis\/images\/course\/course-working.png\" alt=\"\" \/><\/div>\n<\/div>\n<\/div>\n<\/div>\n<div class=\"sab-contents-outer\">\n<div class=\"col-md-12\">\n<div class=\"sab-contents-box basic-text\">\n<h3>Frais de scolarit\u00e9<\/h3>\n<p>15000 Yen par semaine. (*Tout inclus)<\/p>\n<div class=\"sab-contents-box-space-60\"><\/div>\n<h3>Classes d&rsquo;\u00e9tude<\/h3>\n<p>Divers cours \u00e0 des fins diverses. Le niveau de classe attribu\u00e9 est d\u00e9termin\u00e9 par le r\u00e9sultat d&rsquo;un test de niveau.<br \/>\nLes horaires des classes sont vari\u00e9s, cours du matin (AM), de l&rsquo;apr\u00e8s-midi (PM) et cours du soir.<br \/>\n3 heures par jour, cinq jours par semaine (sauf vacances publiques).<\/p>\n<div class=\"sab-contents-box-space-60\"><\/div>\n<h3>Accommodations<\/h3>\n<p><strong>Dortoirs de l&rsquo;\u00e9cole<\/strong><br \/>\n36000 Yen par mois par personne.<br \/>\nEnviron 20 minutes de l&rsquo;\u00e9cole en train.<br \/>\nChaque chambre a 20,63 m\u00e8tres carr\u00e9s et est partag\u00e9e par trois personnes.<br \/>\nConnexion Internet, gaz, \u00e9lectricit\u00e9 et eau sont inclus.<br \/>\nSi vous voulez, nous pouvons aussi vous pr\u00e9senter les autres dortoirs pr\u00e8s de l&rsquo;\u00e9cole.<\/p>\n<div class=\"sab-contents-box-space-60\"><\/div>\n<h3>Activit\u00e9s parascolaires (facultatives)<\/h3>\n<p>La Japon Tokyo International School organise des activit\u00e9s parascolaires pour ses \u00e9tudiants afin de pouvoir sortir et de pratiquer leurs connaissances acquises en japonais.<br \/>\nLes \u00e9tudiants peuvent \u00e9galement participer \u00e0 diverses activit\u00e9s organis\u00e9es par la Japon de Tokyo International School.<br \/>\nSi vous souhaitez visiter d&rsquo;autres sites touristiques au Japon, nous pouvons vous sugg\u00e9rer et vous expliquer les d\u00e9tails.<\/p>\n<\/div>\n<\/div>\n<\/div>\n<div class=\"sab-contents-box-space-60\"><\/div>\n<\/div>\n<p><!-- contents END --><\/p>\n<\/div>\n<\/div>\n<p><!--END 9--><br \/>\n<!--side 3--><\/p>\n<div class=\"col-md-3 hidden-xs\">\n<div id=\"side-container\">\n<div id=\"side-2\">\n<div id=\"side-header-basic\">\n<h4 class=\"center-text\">Pour nous contacter<\/h4>\n<\/div>\n<div class=\"side-inner-2\">HoshinoBuilding8-11-10,<br \/>\nNishiShinjuku,Shinjuku,Tokyo,<br \/>\nJapan,160-0023<br \/>\nTEL\uff1a+81-3-3363-2171<br \/>\nFAX\uff1a+81-3-3363-2175<br \/>\nE-MAIL\uff1a<a href=\"mailto:info@jtis.tokyo\">info@jtis.tokyo<\/a><\/p>\n<div class=\"download-side\"><a href=\"https:\/\/jtis.tokyo\/fr\/contact\"><img src=\"https:\/\/jtis.tokyo\/wp-content\/themes\/jtis-fr\/images\/contact-s.png\" alt=\"\" \/><\/a><br \/>\n<a href=\"https:\/\/jtis.tokyo\/fr\/downloads\"><img src=\"https:\/\/jtis.tokyo\/wp-content\/themes\/jtis-fr\/images\/download-s.png\" alt=\"\" \/><\/a><\/div>\n<\/div>\n<div id=\"side-footer\"><\/div>\n<\/div>\n<div id=\"side\">\n<div class=\"side-inner\">\n<h4 class=\"center-text\"><i class=\"glyphicon glyphicon-list\"><\/i>\u00a0M\u00eame cat\u00e9gorie que<\/h4>\n<ul>\n<li><a href=\"https:\/\/jtis.tokyo\/fr\/courses\/long\">Pour ceux qui veulent apprendre le japonais avec un visa \u00e9tudiant<\/a><\/li>\n<li><a href=\"https:\/\/jtis.tokyo\/fr\/courses\/short\">Pour ceux qui viennent au Japon avec un visa de courte dur\u00e9e<\/a><\/li>\n<li><a href=\"https:\/\/jtis.tokyo\/fr\/courses\/japan\">Pour ceux qui vivent au Japon<\/a><\/li>\n<li><a href=\"https:\/\/jtis.tokyo\/fr\/courses\/business\">Pour ceux qui veulent apprendre le japonais pour les affaires<\/a><\/li>\n<\/ul>\n<\/div>\n<\/div>\n<\/div>\n<\/div>\n<\/div>\n<\/div>\n","protected":false},"excerpt":{"rendered":"<p>Pour ceux qui viennent au Japon avec un visa de courte dur\u00e9e et ceux titulaires d&rsquo;un visa vacances travail \u30fbDisponible \u00e0 partir d&rsquo;une semaine \u30fbDiff\u00e9rents cours pour diff\u00e9rentes situations \u30fbPossibilit\u00e9 de changer votre visa pour un visa \u00e9tudiant. *Nous acceptons avec int\u00e9r\u00eat les demandes d&rsquo;\u00e9coles, d&rsquo;agences de voyage, de groupes, etc. Nous proposons des cours [&hellip;]<\/p>\n","protected":false},"author":1,"featured_media":1286,"parent":121,"menu_order":2,"comment_status":"closed","ping_status":"closed","template":"main.php","meta":[],"_links":{"self":[{"href":"https:\/\/jtis.tokyo\/fr\/wp-json\/wp\/v2\/pages\/146"}],"collection":[{"href":"https:\/\/jtis.tokyo\/fr\/wp-json\/wp\/v2\/pages"}],"about":[{"href":"https:\/\/jtis.tokyo\/fr\/wp-json\/wp\/v2\/types\/page"}],"author":[{"embeddable":true,"href":"https:\/\/jtis.tokyo\/fr\/wp-json\/wp\/v2\/users\/1"}],"replies":[{"embeddable":true,"href":"https:\/\/jtis.tokyo\/fr\/wp-json\/wp\/v2\/comments?post=146"}],"version-history":[{"count":18,"href":"https:\/\/jtis.tokyo\/fr\/wp-json\/wp\/v2\/pages\/146\/revisions"}],"predecessor-version":[{"id":1691,"href":"https:\/\/jtis.tokyo\/fr\/wp-json\/wp\/v2\/pages\/146\/revisions\/1691"}],"up":[{"embeddable":true,"href":"https:\/\/jtis.tokyo\/fr\/wp-json\/wp\/v2\/pages\/121"}],"wp:featuredmedia":[{"embeddable":true,"href":"https:\/\/jtis.tokyo\/fr\/wp-json\/wp\/v2\/media\/1286"}],"wp:attachment":[{"href":"https:\/\/jtis.tokyo\/fr\/wp-json\/wp\/v2\/media?parent=146"}],"curies":[{"name":"wp","href":"https:\/\/api.w.org\/{rel}","templated":true}]}}