{"id":128,"date":"2015-01-19T10:46:28","date_gmt":"2015-01-19T10:46:28","guid":{"rendered":"http:\/\/localhost\/wordpress\/?page_id=128"},"modified":"2021-05-28T14:14:51","modified_gmt":"2021-05-28T05:14:51","slug":"long","status":"publish","type":"page","link":"https:\/\/jtis.tokyo\/fr\/courses\/long\/","title":{"rendered":"Pour ceux qui veulent apprendre le japonais avec un visa \u00e9tudiant"},"content":{"rendered":"<div class=\"container\">\n<div class=\"row\">\n<div class=\"col-md-9\">\n<div class=\"row\">\n<p><!-- contents --><\/p>\n<div class=\"col-sm-12\">\n<div class=\"sab-contents-outer\">\n<div class=\"col-md-8\">\n<div class=\"sab-contents-box basic-text\">\n<p><!--1--><\/p>\n<h3>Japonais D\u00e9taill\u00e9<\/h3>\n<p><strong>\u30fbVisant \u00e0 atteindre le niveau 1 du JLPT<\/strong><br \/>\n<strong>\u30fbPropose la possibilit\u00e9 de choisir des cours optionnels apr\u00e8s le niveau interm\u00e9diaire selon vos besoins<\/strong><br \/>\n<strong>\u30fbLe japonais comme un outil de communication, non pas comme un savoir<\/strong><br \/>\n<strong>\u30fbAide \u00e0 la demande d&rsquo;un visa \u00e9tudiant<\/strong><\/p>\n<div class=\"sab-contents-box-space-60\"><\/div>\n<p>Dans ce cours, vous apprendrez le japonais \u00e9tape par \u00e9tape, \u00e0 partir du niveau d\u00e9butant jusqu&rsquo;au niveau interm\u00e9diaire, et vous aurez aussi la possibilit\u00e9 d&rsquo;apprendre le japonais au travers de cours optionnels de votre choix \u00e0 partir du niveau avanc\u00e9 en fonction de vos objectifs et de vos besoins. Ce cours est id\u00e9al parce qu&rsquo;il vous permettra d&rsquo;acqu\u00e9rir des comp\u00e9tences en japonais de mani\u00e8re s\u00fbre et r\u00e9guli\u00e8re, selon vos propres besoins, \u00e0 partir du niveau basique jusqu&rsquo;au niveau avanc\u00e9, mais il sera aussi utile si vous souhaitez poursuivre un enseignement sup\u00e9rieur, si vous voulez travailler au Japon, obtenir un emploi li\u00e9 \u00e0 la langue japonaise, mettre en place des comp\u00e9tence de communication en japonais, etc.<\/p>\n<\/div>\n<\/div>\n<p><!--1st right--><\/p>\n<div class=\"col-md-4\">\n<div class=\"sab-contents-box basic-text\">\n<div class=\"img-responsive sab-contents-right-box center-text\"><img src=\"https:\/\/jtis.tokyo\/fr\/wp-content\/themes\/jtis\/images\/course\/course-visa.png\" alt=\"\" \/><\/div>\n<\/div>\n<\/div>\n<\/div>\n<div class=\"sab-contents-outer\">\n<div class=\"col-md-12\">\n<div class=\"sab-contents-box basic-text\">\n<h3>Inscription et dur\u00e9e des cours<\/h3>\n<p><strong>Pour ceux qui veulent apprendre le japonais avec un visa \u00e9tudiant<\/strong><br \/>\n\u00bb Inscription en avril, juillet, octobre et janvier.<br \/>\nDur\u00e9e des cours : un an, un an et trois mois, un an et six mois, un an et neuf mois et deux ans<\/p>\n<p><strong>Pour ceux avec d&rsquo;autres visas que le visa \u00e9tudiant.<\/strong><br \/>\n\u00bb Vous pouvez vous inscrire quand vous le d\u00e9sirez.<\/p>\n<\/div>\n<\/div>\n<\/div>\n<div class=\"sab-contents-outer\">\n<div class=\"col-md-12\">\n<div class=\"sab-contents-box basic-text\">\n<h3>Niveaux<\/h3>\n<p>Les cours sont \u00e9chelonn\u00e9s en neuf niveaux. D\u00e9butants 1, 2, 3, Interm\u00e9diaire 1, 2, 3, Avanc\u00e9 1, 2, et hyper-avanc\u00e9<\/p>\n<\/div>\n<\/div>\n<\/div>\n<div class=\"sab-contents-outer\">\n<div class=\"col-md-12\">\n<div class=\"sab-contents-box basic-text\">\n<h3>Horaires<\/h3>\n<p>\u30fbDe 9h00 \u00e0 12h15 (cours du matin)<br \/>\n\u30fbDe 13h30 \u00e0 16h45 (cours de l&rsquo;apr\u00e8s-midi)<br \/>\nDeux le\u00e7ons de 90 minutes par jour.<br \/>\nNous proposons des cours suppl\u00e9mentaires en fonction du niveau des \u00e9tudiants et de leur vitesse de progression.<\/p>\n<\/div>\n<\/div>\n<\/div>\n<div class=\"sab-contents-outer\">\n<div class=\"col-md-12\">\n<div class=\"sab-contents-box basic-text\">\n<h3>Documents requis : paiement : formulaires d&rsquo;inscription<\/h3>\n<p>Pour ceux qui veulent apprendre le japonais avec un visa \u00e9tudiant<br \/>\n\u00bb Nous vous invitons \u00e0 lire les formulaires d&rsquo;inscription.<br \/>\nSi vous avez des questions, n&rsquo;h\u00e9sitez pas \u00e0 nous demander.<\/p>\n<p>Pour ceux avec d&rsquo;autres visas que le visa \u00e9tudiant.<br \/>\n\u00bb Si vous avez des questions, n&rsquo;h\u00e9sitez pas \u00e0 nous demander.<\/p>\n<\/div>\n<\/div>\n<\/div>\n<div class=\"sab-contents-outer\">\n<div class=\"col-md-12\">\n<div class=\"sab-contents-box basic-text\">\n<h3>Exemple de programme d&rsquo;\u00e9tudes<\/h3>\n<h4>Niveau d\u00e9butant<\/h4>\n<div class=\"col-md-12 content-mid-blue-box blue-text\"><strong>Objectif<\/strong><br \/>\nAcqu\u00e9rir des comp\u00e9tences de communication n\u00e9cessaires dans la vie quotidienne et la capacit\u00e9 de pouvoir construire des phrases suivant les situations.<\/div>\n<p>Nous proposons aux \u00e9l\u00e8ves des le\u00e7ons se concentrant sur les aspects familiers de la vie quotidienne au Japon, nous proposons aussi des t\u00e2ches pratiques pour chaque le\u00e7on qui permettent aux \u00e9tudiants d&rsquo;appliquer les mod\u00e8les de phrases apprises dans des situations de tous les jours, ce qui les aide par la m\u00eame occasion \u00e0 acqu\u00e9rir des bases solides. Donc nous nous concentrons sur un \u201cjaponais pratique\u201d qui n&rsquo;est pas limit\u00e9 \u00e0 ce qui peut \u00eatre appris par les livres.<br \/>\n<!--table1--><\/p>\n<div class=\"table-responsive\">\n<table class=\"table table-bordered table-condensed course-table-1-base\">\n<tbody>\n<tr>\n<td><\/td>\n<td>Emploi du temps<\/td>\n<td>Lundi<\/td>\n<td>Mardi<\/td>\n<td>Mercredi<\/td>\n<td>Jeudi<\/td>\n<td>Vendredi<\/td>\n<\/tr>\n<tr class=\"course-table-1-light\">\n<td>1<\/td>\n<td>9:00-9:45<\/td>\n<td>Prononciation \/ Vocabulaire<\/td>\n<td>Prononciation \/ Vocabulaire<\/td>\n<td>Prononciation \/ Vocabulaire<\/td>\n<td>Prononciation \/ Vocabulaire<\/td>\n<td>Prononciation \/ Vocabulaire<\/td>\n<\/tr>\n<tr class=\"course-table-1-dark\">\n<td>2<\/td>\n<td>9:45-10:30<\/td>\n<td>Ecoute \/ Lecture<\/td>\n<td>Japonais d\u00e9taill\u00e9<\/td>\n<td>Japonais d\u00e9taill\u00e9<\/td>\n<td>Japonais d\u00e9taill\u00e9<\/td>\n<td>Test d&rsquo;aptitudes<\/td>\n<\/tr>\n<tr class=\"course-table-1-light\">\n<td>3<\/td>\n<td>10:45-11:30<\/td>\n<td>Japonais d\u00e9taill\u00e9<\/td>\n<td>Japonais d\u00e9taill\u00e9<\/td>\n<td>Japonais d\u00e9taill\u00e9<\/td>\n<td>Conversation\/ Ecriture<\/td>\n<td rowspan=\"2\">Conversation \/ Ecriture<\/td>\n<\/tr>\n<tr>\n<td class=\"course-table-1-dark\">4<\/td>\n<td class=\"course-table-1-dark\">11:30-12:15<\/td>\n<td class=\"course-table-1-dark\">Exercices pratique<\/td>\n<td class=\"course-table-1-dark\">Exercices pratique<\/td>\n<td class=\"course-table-1-dark\">Exercices pratique<\/td>\n<td class=\"course-table-1-dark\">Exercices pratique<\/td>\n<\/tr>\n<\/tbody>\n<\/table>\n<\/div>\n<div class=\"sab-contents-box-space-60\"><\/div>\n<h4>Niveau interm\u00e9diaire<\/h4>\n<div class=\"col-md-12 content-mid-blue-box  blue-text\"><strong>Objectif<\/strong><br \/>\nEcouter l&rsquo;opinion des autres et l&rsquo;accepter, tout en pr\u00e9cisant aussi votre propre opinion convenablement.<\/div>\n<p>Dans ce niveau, nous proposons des le\u00e7ons sur des sujets vari\u00e9s, pour lesquels nous nous concentrons sur les comp\u00e9tences en \u201c\u00e9criture\u201d, \u201clecture\u201d, et \u201cconversation\u201d. Vous accumulerez des bases en japonais qui vous permettrons de pouvoir parler et de discuter en japonais ainsi que d&rsquo;apprendre des mots nouveaux avec des Japonais (par exemple dans une salle de classe dans un \u00e9tablissement sup\u00e9rieur).<br \/>\n<!--table2--><\/p>\n<div class=\"table-responsive\">\n<table class=\"table table-bordered table-condensed table-margin course-table-1-base\">\n<tbody>\n<tr>\n<td><\/td>\n<td>Emploi du temps<\/td>\n<td>Lundi<\/td>\n<td>Mardi<\/td>\n<td>Mercredi<\/td>\n<td>Jeudi<\/td>\n<td>Vendredi<\/td>\n<\/tr>\n<tr class=\"course-table-1-light\">\n<td>1<\/td>\n<td>9:00-9:45<\/td>\n<td>Prononciation \/ Vocabulaire<\/td>\n<td>Prononciation \/ Vocabulaire<\/td>\n<td>Prononciation \/ Vocabulaire<\/td>\n<td>Prononciation \/ Vocabulaire<\/td>\n<td>Prononciation \/ Vocabulaire<\/td>\n<\/tr>\n<tr class=\"course-table-1-dark\">\n<td>2<\/td>\n<td>9:45-10:30<\/td>\n<td>Ecriture<\/td>\n<td>Ecoute \/ Dict\u00e9e<\/td>\n<td>Ecoute \/ Dict\u00e9e<\/td>\n<td>Japonais d\u00e9taill\u00e9<\/td>\n<td>Test d&rsquo;aptitudes<\/td>\n<\/tr>\n<tr class=\"course-table-1-light\">\n<td>3<\/td>\n<td>10:45-11:30<\/td>\n<td rowspan=\"2\">Conversation<\/td>\n<td rowspan=\"2\">Japonais d\u00e9taill\u00e9<\/td>\n<td rowspan=\"2\">Japonais d\u00e9taill\u00e9<\/td>\n<td rowspan=\"2\">Japonais d\u00e9taill\u00e9<\/td>\n<td rowspan=\"2\">Japonais d\u00e9taill\u00e9<\/td>\n<\/tr>\n<tr>\n<td class=\"course-table-1-dark\">4<\/td>\n<td class=\"course-table-1-dark\">11:30-12:15<\/td>\n<\/tr>\n<\/tbody>\n<\/table>\n<\/div>\n<div class=\"sab-contents-box-space-60\"><\/div>\n<h4>Niveau avanc\u00e9<\/h4>\n<div class=\"col-md-12 content-mid-blue-box blue-text\"><strong>Objectif<\/strong><br \/>\nPouvoir \u00eatre en mesure de comprendre et de communiquer sur des questions sociales d&rsquo;un point de vue objectif, \u00e9tendant votre int\u00e9r\u00eat non seulement au langage japonais mais aussi \u00e0 la soci\u00e9t\u00e9 japonaise, et \u00eatre ainsi capable de formuler votre propre opinion de mani\u00e8re logique et de pouvoir l&rsquo;\u00e9noncer.<\/div>\n<p>Dans ce niveau, vous accumulerez les bases d&rsquo;un apprentissage autonome qui vous permettra de pouvoir rechercher des informations sur un th\u00e8me, l&rsquo;examiner, puis l&rsquo;amener \u00e0 une conclusion pour ensuite \u00eatre en mesure de le pr\u00e9senter. Nous proposons aussi des cours optionnels sur diff\u00e9rents sujets que les \u00e9tudiants pourront choisir pour r\u00e9pondre \u00e0 leur attentes apr\u00e8s avoir \u00e9t\u00e9 dipl\u00f4m\u00e9s de notre \u00e9cole.<br \/>\n<!--table3--><\/p>\n<div class=\"table-responsive\">\n<table class=\"table table-bordered table-condensed course-table-1-base\">\n<tbody>\n<tr>\n<td><\/td>\n<td>Emploi du temps<\/td>\n<td>Lundi<\/td>\n<td>Mardi<\/td>\n<td>Mercredi<\/td>\n<td>Jeudi<\/td>\n<td>Vendredi<\/td>\n<\/tr>\n<tr class=\"course-table-1-light\">\n<td>1<\/td>\n<td>9:00-9:45<\/td>\n<td rowspan=\"2\">Japonais d\u00e9taill\u00e9<\/td>\n<td rowspan=\"2\">Japonais d\u00e9taill\u00e9<\/td>\n<td rowspan=\"2\">Japonais d\u00e9taill\u00e9<\/td>\n<td rowspan=\"2\">Japonais d\u00e9taill\u00e9<\/td>\n<td>Test d&rsquo;aptitudes<\/td>\n<\/tr>\n<tr class=\"course-table-1-dark\">\n<td>2<\/td>\n<td>9:45-10:30<\/td>\n<td rowspan=\"3\">\nConversation<\/td>\n<\/tr>\n<tr class=\"course-table-1-light\">\n<td>3<\/td>\n<td>10:45-11:30<\/td>\n<td rowspan=\"2\">Ecoute \/ Dict\u00e9e<\/td>\n<td rowspan=\"2\">Listening\/ Dictation<\/td>\n<td rowspan=\"2\">Lecture<\/td>\n<td rowspan=\"2\">Ecriture<\/td>\n<\/tr>\n<tr>\n<td class=\"course-table-1-dark\">4<\/td>\n<td class=\"course-table-1-dark\">11:30-12:15<\/td>\n<\/tr>\n<\/tbody>\n<\/table>\n<\/div>\n<\/div>\n<\/div>\n<\/div>\n<\/div>\n<p><!-- contents END --><\/p>\n<\/div>\n<\/div>\n<p><!--END 9--><\/p>\n<p><!--side 3--><\/p>\n<div class=\"col-md-3 hidden-xs\">\n<div id=\"side-container\">\n<div id=\"side-2\">\n<div id=\"side-header-basic\">\n<h4 class=\"center-text\">Pour nous contacter<\/h4>\n<\/div>\n<div class=\"side-inner-2\">HoshinoBuilding8-11-10,<br \/>\nNishiShinjuku,Shinjuku,Tokyo,<br \/>\nJapan,160-0023<br \/>\nTEL\uff1a+81-3-3363-2171<br \/>\nFAX\uff1a+81-3-3363-2175<br \/>\nE-MAIL\uff1a<a href=\"mailto:info@jtis.tokyo\">info@jtis.tokyo<\/a><\/p>\n<div class=\"download-side\"><a href=\"https:\/\/jtis.tokyo\/fr\/contact\"><img src=\"https:\/\/jtis.tokyo\/wp-content\/themes\/jtis-fr\/images\/contact-s.png\" alt=\"\" \/><\/a><br \/>\n<a href=\"https:\/\/jtis.tokyo\/fr\/downloads\"><img src=\"https:\/\/jtis.tokyo\/wp-content\/themes\/jtis-fr\/images\/download-s.png\" alt=\"\" \/><\/a><\/div>\n<\/div>\n<div id=\"side-footer\"><\/div>\n<\/div>\n<div id=\"side\">\n<div class=\"side-inner\">\n<h4 class=\"center-text\"><i class=\"glyphicon glyphicon-list\"><\/i>\u00a0M\u00eame cat\u00e9gorie que<\/h4>\n<ul>\n<li><a href=\"https:\/\/jtis.tokyo\/fr\/courses\/long\">Pour ceux qui veulent apprendre le japonais avec un visa \u00e9tudiant<\/a><\/li>\n<li><a href=\"https:\/\/jtis.tokyo\/fr\/courses\/short\">Pour ceux qui viennent au Japon avec un visa de courte dur\u00e9e<\/a><\/li>\n<li><a href=\"https:\/\/jtis.tokyo\/fr\/courses\/japan\">Pour ceux qui vivent au Japon<\/a><\/li>\n<li><a href=\"https:\/\/jtis.tokyo\/fr\/courses\/business\">Pour ceux qui veulent apprendre le japonais pour les affaires<\/a><\/li>\n<\/ul>\n<\/div>\n<\/div>\n<\/div>\n<\/div>\n<\/div>\n<\/div>\n","protected":false},"excerpt":{"rendered":"<p>Japonais D\u00e9taill\u00e9 \u30fbVisant \u00e0 atteindre le niveau 1 du JLPT \u30fbPropose la possibilit\u00e9 de choisir des cours optionnels apr\u00e8s le niveau interm\u00e9diaire selon vos besoins \u30fbLe japonais comme un outil de communication, non pas comme un savoir \u30fbAide \u00e0 la demande d&rsquo;un visa \u00e9tudiant Dans ce cours, vous apprendrez le japonais \u00e9tape par \u00e9tape, \u00e0 [&hellip;]<\/p>\n","protected":false},"author":1,"featured_media":1286,"parent":121,"menu_order":1,"comment_status":"closed","ping_status":"closed","template":"main.php","meta":[],"_links":{"self":[{"href":"https:\/\/jtis.tokyo\/fr\/wp-json\/wp\/v2\/pages\/128"}],"collection":[{"href":"https:\/\/jtis.tokyo\/fr\/wp-json\/wp\/v2\/pages"}],"about":[{"href":"https:\/\/jtis.tokyo\/fr\/wp-json\/wp\/v2\/types\/page"}],"author":[{"embeddable":true,"href":"https:\/\/jtis.tokyo\/fr\/wp-json\/wp\/v2\/users\/1"}],"replies":[{"embeddable":true,"href":"https:\/\/jtis.tokyo\/fr\/wp-json\/wp\/v2\/comments?post=128"}],"version-history":[{"count":19,"href":"https:\/\/jtis.tokyo\/fr\/wp-json\/wp\/v2\/pages\/128\/revisions"}],"predecessor-version":[{"id":1690,"href":"https:\/\/jtis.tokyo\/fr\/wp-json\/wp\/v2\/pages\/128\/revisions\/1690"}],"up":[{"embeddable":true,"href":"https:\/\/jtis.tokyo\/fr\/wp-json\/wp\/v2\/pages\/121"}],"wp:featuredmedia":[{"embeddable":true,"href":"https:\/\/jtis.tokyo\/fr\/wp-json\/wp\/v2\/media\/1286"}],"wp:attachment":[{"href":"https:\/\/jtis.tokyo\/fr\/wp-json\/wp\/v2\/media?parent=128"}],"curies":[{"name":"wp","href":"https:\/\/api.w.org\/{rel}","templated":true}]}}