{"id":121,"date":"2015-01-19T06:04:45","date_gmt":"2015-01-19T06:04:45","guid":{"rendered":"http:\/\/localhost\/wordpress\/?page_id=121"},"modified":"2015-09-24T18:18:56","modified_gmt":"2015-09-24T09:18:56","slug":"courses","status":"publish","type":"page","link":"https:\/\/jtis.tokyo\/fr\/courses\/","title":{"rendered":"Cours"},"content":{"rendered":"<p><!--\/*\u3053\u3053\u304b\u3089*\/--><br \/>\n<!--\/*\u4e0a\u6bb5*\/--><\/p>\n<div id=\"content\">\n<div class=\"container\">\n<div class=\"row\">\n<div class=\"col-sm-6 course-first\">\n<div class=\"course1-box basic-text\">\n<h3><img src=\"https:\/\/jtis.tokyo\/fr\/wp-content\/themes\/jtis-fr\/images\/course\/course1.png\" alt=\"\" \/><\/h3>\n<div class=\"course-first-base\" style=\"word-break: normal; text-align: justify;\">Nous sommes agr\u00e9\u00e9s par l&rsquo;\u201dAssociation pour la promotion de l&rsquo;Enseignement de la Langue Japonaise\u201d et agr\u00e9\u00e9s en tant qu&rsquo;\u00e9cole appropri\u00e9e par le Bureau de l&rsquo;Immigration, ce qui nous permet de pouvoir vous aider \u00e0 demander un visa \u00e9tudiant. La dur\u00e9e des cours est de : une ann\u00e9e et trois mois, une ann\u00e9e et six mois, une ann\u00e9e et neuf mois, et deux ans, pour r\u00e9pondre \u00e0 la demande des candidats. Vous apprendrez le japonais progressivement \u00e0 partir des bases.<br \/>\n<a href=\"https:\/\/jtis.tokyo\/fr\/courses\/long\/\">&gt;&gt; Plus d&rsquo;information<\/a><\/div>\n<\/div>\n<\/div>\n<div class=\"col-sm-6 course-first\">\n<div class=\"course2-box basic-text\">\n<h3><img src=\"https:\/\/jtis.tokyo\/fr\/wp-content\/themes\/jtis-fr\/images\/course\/course2.png\" alt=\"\" \/><\/h3>\n<div class=\"course-first-base\" style=\"word-break: normal; text-align: justify;\">Nous proposons des cours et le\u00e7ons pour ceux qui viennent au Japon avec un visa de courte dur\u00e9e, un visa vacances travail et des visas autres que le visa \u00e9tudiant. Vous pouvez nous rejoindre \u00e0 tout moment, et la dur\u00e9e des cours est d&rsquo;une semaine \u00e0 deux ans (tant que votre visa est encore en p\u00e9riode de validit\u00e9), de cette fa\u00e7on vous trouverez ais\u00e9ment le cours qui vous conviendra le mieux.<br \/>\n<a href=\"https:\/\/jtis.tokyo\/fr\/courses\/short\/\">&gt;&gt; Plus d&rsquo;information<\/a><\/div>\n<\/div>\n<\/div>\n<\/div>\n<\/div>\n<\/div>\n<div id=\"content container row\">\n<div class=\"col-md-12\">\n<div class=\"course-mid-gray-box\">\n<h3>Pour ceux qui veulent poursuivre un enseignement sup\u00e9rieur<\/h3>\n<div class=\"course-mid-gray-text\">Nous proposons des cours en option pour ceux qui veulent entrer en universit\u00e9, en grandes \u00e9coles et en cycles sup\u00e9rieurs.<\/p>\n<div class=\"basic-text-s\"><a href=\"https:\/\/jtis.tokyo\/fr\/achievements\/option\/\">&gt;&gt; Cliquez ici pour plus d&rsquo;information.<\/a><\/div>\n<\/div>\n<\/div>\n<\/div>\n<\/div>\n<div class=\"col-sm-6 course-first course-box-inner\">\n<div class=\"course4-box basic-text\">\n<h3><img src=\"https:\/\/jtis.tokyo\/fr\/wp-content\/themes\/jtis-fr\/images\/course\/course3.png\" alt=\"\" \/><\/h3>\n<div class=\"course-first-base\">Nous proposons aussi des cours pour ceux qui vivent au Japon.<br \/>\nPour ces cours, l&rsquo;objectif principal est d&rsquo;\u00eatre capable de communiquer en japonais avec les Japonais dans la vie quotidienne.<br \/>\nNous proposons des cours intensifs avec lesquels vous apprendrez le japonais tous les jours et d&rsquo;autres o\u00f9 vous l&rsquo;apprendrez deux ou trois fois par semaine.<br \/>\n<a href=\"https:\/\/jtis.tokyo\/fr\/courses\/japan\/\">&gt;&gt; Plus d&rsquo;information<\/a><\/div>\n<\/div>\n<\/div>\n<div class=\"col-sm-6 course-first course-box-inner\">\n<div class=\"course3-box basic-text\">\n<h3><img src=\"https:\/\/jtis.tokyo\/fr\/wp-content\/themes\/jtis-fr\/images\/course\/course4.png\" alt=\"\" \/><\/h3>\n<div class=\"course-first-base\">Ce cours est destin\u00e9 \u00e0 ceux qui travaillent d\u00e9j\u00e0 au Japon et \u00e0 ceux qui veulent y aller pour travailler. Ce cours sera concentr\u00e9 sur l&rsquo;aspect li\u00e9 aux affaires.<br \/>\n<a href=\"https:\/\/jtis.tokyo\/fr\/courses\/business\/\">&gt;&gt; Plus d&rsquo;information<\/a><\/div>\n<\/div>\n<\/div>\n","protected":false},"excerpt":{"rendered":"<p>Nous sommes agr\u00e9\u00e9s par l&rsquo;\u201dAssociation pour la promotion de l&rsquo;Enseignement de la Langue Japonaise\u201d et agr\u00e9\u00e9s en tant qu&rsquo;\u00e9cole appropri\u00e9e par le Bureau de l&rsquo;Immigration, ce qui nous permet de pouvoir vous aider \u00e0 demander un visa \u00e9tudiant. La dur\u00e9e des cours est de : une ann\u00e9e et trois mois, une ann\u00e9e et six mois, [&hellip;]<\/p>\n","protected":false},"author":1,"featured_media":1286,"parent":0,"menu_order":1,"comment_status":"open","ping_status":"open","template":"main.php","meta":[],"_links":{"self":[{"href":"https:\/\/jtis.tokyo\/fr\/wp-json\/wp\/v2\/pages\/121"}],"collection":[{"href":"https:\/\/jtis.tokyo\/fr\/wp-json\/wp\/v2\/pages"}],"about":[{"href":"https:\/\/jtis.tokyo\/fr\/wp-json\/wp\/v2\/types\/page"}],"author":[{"embeddable":true,"href":"https:\/\/jtis.tokyo\/fr\/wp-json\/wp\/v2\/users\/1"}],"replies":[{"embeddable":true,"href":"https:\/\/jtis.tokyo\/fr\/wp-json\/wp\/v2\/comments?post=121"}],"version-history":[{"count":16,"href":"https:\/\/jtis.tokyo\/fr\/wp-json\/wp\/v2\/pages\/121\/revisions"}],"predecessor-version":[{"id":1448,"href":"https:\/\/jtis.tokyo\/fr\/wp-json\/wp\/v2\/pages\/121\/revisions\/1448"}],"wp:featuredmedia":[{"embeddable":true,"href":"https:\/\/jtis.tokyo\/fr\/wp-json\/wp\/v2\/media\/1286"}],"wp:attachment":[{"href":"https:\/\/jtis.tokyo\/fr\/wp-json\/wp\/v2\/media?parent=121"}],"curies":[{"name":"wp","href":"https:\/\/api.w.org\/{rel}","templated":true}]}}