{"id":1189,"date":"2015-02-09T04:28:36","date_gmt":"2015-02-08T19:28:36","guid":{"rendered":"http:\/\/www.iwb.co.jp\/demo\/?page_id=1189"},"modified":"2021-05-28T14:18:00","modified_gmt":"2021-05-28T05:18:00","slug":"school","status":"publish","type":"page","link":"https:\/\/jtis.tokyo\/fr\/about\/school\/","title":{"rendered":"A l&rsquo;\u00e9cole"},"content":{"rendered":"<div class=\"container\">\n<div class=\"row\">\n<div class=\"col-md-9\">\n<div class=\"row\">\n<p><!-- contents --><\/p>\n<div class=\"col-sm-12\">\n<p><!--section1--><\/p>\n<div class=\"sab-contents-outer\">\n<div class=\"col-md-6 img-responsive\">\n<div class=\"center-text school\"><img src=\"https:\/\/jtis.tokyo\/en\/wp-content\/themes\/jtis\/images\/about\/school\/jtis-1.jpg\" \/><br \/>\nentr\u00e9e<\/div>\n<div class=\"center-text school\"><img src=\"https:\/\/jtis.tokyo\/en\/wp-content\/themes\/jtis\/images\/about\/school\/jtis-3.jpg\" \/><br \/>\nsalle de classe\u00a01<\/div>\n<div class=\"center-text school\"><img src=\"https:\/\/jtis.tokyo\/en\/wp-content\/themes\/jtis\/images\/about\/school\/jtis-5.jpg\" \/><br \/>\nPassage<\/div>\n<\/div>\n<div class=\"col-md-6 img-responsive\">\n<div class=\"center-text school\"><img src=\"https:\/\/jtis.tokyo\/en\/wp-content\/themes\/jtis\/images\/about\/school\/jtis-2.jpg\" \/><br \/>\nsalle pour \u00e9tudier<\/div>\n<div class=\"center-text school\"><img src=\"https:\/\/jtis.tokyo\/en\/wp-content\/themes\/jtis\/images\/about\/school\/jtis-4.jpg\" \/><br \/>\nsalle de classe\u00a02<\/div>\n<div class=\"center-text school\"><img src=\"https:\/\/jtis.tokyo\/en\/wp-content\/themes\/jtis\/images\/about\/school\/jtis-6.jpg\" \/><br \/>\nsalle de pause<\/div>\n<\/div>\n<\/div>\n<\/div>\n<p><!-- contents END --><\/p>\n<\/div>\n<\/div>\n<p><!--END 9--><\/p>\n<p><!--side 3--><\/p>\n<div class=\"col-md-3 hidden-xs\">\n<div id=\"side-container\">\n<div id=\"side-2\">\n<div id=\"side-header-basic\">\n<h4 class=\"center-text\">Pour nous contacter<\/h4>\n<\/div>\n<div class=\"side-inner-2\">HoshinoBuilding8-11-10,<br \/>\nNishiShinjuku,Shinjuku,Tokyo,<br \/>\nJapan,160-0023<br \/>\nTEL\uff1a+81-3-3363-2171<br \/>\nFAX\uff1a+81-3-3363-2175<br \/>\nE-MAIL\uff1a<a href=\"mailto:info@jtis.tokyo\">info@jtis.tokyo<\/a><\/p>\n<div class=\"download-side\"><a href=\"https:\/\/jtis.tokyo\/fr\/contact\"><img src=\"https:\/\/jtis.tokyo\/wp-content\/themes\/jtis-fr\/images\/contact-s.png\" alt=\"\" \/><\/a><br \/>\n<a href=\"https:\/\/jtis.tokyo\/fr\/downloads\"><img src=\"https:\/\/jtis.tokyo\/wp-content\/themes\/jtis-fr\/images\/download-s.png\" alt=\"\" \/><\/a><\/div>\n<\/div>\n<div id=\"side-footer\"><\/div>\n<\/div>\n<div id=\"side\">\n<div class=\"side-inner\">\n<h4 class=\"center-text\"><i class=\"glyphicon glyphicon-list\"><\/i>\u00a0M\u00eame cat\u00e9gorie que<\/h4>\n<ul>\n<li><a href=\"https:\/\/jtis.tokyo\/fr\/about\/greeting\/\">Un mot du Directeur<\/a><\/li>\n<li><a href=\"https:\/\/jtis.tokyo\/fr\/about\/policy\/\">Nos r\u00e8gles<\/a><\/li>\n<li><a href=\"https:\/\/jtis.tokyo\/fr\/about\/edu\/\">Notre politique d\u2019enseignement<\/a><\/li>\n<li><a href=\"https:\/\/jtis.tokyo\/fr\/about\/support\/\">Soutien<\/a><\/li>\n<li><a href=\"https:\/\/jtis.tokyo\/fr\/about\/teachers\/\">Professeurs<\/a><\/li>\n<li><a href=\"https:\/\/jtis.tokyo\/fr\/about\/school\/\">A l\u2019\u00e9cole<\/a><\/li>\n<\/ul>\n<\/div>\n<\/div>\n<\/div>\n<\/div>\n<\/div>\n<\/div>\n","protected":false},"excerpt":{"rendered":"<p>entr\u00e9e salle de classe\u00a01 Passage salle pour \u00e9tudier salle de classe\u00a02 salle de pause Pour nous contacter HoshinoBuilding8-11-10, NishiShinjuku,Shinjuku,Tokyo, Japan,160-0023 TEL\uff1a+81-3-3363-2171 FAX\uff1a+81-3-3363-2175 E-MAIL\uff1ainfo@jtis.tokyo \u00a0M\u00eame cat\u00e9gorie que Un mot du Directeur Nos r\u00e8gles Notre politique d\u2019enseignement Soutien Professeurs A l\u2019\u00e9cole<\/p>\n","protected":false},"author":1,"featured_media":1287,"parent":185,"menu_order":6,"comment_status":"open","ping_status":"closed","template":"main.php","meta":[],"_links":{"self":[{"href":"https:\/\/jtis.tokyo\/fr\/wp-json\/wp\/v2\/pages\/1189"}],"collection":[{"href":"https:\/\/jtis.tokyo\/fr\/wp-json\/wp\/v2\/pages"}],"about":[{"href":"https:\/\/jtis.tokyo\/fr\/wp-json\/wp\/v2\/types\/page"}],"author":[{"embeddable":true,"href":"https:\/\/jtis.tokyo\/fr\/wp-json\/wp\/v2\/users\/1"}],"replies":[{"embeddable":true,"href":"https:\/\/jtis.tokyo\/fr\/wp-json\/wp\/v2\/comments?post=1189"}],"version-history":[{"count":10,"href":"https:\/\/jtis.tokyo\/fr\/wp-json\/wp\/v2\/pages\/1189\/revisions"}],"predecessor-version":[{"id":1698,"href":"https:\/\/jtis.tokyo\/fr\/wp-json\/wp\/v2\/pages\/1189\/revisions\/1698"}],"up":[{"embeddable":true,"href":"https:\/\/jtis.tokyo\/fr\/wp-json\/wp\/v2\/pages\/185"}],"wp:featuredmedia":[{"embeddable":true,"href":"https:\/\/jtis.tokyo\/fr\/wp-json\/wp\/v2\/media\/1287"}],"wp:attachment":[{"href":"https:\/\/jtis.tokyo\/fr\/wp-json\/wp\/v2\/media?parent=1189"}],"curies":[{"name":"wp","href":"https:\/\/api.w.org\/{rel}","templated":true}]}}